{"id":976,"date":"2013-09-01T12:51:00","date_gmt":"2013-09-01T10:51:00","guid":{"rendered":"http:\/\/aleksandrow.bimbambino.pl\/?page_id=976"},"modified":"2018-02-22T13:57:48","modified_gmt":"2018-02-22T11:57:48","slug":"informacje-zywieniowe","status":"publish","type":"page","link":"http:\/\/aleksandrow.bimbambino.pl\/?page_id=976","title":{"rendered":"Informacje \u017cywieniowe"},"content":{"rendered":"  <!-- Easing Slider -->\n    <div class=\"lof-container\" style=\"height:225px;padding-right:0px;padding-top:0px;padding-left:0px;padding-bottom:0px;\">\n      <div class=\"lof-slidecontent\" id=\"lofslidecontent45\" style=\"border:3px solid #ccc;width:800px;height:225px;\">\n        <div class=\"preload\" style=\"background:url(http:\/\/aleksandrow.bimbambino.pl\/wp-content\/plugins\/easing-slider\/images\/indicator.gif) no-repeat center center #fff;\">\n\n        <\/div>\n            <div class=\"lof-main-outer\" style=\"background: #fff;width:800px;height:225px;\">\n                <ul class=\"lof-main-wapper\">\n              \t\t<li><img src=\"http:\/\/aleksandrow.bimbambino.pl\/wp-content\/themes\/Linedy2\/images\/slider\/sl1.jpg\" style=\"width:800px;\" alt=\"\" \/><\/li>\t\t<li><img src=\"http:\/\/aleksandrow.bimbambino.pl\/wp-content\/themes\/Linedy2\/images\/slider\/sl2.jpg\" style=\"width:800px;\" alt=\"\" \/><\/li>\t\t<li><img src=\"http:\/\/aleksandrow.bimbambino.pl\/wp-content\/themes\/Linedy2\/images\/slider\/sl3.jpg\" style=\"width:800px;\" alt=\"\" \/><\/li><\/ul><\/div>                <div class=\"lof-navigator-wapper\" style=\"bottom:-35px;left: 0;padding:5px 5px;\">\n                  <div class=\"lof-navigator-outer\">\n                    <ul class=\"lof-navigator\">\n                      <li><span>.<\/span><\/li><li><span>.<\/span><\/li><li><span>.<\/span><\/li>             <\/ul>\n                <\/div>\n              <\/div>\n              \n            <\/div>\n          <\/div><img src=\"http:\/\/aleksandrow.bimbambino.pl\/wp-content\/plugins\/easing-slider\/images\/shadow_arc.png\" style=\"width:800px; padding-left:0px;padding-bottom:0px;padding-top:6px;margin-left:3px;\" alt=\"\" \/><!-- End of Easing Slider -->\n<h2>Informacje \u017cywieniowe<\/h2>\n<p style=\"text-align: justify;\"><span style=\"color: #c0c0c0;\">_______________________________________________________________________________________________________________________<\/span><\/p>\n<p>&nbsp;<\/p>\n<h4 style=\"text-align: center;\"><strong>\u201eHit Szefowej Kuchni\u201d i jeszcze zdrowsze menu. Kuchenna rewolucja w naszym przedszkolu!<\/strong><\/h4>\n<p>Drodzy Pa\u0144stwo!<\/p>\n<p>Wraz z nowym rokiem szkolnym rozpoczynamy kuchenn\u0105 rewolucj\u0119 w Bim-Bam-Bino. Chcemy, aby nasze dzieci jad\u0142y jeszcze bardziej zdrowe i pe\u0142nowarto\u015bciowe posi\u0142ki, a przy tym smaczne i kolorowe. Ka\u017cdy miesi\u0105c b\u0119dzie przynosi\u0142\u00a0 nowe rozwi\u0105zania, ulepszaj\u0105ce proponowany jad\u0142ospis, kt\u00f3ry to zmienia\u0107 si\u0119 b\u0119dzie sezonowo. Zadbamy o to, by obfitowa\u0142 w produkty i potrawy charakterystyczne dla danej pory roku.<\/p>\n<p>Rok szkolny rozpoczniemy od jad\u0142ospisu jesiennego, w kt\u00f3rym pojawi\u0105 si\u0119: jab\u0142ka, gruszki, \u015bliwki, arbuzy, kalafiory, kalarepa, pomidory, og\u00f3rki, sa\u0142ata, papryka oraz inne warzywa i owoce, kt\u00f3re w \u015bwie\u017cej formie mo\u017cna zakupi\u0107 o tej porze roku.<\/p>\n<p>Postanowili\u015bmy gruntownie zmieni\u0107 r\u00f3wnie\u017c og\u00f3lne zasady przygotowywania posi\u0142k\u00f3w.<\/p>\n<p>Oto szczeg\u00f3\u0142y:<\/p>\n<ol start=\"1\">\n<li>Wyeliminowali\u015bmy przyprawy typu: fix, maggi, kucharek, vegeta czy kostki roso\u0142owe \u00a0na rzecz zi\u00f3\u0142 i przypraw naturalnych.<\/li>\n<li>M\u0105k\u0119 pszenn\u0105 b\u0119dziemy zast\u0119powa\u0107 m\u0105k\u0105 pe\u0142noziarnist\u0105, razow\u0105 lub kukurydzian\u0105.<\/li>\n<li>Nasze potrawy b\u0119dziemy zag\u0119szcza\u0107 miksowanymi warzywami i jogurtem, a zakwasza\u0107 jedynie cytryn\u0105 lub octami owocowymi.<\/li>\n<li>Znacznie ograniczymy potrawy sma\u017cone na rzecz pieczonych i duszonych.<\/li>\n<li>Ograniczymy kruche ciasteczka i cukierki na rzecz batonik\u00f3w wieloziarnistych, wafli, i suszonych owoc\u00f3w.<\/li>\n<li>Cz\u0119\u015bciej b\u0119dziemy serwowa\u0107 naszym dzieciom \u201eprzegryzki\u201d w formie surowych warzyw i owoc\u00f3w.<\/li>\n<li>Wprowadzili\u015bmy do jad\u0142ospisu makarony razowe, r\u00f3\u017cnego rodzaju kasze, soje i soczewic\u0119.<\/li>\n<li>B\u0119dziemy samodzielnie wypieka\u0107 pasztety mi\u0119sne i warzywne, suflety i dro\u017cd\u017c\u00f3wki.<\/li>\n<li>W przedszkolnej kuchni gotowa\u0107 b\u0119dziemy te\u017c kompoty i przygotowywa\u0107 r\u00f3\u017cnego rodzaju pasty \u015bniadaniowe<\/li>\n<li>Kupowane do tej pory paluszki rybne zast\u0105pimy przygotowywanymi w przedszkolu paluszkami ze \u015bwie\u017cej ryby.<\/li>\n<li>Mielonk\u0119 zast\u0119powa\u0107 b\u0119dziemy szynkami drobiowymi, za\u015b zwyk\u0142e par\u00f3wki ust\u0105pi\u0105 miejsca par\u00f3wkom przygotowywanym z szynki i bez konserwant\u00f3w.<\/li>\n<li>W poniedzia\u0142ki dzieci poznawa\u0107 b\u0119d\u0105 smaki potraw wegetaria\u0144skich. We wtorki, z pomoc\u0105 nauczycieli, same przygotuj\u0105 \u015bniadanie.\u00a0 W pi\u0105tki kr\u00f3lowa\u0107 b\u0119d\u0105 ryby, pierogi i inne potrawy bezmi\u0119sne.<\/li>\n<li>Proponowa\u0107 b\u0119dziemy dzieciom, kolorowe zupy, pasty i ziemniaki.<\/li>\n<li>Raz w miesi\u0105cu przedszkolaki smakowa\u0107 b\u0119d\u0105 now\u0105, nieznan\u0105 im dot\u0105d potraw\u0119, zwan\u0105 ,,Hitem Szefowej Kuchni\u201d. Do jej degustacji dzieci zaprasza\u0107 b\u0119d\u0105 swoich rodzic\u00f3w. Potrawy te zaznaczymy w jad\u0142ospisie kolorem czerwonym.<\/li>\n<li>Zapraszamy r\u00f3wnie\u017c Pa\u0144stwa do przesy\u0142ania swoich propozycji do przedszkolnego jad\u0142ospisu.<\/li>\n<li>Ka\u017cdy z rodzic\u00f3w, za po\u015brednictwem strony internetowej, mo\u017ce zapyta\u0107 Szefow\u0105 Kuchni o ulubion\u0105 potraw\u0119 swojego dziecka.<\/li>\n<\/ol>\n<p>Zmiany w przedszkolnym jad\u0142ospisie zasugerowali nam specjali\u015bci &#8211; dietetycy, zajmuj\u0105cy si\u0119 \u017cywieniem dzieci. Prawid\u0142owa dieta naszych ma\u0142ych podopiecznych jest bowiem jednym z istotnych element\u00f3w umo\u017cliwiaj\u0105cych im optymalny wzrost, rozw\u00f3j i zdrowie. Wprowadzaj\u0105c kulinarne nowo\u015bci my\u015bleli\u015bmy o tym, by wszystkie potrawy by\u0142y nie tylko po\u017cywne i pe\u0142ne witamin, ale i smaczne!<\/p>\n","protected":false},"excerpt":{"rendered":"<p>Informacje \u017cywieniowe _______________________________________________________________________________________________________________________ &nbsp; \u201eHit Szefowej Kuchni\u201d i jeszcze zdrowsze menu. Kuchenna rewolucja w naszym przedszkolu! Drodzy Pa\u0144stwo! Wraz z nowym rokiem szkolnym rozpoczynamy kuchenn\u0105 rewolucj\u0119 w Bim-Bam-Bino. Chcemy, aby nasze dzieci jad\u0142y jeszcze bardziej zdrowe i pe\u0142nowarto\u015bciowe posi\u0142ki, a przy tym smaczne i kolorowe. Ka\u017cdy miesi\u0105c b\u0119dzie przynosi\u0142\u00a0 nowe rozwi\u0105zania, ulepszaj\u0105ce proponowany jad\u0142ospis, kt\u00f3ry<\/p>\n","protected":false},"author":2,"featured_media":0,"parent":0,"menu_order":0,"comment_status":"closed","ping_status":"closed","template":"","meta":[],"_links":{"self":[{"href":"http:\/\/aleksandrow.bimbambino.pl\/index.php?rest_route=\/wp\/v2\/pages\/976"}],"collection":[{"href":"http:\/\/aleksandrow.bimbambino.pl\/index.php?rest_route=\/wp\/v2\/pages"}],"about":[{"href":"http:\/\/aleksandrow.bimbambino.pl\/index.php?rest_route=\/wp\/v2\/types\/page"}],"author":[{"embeddable":true,"href":"http:\/\/aleksandrow.bimbambino.pl\/index.php?rest_route=\/wp\/v2\/users\/2"}],"replies":[{"embeddable":true,"href":"http:\/\/aleksandrow.bimbambino.pl\/index.php?rest_route=%2Fwp%2Fv2%2Fcomments&post=976"}],"version-history":[{"count":15,"href":"http:\/\/aleksandrow.bimbambino.pl\/index.php?rest_route=\/wp\/v2\/pages\/976\/revisions"}],"predecessor-version":[{"id":3312,"href":"http:\/\/aleksandrow.bimbambino.pl\/index.php?rest_route=\/wp\/v2\/pages\/976\/revisions\/3312"}],"wp:attachment":[{"href":"http:\/\/aleksandrow.bimbambino.pl\/index.php?rest_route=%2Fwp%2Fv2%2Fmedia&parent=976"}],"curies":[{"name":"wp","href":"https:\/\/api.w.org\/{rel}","templated":true}]}}