{"id":871,"date":"2013-05-09T10:34:54","date_gmt":"2013-05-09T08:34:54","guid":{"rendered":"http:\/\/aleksandrow.bimbambino.pl\/?page_id=871"},"modified":"2013-05-09T10:34:54","modified_gmt":"2013-05-09T08:34:54","slug":"konkurs-tecza-na-zyczenie","status":"publish","type":"page","link":"http:\/\/aleksandrow.bimbambino.pl\/?page_id=871","title":{"rendered":"Konkurs &#8222;T\u0119cza na \u017cyczenie&#8221;"},"content":{"rendered":"<p>  <!-- Easing Slider -->\n    <div class=\"lof-container\" style=\"height:225px;padding-right:0px;padding-top:0px;padding-left:0px;padding-bottom:0px;\">\n      <div class=\"lof-slidecontent\" id=\"lofslidecontent45\" style=\"border:3px solid #ccc;width:800px;height:225px;\">\n        <div class=\"preload\" style=\"background:url(http:\/\/aleksandrow.bimbambino.pl\/wp-content\/plugins\/easing-slider\/images\/indicator.gif) no-repeat center center #fff;\">\n\n        <\/div>\n            <div class=\"lof-main-outer\" style=\"background: #fff;width:800px;height:225px;\">\n                <ul class=\"lof-main-wapper\">\n              \t\t<li><img src=\"http:\/\/aleksandrow.bimbambino.pl\/wp-content\/themes\/Linedy2\/images\/slider\/sl1.jpg\" style=\"width:800px;\" alt=\"\" \/><\/li>\t\t<li><img src=\"http:\/\/aleksandrow.bimbambino.pl\/wp-content\/themes\/Linedy2\/images\/slider\/sl2.jpg\" style=\"width:800px;\" alt=\"\" \/><\/li>\t\t<li><img src=\"http:\/\/aleksandrow.bimbambino.pl\/wp-content\/themes\/Linedy2\/images\/slider\/sl3.jpg\" style=\"width:800px;\" alt=\"\" \/><\/li><\/ul><\/div>                <div class=\"lof-navigator-wapper\" style=\"bottom:-35px;left: 0;padding:5px 5px;\">\n                  <div class=\"lof-navigator-outer\">\n                    <ul class=\"lof-navigator\">\n                      <li><span>.<\/span><\/li><li><span>.<\/span><\/li><li><span>.<\/span><\/li>             <\/ul>\n                <\/div>\n              <\/div>\n              \n            <\/div>\n          <\/div><img src=\"http:\/\/aleksandrow.bimbambino.pl\/wp-content\/plugins\/easing-slider\/images\/shadow_arc.png\" style=\"width:800px; padding-left:0px;padding-bottom:0px;padding-top:6px;margin-left:3px;\" alt=\"\" \/><!-- End of Easing Slider --><br \/>\n<BR><\/p>\n<h3><strong>Wyniki konkursu \u201eT\u0119cza na \u017cyczenie\u201d<\/strong><\/h3>\n<p><span style=\"color: #c0c0c0;\">_____________________________________________________________________________<\/span><br \/>\n&nbsp;<\/p>\n<p>Przedszkole Niepubliczne \u201eBim Bam Bino\u201d w Toruniu ma zaszczyt og\u0142osi\u0107 wyniki og\u00f3lnopolskiego konkursu plastycznego Pt. \u201eT\u0119cza na \u017cyczenie\u201d. W konkursie wzi\u0119\u0142o udzia\u0142 169 prac w tym 100 prac dzieci 3-4  letnich oraz 69 prac dzieci 5-6 letnich. Komisja powo\u0142ana przez organizator\u00f3w konkursu wy\u0142oni\u0142a zdobywc\u00f3w trzech pierwszych miejsc oraz osoby wyr\u00f3\u017cnione w dw\u00f3ch kategoriach:<\/p>\n<p>&nbsp;<\/p>\n<p>Dzieci 3-4 letnie:<\/p>\n<p>Wyr\u00f3\u017cnienie:<\/p>\n<p><strong>Wiktoria Fiszer, 4 lata, <\/strong>Drzewieni\u00f3w, Nauczyciel Iwona Dziedzic<\/p>\n<p><strong> Roksana Rodzi\u0144ska, 4 lata, <\/strong>Przedszkole Samorz\u0105dowe w Rajbrocie, nauczyciel Ma\u0142gorzata Piech<\/p>\n<p><strong>Lena Daiksler, 4 lata, <\/strong>Miejskie przedszkole nr 24 \u201eWeso\u0142a \u017byrafa\u201d, Zielona G\u00f3ra, nauczyciel: Agnieszka Stodolska- Miasojed<\/p>\n<p>III miejsce:<\/p>\n<p><strong>Julia Kosydar, 4 lata,<\/strong> Przedszkole Miejskie nr ( im. \u201eBa\u015bniowej Krainy\u201d w Mielcu, nauczyciel Edyta Pi\u0105tek, Maria Papaj<\/p>\n<p><strong> Julia Gurgul, 4 lata,<\/strong> Przedszkole Publiczne nr 22 w Radomiu, nauczyciel Aneta Niemierska-Cheda, Agnieszka Gromek<\/p>\n<p>II miejsce<\/p>\n<p><strong>Sabina Ney, 3 lata,<\/strong>Przedszkole nr 409 \u201eKr\u00f3lestwo Maciusia I\u201d w Warszawie, nauczyciel: El\u017cbieta Bicza<\/p>\n<p><strong>Lena Szostak, 3 lata<\/strong>, Miejskie Przedszkole z oddzia\u0142ami integracyjnymi nr 3 w P\u0142ocku, nauczyciel Barbara Gierek<\/p>\n<p>I miejsce<\/p>\n<p><strong>Weronika Bartna, 3 lata, <\/strong>Przedszkole Samorz\u0105dowe w Chorzelowie, nauczyciel Maria Gacek<strong> <\/strong><\/p>\n<p>&nbsp;<\/p>\n<p>Dzieci 5-6 latnie:<\/p>\n<p>Wyr\u00f3\u017cnienie:<\/p>\n<p><strong>Karolina Ryniewicz, 5 lat<\/strong>, Przedszkole Samorz\u0105dowe w Chorzelowie, nauczyciel: Wies\u0142awa Pa\u0144sko<\/p>\n<p>III miejsce:<\/p>\n<p><strong> Wiktoria Mase\u0142ko, 5 lat, <\/strong>Przedszkole Miejskie nr 10 w Chelmie, nauczyciel Jolanta Jaroszy\u0144ska<\/p>\n<p><strong>Patrycka Chartuniewicz, 5 lat, <\/strong>Spo\u0142eczne Przedszkole \u201eAkademia Przedszkolaka\u201d w \u015awidnicy, nauczyciel Agnieszka Marek<\/p>\n<p>II miejsce<\/p>\n<p><strong>Martyna Kosmala, 5 lat,<\/strong> Przedszkole Publiczne w Po\u0142czynie, nauczyciel Jolanta Bajer- Barczykowska, Justyna Cha\u0142ubiec<\/p>\n<p><strong> Paulia Party\u0144ska, 5 lat<\/strong>, Oddzia\u0142y Przedszkolne w Publicznej Szkole Podstawowej nr 21 w Wa\u0142brzychu, nauczyciel Halina Kraje\u0144ska<\/p>\n<p>I miejsce<\/p>\n<p><strong>Maja Mazurek, 5 lat<\/strong>, Przedszkole Miejskie nr 10 w Chelmie, nauczyciel Jolanta Jaroszy\u0144ska<\/p>\n<p><strong>Zuzanna Romaniszyn 5,5 lat<\/strong>, Prywatne Przedszkole \u201eT\u0119czowa Kraina\u201d w Krakowie, nauczyciel Monika Kulewicz, Maria Rybak<\/p>\n<p>&nbsp;<\/p>\n<p>Gratulujemy!<\/p>\n<p>Nagrody i dyplomy zostan\u0105 wys\u0142ane poczt\u0105.<\/p>\n","protected":false},"excerpt":{"rendered":"<p>Wyniki konkursu \u201eT\u0119cza na \u017cyczenie\u201d _____________________________________________________________________________ &nbsp; Przedszkole Niepubliczne \u201eBim Bam Bino\u201d w Toruniu ma zaszczyt og\u0142osi\u0107 wyniki og\u00f3lnopolskiego konkursu plastycznego Pt. \u201eT\u0119cza na \u017cyczenie\u201d. W konkursie wzi\u0119\u0142o udzia\u0142 169 prac w tym 100 prac dzieci 3-4 letnich oraz 69 prac dzieci 5-6 letnich. Komisja powo\u0142ana przez organizator\u00f3w konkursu wy\u0142oni\u0142a zdobywc\u00f3w trzech pierwszych miejsc oraz<\/p>\n","protected":false},"author":2,"featured_media":0,"parent":0,"menu_order":0,"comment_status":"closed","ping_status":"closed","template":"","meta":[],"_links":{"self":[{"href":"http:\/\/aleksandrow.bimbambino.pl\/index.php?rest_route=\/wp\/v2\/pages\/871"}],"collection":[{"href":"http:\/\/aleksandrow.bimbambino.pl\/index.php?rest_route=\/wp\/v2\/pages"}],"about":[{"href":"http:\/\/aleksandrow.bimbambino.pl\/index.php?rest_route=\/wp\/v2\/types\/page"}],"author":[{"embeddable":true,"href":"http:\/\/aleksandrow.bimbambino.pl\/index.php?rest_route=\/wp\/v2\/users\/2"}],"replies":[{"embeddable":true,"href":"http:\/\/aleksandrow.bimbambino.pl\/index.php?rest_route=%2Fwp%2Fv2%2Fcomments&post=871"}],"version-history":[{"count":1,"href":"http:\/\/aleksandrow.bimbambino.pl\/index.php?rest_route=\/wp\/v2\/pages\/871\/revisions"}],"predecessor-version":[{"id":872,"href":"http:\/\/aleksandrow.bimbambino.pl\/index.php?rest_route=\/wp\/v2\/pages\/871\/revisions\/872"}],"wp:attachment":[{"href":"http:\/\/aleksandrow.bimbambino.pl\/index.php?rest_route=%2Fwp%2Fv2%2Fmedia&parent=871"}],"curies":[{"name":"wp","href":"https:\/\/api.w.org\/{rel}","templated":true}]}}