{"id":867,"date":"2013-05-09T10:32:56","date_gmt":"2013-05-09T08:32:56","guid":{"rendered":"http:\/\/aleksandrow.bimbambino.pl\/?page_id=867"},"modified":"2013-05-09T10:34:10","modified_gmt":"2013-05-09T08:34:10","slug":"konkurs-kolorowa-wierszykarnia","status":"publish","type":"page","link":"http:\/\/aleksandrow.bimbambino.pl\/?page_id=867","title":{"rendered":"Konkurs &#8222;Kolorowa wierszykarnia&#8221;"},"content":{"rendered":"<p>  <!-- Easing Slider -->\n    <div class=\"lof-container\" style=\"height:225px;padding-right:0px;padding-top:0px;padding-left:0px;padding-bottom:0px;\">\n      <div class=\"lof-slidecontent\" id=\"lofslidecontent45\" style=\"border:3px solid #ccc;width:800px;height:225px;\">\n        <div class=\"preload\" style=\"background:url(http:\/\/aleksandrow.bimbambino.pl\/wp-content\/plugins\/easing-slider\/images\/indicator.gif) no-repeat center center #fff;\">\n\n        <\/div>\n            <div class=\"lof-main-outer\" style=\"background: #fff;width:800px;height:225px;\">\n                <ul class=\"lof-main-wapper\">\n              \t\t<li><img src=\"http:\/\/aleksandrow.bimbambino.pl\/wp-content\/themes\/Linedy2\/images\/slider\/sl1.jpg\" style=\"width:800px;\" alt=\"\" \/><\/li>\t\t<li><img src=\"http:\/\/aleksandrow.bimbambino.pl\/wp-content\/themes\/Linedy2\/images\/slider\/sl2.jpg\" style=\"width:800px;\" alt=\"\" \/><\/li>\t\t<li><img src=\"http:\/\/aleksandrow.bimbambino.pl\/wp-content\/themes\/Linedy2\/images\/slider\/sl3.jpg\" style=\"width:800px;\" alt=\"\" \/><\/li><\/ul><\/div>                <div class=\"lof-navigator-wapper\" style=\"bottom:-35px;left: 0;padding:5px 5px;\">\n                  <div class=\"lof-navigator-outer\">\n                    <ul class=\"lof-navigator\">\n                      <li><span>.<\/span><\/li><li><span>.<\/span><\/li><li><span>.<\/span><\/li>             <\/ul>\n                <\/div>\n              <\/div>\n              \n            <\/div>\n          <\/div><img src=\"http:\/\/aleksandrow.bimbambino.pl\/wp-content\/plugins\/easing-slider\/images\/shadow_arc.png\" style=\"width:800px; padding-left:0px;padding-bottom:0px;padding-top:6px;margin-left:3px;\" alt=\"\" \/><!-- End of Easing Slider --><br \/>\n<BR><\/p>\n<h3><strong>Wyniki konkursu \u201eKolorowa wierszykarnia\u201d<\/strong><\/h3>\n<p><span style=\"color: #c0c0c0;\">_____________________________________________________________________________<\/span><br \/>\n&nbsp;<br \/>\nNa konkurs  zorganizowany przez Przedszkole Bim-Bam-Bino pt. &#8222;Kolorowa wierszykarnia&#8221; zainspirowanego tw\u00f3rczo\u015bci\u0105 Danuty Wawi\u0142ow nades\u0142ano 162 prace z przedszkoli z Torunia i okolic. Niezale\u017cne jury wybra\u0142o 19 najciekawszych prac, zosta\u0142y one zaprezentowano na wystawie w Centrum Sztuki Wsp\u00f3\u0142czesnej w Toruniu, kt\u00f3re obj\u0119\u0142o patronat nad wystaw\u0105. Wystaw\u0119 ogl\u0105da\u0107 mo\u017cna by\u0142o od 8 do 15 kwietnia w CSW.<\/p>\n<p>Jury w sk\u0142adzie: pani Iga Maciejewska z Galerii i O\u015brodka Plastycznej Tw\u00f3rczo\u015bci Dziecka w Toruniu oraz pani El\u017cbieta Kopacz z Centrum Sztuki Wsp\u00f3\u0142czesnej w Toruniu og\u0142osi\u0142o wyniki:<\/p>\n<ul>\n<li>I miejsce &#8211; Aleksandra Skupniewicz &#8211; Przedszkole Bim-Bam-Bino Aleksandr\u00f3w Kujawski 3-4 latki<\/li>\n<li>I miejsce &#8211; Zuzanna Pietrykowska &#8211; Przedszkole Bim-Bam-Bino  Aleksandr\u00f3w Kujawski 5-7 latki<\/li>\n<li>II miejsce &#8211; Karol Dr\u0105czkowski &#8211; Przedszkole Skrzat 3-4 latki<\/li>\n<li>II miejsce &#8211; Szymon Ciarkowski &#8211; Przedszkole Bim-Bam-Bino Aleksandr\u00f3w Kujawski 3-4 latki<\/li>\n<li>II miejsce &#8211; Franek Sztoltman &#8211; Przedszkole Bim-Bam-Bino Aleksandr\u00f3w Kujawski  5-7 latki<\/li>\n<li>III miejsce &#8211; Iwo Grabek &#8211; Przedszkole Bim-Bam-Bino Toru\u0144 3-4 latki<\/li>\n<li>III miejsce &#8211; Aleksandra Chwia\u0142kowska &#8211; Przedszkole Bim-Bam-Bino Toru\u0144 5-7 latki<\/li>\n<li>III miejsce &#8211; Sandra Paw\u0142owska &#8211; Przedszkole Miejskie nr 8 Toru\u0144<\/li>\n<li>III miejsce &#8211; Tymek Mi\u0142kowski &#8211; Przedszkole Bim-Bam-Bino Toru\u0144<\/li>\n<\/ul>\n<p>Wyr\u00f3\u017cnienia:<\/p>\n<p>Adam Stanowski -Przedszkole Bim-Bam-Bino<\/p>\n<p>Mateusz R\u00f3\u017ca\u0144ski &#8211; Przedszkole Miejskie nr 14 Toru\u0144<\/p>\n<p>Adam Napora &#8211; Przedszkole Bim-Bam-Bino Aleksandr\u00f3w Kujawski<\/p>\n<p>Marta Drzewiecka &#8211; Przedszkole Miejskie nr 17 Toru\u0144<\/p>\n<p>Maja Zdrojewska  &#8211; Przedszkole Bim-Bam-Bino Aleksandr\u00f3w Kujawski<\/p>\n<p>Piotr \u017by\u0142kowski &#8211; Przedszkole Bim-Bam-Bino Tupad\u0142y<\/p>\n\n<div class=\"ngg-galleryoverview\" id=\"ngg-gallery-343-867\">\n\n\n\t\n\t<!-- Thumbnails -->\n\t\t\n\t<div id=\"ngg-image-6411\" class=\"ngg-gallery-thumbnail-box\"  >\n\t\t<div class=\"ngg-gallery-thumbnail\" >\n\t\t\t<a href=\"http:\/\/aleksandrow.bimbambino.pl\/wp-content\/gallery\/20130429_csw\/adam napra aleks.wyroznienie CSW.jpg\" title=\"Adam Napora \" class=\"shutterset_set_343\" >\n\t\t\t\t\t\t\t\t<img title=\"adam napra aleks.wyroznienie CSW\" alt=\"adam napra aleks.wyroznienie CSW\" src=\"http:\/\/aleksandrow.bimbambino.pl\/wp-content\/gallery\/20130429_csw\/thumbs\/thumbs_adam napra aleks.wyroznienie CSW.jpg\" width=\"185\" height=\"120\" \/>\n\t\t\t\t\t\t\t<\/a>\n\n\t\t\t<span>Adam Napora <\/span>\n0 Likes\n\t\t<\/div>\n\t<\/div>\n\t\t \t\t\n\t<div id=\"ngg-image-6412\" class=\"ngg-gallery-thumbnail-box\"  >\n\t\t<div class=\"ngg-gallery-thumbnail\" >\n\t\t\t<a href=\"http:\/\/aleksandrow.bimbambino.pl\/wp-content\/gallery\/20130429_csw\/adam stanowski CSW.jpg\" title=\"Adam Stanowski\" class=\"shutterset_set_343\" >\n\t\t\t\t\t\t\t\t<img title=\"adam stanowski CSW\" alt=\"adam stanowski CSW\" src=\"http:\/\/aleksandrow.bimbambino.pl\/wp-content\/gallery\/20130429_csw\/thumbs\/thumbs_adam stanowski CSW.jpg\" width=\"185\" height=\"120\" \/>\n\t\t\t\t\t\t\t<\/a>\n\n\t\t\t<span>Adam Stanowski<\/span>\n0 Likes\n\t\t<\/div>\n\t<\/div>\n\t\t \t\t\n\t<div id=\"ngg-image-6413\" class=\"ngg-gallery-thumbnail-box\"  >\n\t\t<div class=\"ngg-gallery-thumbnail\" >\n\t\t\t<a href=\"http:\/\/aleksandrow.bimbambino.pl\/wp-content\/gallery\/20130429_csw\/aleksandra chwialkowska CSW.jpg\" title=\"Aleksandra Chwia\u0142kowska \" class=\"shutterset_set_343\" >\n\t\t\t\t\t\t\t\t<img title=\"aleksandra chwialkowska CSW\" alt=\"aleksandra chwialkowska CSW\" src=\"http:\/\/aleksandrow.bimbambino.pl\/wp-content\/gallery\/20130429_csw\/thumbs\/thumbs_aleksandra chwialkowska CSW.jpg\" width=\"185\" height=\"120\" \/>\n\t\t\t\t\t\t\t<\/a>\n\n\t\t\t<span>Aleksandra Chwia\u0142kowska <\/span>\n0 Likes\n\t\t<\/div>\n\t<\/div>\n\t\t \t\t\n\t<div id=\"ngg-image-6414\" class=\"ngg-gallery-thumbnail-box\"  >\n\t\t<div class=\"ngg-gallery-thumbnail\" >\n\t\t\t<a href=\"http:\/\/aleksandrow.bimbambino.pl\/wp-content\/gallery\/20130429_csw\/aleksandra skupniewicz Im CSW.jpg\" title=\"Aleksandra Skupniewicz \" class=\"shutterset_set_343\" >\n\t\t\t\t\t\t\t\t<img title=\"aleksandra skupniewicz Im CSW\" alt=\"aleksandra skupniewicz Im CSW\" src=\"http:\/\/aleksandrow.bimbambino.pl\/wp-content\/gallery\/20130429_csw\/thumbs\/thumbs_aleksandra skupniewicz Im CSW.jpg\" width=\"185\" height=\"120\" \/>\n\t\t\t\t\t\t\t<\/a>\n\n\t\t\t<span>Aleksandra Skupniewicz <\/span>\n0 Likes\n\t\t<\/div>\n\t<\/div>\n\t\t \t\t\n\t<div id=\"ngg-image-6415\" class=\"ngg-gallery-thumbnail-box\"  >\n\t\t<div class=\"ngg-gallery-thumbnail\" >\n\t\t\t<a href=\"http:\/\/aleksandrow.bimbambino.pl\/wp-content\/gallery\/20130429_csw\/franek sztoltman IIm.jpg\" title=\"Franek Sztoltman \" class=\"shutterset_set_343\" >\n\t\t\t\t\t\t\t\t<img title=\"franek sztoltman IIm\" alt=\"franek sztoltman IIm\" src=\"http:\/\/aleksandrow.bimbambino.pl\/wp-content\/gallery\/20130429_csw\/thumbs\/thumbs_franek sztoltman IIm.jpg\" width=\"185\" height=\"120\" \/>\n\t\t\t\t\t\t\t<\/a>\n\n\t\t\t<span>Franek Sztoltman <\/span>\n0 Likes\n\t\t<\/div>\n\t<\/div>\n\t\t \t\t\n\t<div id=\"ngg-image-6416\" class=\"ngg-gallery-thumbnail-box\"  >\n\t\t<div class=\"ngg-gallery-thumbnail\" >\n\t\t\t<a href=\"http:\/\/aleksandrow.bimbambino.pl\/wp-content\/gallery\/20130429_csw\/iwo grabek IIIm CSW.jpg\" title=\"Iwo Grabek \" class=\"shutterset_set_343\" >\n\t\t\t\t\t\t\t\t<img title=\"iwo grabek IIIm CSW\" alt=\"iwo grabek IIIm CSW\" src=\"http:\/\/aleksandrow.bimbambino.pl\/wp-content\/gallery\/20130429_csw\/thumbs\/thumbs_iwo grabek IIIm CSW.jpg\" width=\"185\" height=\"120\" \/>\n\t\t\t\t\t\t\t<\/a>\n\n\t\t\t<span>Iwo Grabek <\/span>\n0 Likes\n\t\t<\/div>\n\t<\/div>\n\t\t \t\t\n\t<div id=\"ngg-image-6409\" class=\"ngg-gallery-thumbnail-box\"  >\n\t\t<div class=\"ngg-gallery-thumbnail\" >\n\t\t\t<a href=\"http:\/\/aleksandrow.bimbambino.pl\/wp-content\/gallery\/20130429_csw\/Karol Draczkowski Skrzat CSW.jpg\" title=\"Karol Dr\u0105czkowski \" class=\"shutterset_set_343\" >\n\t\t\t\t\t\t\t\t<img title=\"Karol Draczkowski Skrzat CSW\" alt=\"Karol Draczkowski Skrzat CSW\" src=\"http:\/\/aleksandrow.bimbambino.pl\/wp-content\/gallery\/20130429_csw\/thumbs\/thumbs_Karol Draczkowski Skrzat CSW.jpg\" width=\"185\" height=\"120\" \/>\n\t\t\t\t\t\t\t<\/a>\n\n\t\t\t<span>Karol Dr\u0105czkowski <\/span>\n0 Likes\n\t\t<\/div>\n\t<\/div>\n\t\t \t\t\n\t<div id=\"ngg-image-6417\" class=\"ngg-gallery-thumbnail-box\"  >\n\t\t<div class=\"ngg-gallery-thumbnail\" >\n\t\t\t<a href=\"http:\/\/aleksandrow.bimbambino.pl\/wp-content\/gallery\/20130429_csw\/marta drzewiecka CSW P.M nr 17.jpg\" title=\"Marta Drzewiecka \" class=\"shutterset_set_343\" >\n\t\t\t\t\t\t\t\t<img title=\"marta drzewiecka CSW P.M nr 17\" alt=\"marta drzewiecka CSW P.M nr 17\" src=\"http:\/\/aleksandrow.bimbambino.pl\/wp-content\/gallery\/20130429_csw\/thumbs\/thumbs_marta drzewiecka CSW P.M nr 17.jpg\" width=\"185\" height=\"120\" \/>\n\t\t\t\t\t\t\t<\/a>\n\n\t\t\t<span>Marta Drzewiecka <\/span>\n0 Likes\n\t\t<\/div>\n\t<\/div>\n\t\t \t\t\n\t<div id=\"ngg-image-6418\" class=\"ngg-gallery-thumbnail-box\"  >\n\t\t<div class=\"ngg-gallery-thumbnail\" >\n\t\t\t<a href=\"http:\/\/aleksandrow.bimbambino.pl\/wp-content\/gallery\/20130429_csw\/sandra pawlowska zP.M.nr 8 III m.jpg\" title=\"Sandra Paw\u0142owska \" class=\"shutterset_set_343\" >\n\t\t\t\t\t\t\t\t<img title=\"sandra pawlowska zP.M.nr 8 III m\" alt=\"sandra pawlowska zP.M.nr 8 III m\" src=\"http:\/\/aleksandrow.bimbambino.pl\/wp-content\/gallery\/20130429_csw\/thumbs\/thumbs_sandra pawlowska zP.M.nr 8 III m.jpg\" width=\"185\" height=\"120\" \/>\n\t\t\t\t\t\t\t<\/a>\n\n\t\t\t<span>Sandra Paw\u0142owska <\/span>\n0 Likes\n\t\t<\/div>\n\t<\/div>\n\t\t \t\t\n\t<div id=\"ngg-image-6410\" class=\"ngg-gallery-thumbnail-box\"  >\n\t\t<div class=\"ngg-gallery-thumbnail\" >\n\t\t\t<a href=\"http:\/\/aleksandrow.bimbambino.pl\/wp-content\/gallery\/20130429_csw\/Szymon Ciarkowski IIm CSW.jpg\" title=\"Szymon Ciarkowski \" class=\"shutterset_set_343\" >\n\t\t\t\t\t\t\t\t<img title=\"Szymon Ciarkowski IIm CSW\" alt=\"Szymon Ciarkowski IIm CSW\" src=\"http:\/\/aleksandrow.bimbambino.pl\/wp-content\/gallery\/20130429_csw\/thumbs\/thumbs_Szymon Ciarkowski IIm CSW.jpg\" width=\"185\" height=\"120\" \/>\n\t\t\t\t\t\t\t<\/a>\n\n\t\t\t<span>Szymon Ciarkowski <\/span>\n0 Likes\n\t\t<\/div>\n\t<\/div>\n\t\t \t\t\n\t<div id=\"ngg-image-6419\" class=\"ngg-gallery-thumbnail-box\"  >\n\t\t<div class=\"ngg-gallery-thumbnail\" >\n\t\t\t<a href=\"http:\/\/aleksandrow.bimbambino.pl\/wp-content\/gallery\/20130429_csw\/tymek milkowski III m CSw.jpg\" title=\"Tymek Mi\u0142kowski \" class=\"shutterset_set_343\" >\n\t\t\t\t\t\t\t\t<img title=\"tymek milkowski III m CSw\" alt=\"tymek milkowski III m CSw\" src=\"http:\/\/aleksandrow.bimbambino.pl\/wp-content\/gallery\/20130429_csw\/thumbs\/thumbs_tymek milkowski III m CSw.jpg\" width=\"185\" height=\"120\" \/>\n\t\t\t\t\t\t\t<\/a>\n\n\t\t\t<span>Tymek Mi\u0142kowski <\/span>\n0 Likes\n\t\t<\/div>\n\t<\/div>\n\t\t \t\t\n\t<div id=\"ngg-image-6420\" class=\"ngg-gallery-thumbnail-box\"  >\n\t\t<div class=\"ngg-gallery-thumbnail\" >\n\t\t\t<a href=\"http:\/\/aleksandrow.bimbambino.pl\/wp-content\/gallery\/20130429_csw\/zuzanna pietrykowska Im CSW.jpg\" title=\"Zuzanna Pietrykowska \" class=\"shutterset_set_343\" >\n\t\t\t\t\t\t\t\t<img title=\"zuzanna pietrykowska Im CSW\" alt=\"zuzanna pietrykowska Im CSW\" src=\"http:\/\/aleksandrow.bimbambino.pl\/wp-content\/gallery\/20130429_csw\/thumbs\/thumbs_zuzanna pietrykowska Im CSW.jpg\" width=\"185\" height=\"120\" \/>\n\t\t\t\t\t\t\t<\/a>\n\n\t\t\t<span>Zuzanna Pietrykowska <\/span>\n0 Likes\n\t\t<\/div>\n\t<\/div>\n\t\t \t\t\n\t<div id=\"ngg-image-6421\" class=\"ngg-gallery-thumbnail-box\"  >\n\t\t<div class=\"ngg-gallery-thumbnail\" >\n\t\t\t<a href=\"http:\/\/aleksandrow.bimbambino.pl\/wp-content\/gallery\/20130429_csw\/zz_obrady jurey CSW (1).jpg\" title=\"Obrady\" class=\"shutterset_set_343\" >\n\t\t\t\t\t\t\t\t<img title=\"zz_obrady jurey CSW (1)\" alt=\"zz_obrady jurey CSW (1)\" src=\"http:\/\/aleksandrow.bimbambino.pl\/wp-content\/gallery\/20130429_csw\/thumbs\/thumbs_zz_obrady jurey CSW (1).jpg\" width=\"185\" height=\"120\" \/>\n\t\t\t\t\t\t\t<\/a>\n\n\t\t\t<span>Obrady<\/span>\n0 Likes\n\t\t<\/div>\n\t<\/div>\n\t\t \t\t\n\t<div id=\"ngg-image-6422\" class=\"ngg-gallery-thumbnail-box\"  >\n\t\t<div class=\"ngg-gallery-thumbnail\" >\n\t\t\t<a href=\"http:\/\/aleksandrow.bimbambino.pl\/wp-content\/gallery\/20130429_csw\/zz_wystawa w CSW (2).jpg\" title=\"Wystawa w CSW\" class=\"shutterset_set_343\" >\n\t\t\t\t\t\t\t\t<img title=\"zz_wystawa w CSW (2)\" alt=\"zz_wystawa w CSW (2)\" src=\"http:\/\/aleksandrow.bimbambino.pl\/wp-content\/gallery\/20130429_csw\/thumbs\/thumbs_zz_wystawa w CSW (2).jpg\" width=\"185\" height=\"120\" \/>\n\t\t\t\t\t\t\t<\/a>\n\n\t\t\t<span>Wystawa w CSW<\/span>\n0 Likes\n\t\t<\/div>\n\t<\/div>\n\t\t \t\t\n\t<div id=\"ngg-image-6423\" class=\"ngg-gallery-thumbnail-box\"  >\n\t\t<div class=\"ngg-gallery-thumbnail\" >\n\t\t\t<a href=\"http:\/\/aleksandrow.bimbambino.pl\/wp-content\/gallery\/20130429_csw\/zz_wystawa w CSW (3).jpg\" title=\"Wystawa w CSW\" class=\"shutterset_set_343\" >\n\t\t\t\t\t\t\t\t<img title=\"zz_wystawa w CSW (3)\" alt=\"zz_wystawa w CSW (3)\" src=\"http:\/\/aleksandrow.bimbambino.pl\/wp-content\/gallery\/20130429_csw\/thumbs\/thumbs_zz_wystawa w CSW (3).jpg\" width=\"185\" height=\"120\" \/>\n\t\t\t\t\t\t\t<\/a>\n\n\t\t\t<span>Wystawa w CSW<\/span>\n0 Likes\n\t\t<\/div>\n\t<\/div>\n\t\t \t \t\n\t<!-- Pagination -->\n \t<div class='ngg-clear'><\/div>\n \t\n<\/div>\n\n\n","protected":false},"excerpt":{"rendered":"<p>Wyniki konkursu \u201eKolorowa wierszykarnia\u201d _____________________________________________________________________________ &nbsp; Na konkurs zorganizowany przez Przedszkole Bim-Bam-Bino pt. &#8222;Kolorowa wierszykarnia&#8221; zainspirowanego tw\u00f3rczo\u015bci\u0105 Danuty Wawi\u0142ow nades\u0142ano 162 prace z przedszkoli z Torunia i okolic. Niezale\u017cne jury wybra\u0142o 19 najciekawszych prac, zosta\u0142y one zaprezentowano na wystawie w Centrum Sztuki Wsp\u00f3\u0142czesnej w Toruniu, kt\u00f3re obj\u0119\u0142o patronat nad wystaw\u0105. Wystaw\u0119 ogl\u0105da\u0107 mo\u017cna by\u0142o od<\/p>\n","protected":false},"author":2,"featured_media":0,"parent":0,"menu_order":0,"comment_status":"closed","ping_status":"closed","template":"","meta":[],"_links":{"self":[{"href":"http:\/\/aleksandrow.bimbambino.pl\/index.php?rest_route=\/wp\/v2\/pages\/867"}],"collection":[{"href":"http:\/\/aleksandrow.bimbambino.pl\/index.php?rest_route=\/wp\/v2\/pages"}],"about":[{"href":"http:\/\/aleksandrow.bimbambino.pl\/index.php?rest_route=\/wp\/v2\/types\/page"}],"author":[{"embeddable":true,"href":"http:\/\/aleksandrow.bimbambino.pl\/index.php?rest_route=\/wp\/v2\/users\/2"}],"replies":[{"embeddable":true,"href":"http:\/\/aleksandrow.bimbambino.pl\/index.php?rest_route=%2Fwp%2Fv2%2Fcomments&post=867"}],"version-history":[{"count":2,"href":"http:\/\/aleksandrow.bimbambino.pl\/index.php?rest_route=\/wp\/v2\/pages\/867\/revisions"}],"predecessor-version":[{"id":870,"href":"http:\/\/aleksandrow.bimbambino.pl\/index.php?rest_route=\/wp\/v2\/pages\/867\/revisions\/870"}],"wp:attachment":[{"href":"http:\/\/aleksandrow.bimbambino.pl\/index.php?rest_route=%2Fwp%2Fv2%2Fmedia&parent=867"}],"curies":[{"name":"wp","href":"https:\/\/api.w.org\/{rel}","templated":true}]}}