{"id":6008,"date":"2022-11-24T13:59:42","date_gmt":"2022-11-24T11:59:42","guid":{"rendered":"http:\/\/aleksandrow.bimbambino.pl\/?page_id=6008"},"modified":"2023-03-28T11:41:54","modified_gmt":"2023-03-28T09:41:54","slug":"szlachetna-paczka-2022","status":"publish","type":"page","link":"http:\/\/aleksandrow.bimbambino.pl\/?page_id=6008","title":{"rendered":"Szlachetna Paczka 2022"},"content":{"rendered":"  <!-- Easing Slider -->\n    <div class=\"lof-container\" style=\"height:225px;padding-right:0px;padding-top:0px;padding-left:0px;padding-bottom:0px;\">\n      <div class=\"lof-slidecontent\" id=\"lofslidecontent45\" style=\"border:3px solid #ccc;width:800px;height:225px;\">\n        <div class=\"preload\" style=\"background:url(http:\/\/aleksandrow.bimbambino.pl\/wp-content\/plugins\/easing-slider\/images\/indicator.gif) no-repeat center center #fff;\">\n\n        <\/div>\n            <div class=\"lof-main-outer\" style=\"background: #fff;width:800px;height:225px;\">\n                <ul class=\"lof-main-wapper\">\n              \t\t<li><img src=\"http:\/\/aleksandrow.bimbambino.pl\/wp-content\/themes\/Linedy2\/images\/slider\/sl1.jpg\" style=\"width:800px;\" alt=\"\" \/><\/li>\t\t<li><img src=\"http:\/\/aleksandrow.bimbambino.pl\/wp-content\/themes\/Linedy2\/images\/slider\/sl2.jpg\" style=\"width:800px;\" alt=\"\" \/><\/li>\t\t<li><img src=\"http:\/\/aleksandrow.bimbambino.pl\/wp-content\/themes\/Linedy2\/images\/slider\/sl3.jpg\" style=\"width:800px;\" alt=\"\" \/><\/li><\/ul><\/div>                <div class=\"lof-navigator-wapper\" style=\"bottom:-35px;left: 0;padding:5px 5px;\">\n                  <div class=\"lof-navigator-outer\">\n                    <ul class=\"lof-navigator\">\n                      <li><span>.<\/span><\/li><li><span>.<\/span><\/li><li><span>.<\/span><\/li>             <\/ul>\n                <\/div>\n              <\/div>\n              \n            <\/div>\n          <\/div><img src=\"http:\/\/aleksandrow.bimbambino.pl\/wp-content\/plugins\/easing-slider\/images\/shadow_arc.png\" style=\"width:800px; padding-left:0px;padding-bottom:0px;padding-top:6px;margin-left:3px;\" alt=\"\" \/><!-- End of Easing Slider -->\n<h2>Szlachetna Paczka 2022<\/h2>\n<p style=\"text-align: justify;\"><span style=\"color: #c0c0c0;\">_______________________________________________________________________________________________________________________<\/span><\/p>\n<p>Paczki pojecha\u0142y! Jak zwykle spisali\u015bcie si\u0119 na medal . Z\u0142oty medal, bo calutki samoch\u00f3d jest zapakowany   Mn\u00f3stwo jedzenia i \u015brodk\u00f3w czysto\u015bci, kosmetyk\u00f3w, osobiste upominki, komputer (dzi\u0119kujemy W\u00f3jtowi Gminy Aleksandr\u00f3w oraz panu \u015awi\u0105tkowskiemu) i kuchenka (podzi\u0119kowania dla mamy Kaliny). Wszystkim darczy\u0144com z ca\u0142ego serca dzi\u0119kujemy.<br \/>\n\n\n\n\n\n\n\n<div class=\"ngg-galleryoverview\" id=\"ngg-gallery-3265\">\n<h5>grudzie\u0144 2022r. - Szlachetna Paczka<\/h5>\n<a href=\"javascript: history.go(-1)\" class=\"arrowleft\">&larr; Cofnij do Galerii<\/a><BR>\n\n\t\n\t<!-- Thumbnails -->\n\t\t\n\t<div id=\"ngg-image-59778\" class=\"ngg-gallery-thumbnail-box\"  >\n\t\t<div class=\"ngg-gallery-thumbnail\" >\n\t\t\t<a href=\"http:\/\/aleksandrow.bimbambino.pl\/wp-content\/gallery\/2022_szl\/317090060_570139061786630_6398333705091923706_n.jpg\"  target=\"_blank\" title=\" \" class=\"shutterset_set_3265\" >\n\t\t\t\t\t\t\t\t<img title=\"317090060_570139061786630_6398333705091923706_n\" alt=\"317090060_570139061786630_6398333705091923706_n\"src=\"http:\/\/aleksandrow.bimbambino.pl\/wp-content\/gallery\/2022_szl\/thumbs\/thumbs_317090060_570139061786630_6398333705091923706_n.jpg \" width=\"245\" height=\"161\" \/>\n\t\t\t\t\t\t\t<\/a>\n\n\n\t\t<\/div>\n\t<\/div>\n\t\n\t\t\n \t\t\n\t<div id=\"ngg-image-59779\" class=\"ngg-gallery-thumbnail-box\"  >\n\t\t<div class=\"ngg-gallery-thumbnail\" >\n\t\t\t<a href=\"http:\/\/aleksandrow.bimbambino.pl\/wp-content\/gallery\/2022_szl\/318943331_570138508453352_3708612817982652904_n.jpg\"  target=\"_blank\" title=\" \" class=\"shutterset_set_3265\" >\n\t\t\t\t\t\t\t\t<img title=\"318943331_570138508453352_3708612817982652904_n\" alt=\"318943331_570138508453352_3708612817982652904_n\"src=\"http:\/\/aleksandrow.bimbambino.pl\/wp-content\/gallery\/2022_szl\/thumbs\/thumbs_318943331_570138508453352_3708612817982652904_n.jpg \" width=\"245\" height=\"161\" \/>\n\t\t\t\t\t\t\t<\/a>\n\n\n\t\t<\/div>\n\t<\/div>\n\t\n\t\t\n \t\t\n\t<div id=\"ngg-image-59780\" class=\"ngg-gallery-thumbnail-box\"  >\n\t\t<div class=\"ngg-gallery-thumbnail\" >\n\t\t\t<a href=\"http:\/\/aleksandrow.bimbambino.pl\/wp-content\/gallery\/2022_szl\/319066032_570138931786643_781687726146146643_n.jpg\"  target=\"_blank\" title=\" \" class=\"shutterset_set_3265\" >\n\t\t\t\t\t\t\t\t<img title=\"319066032_570138931786643_781687726146146643_n\" alt=\"319066032_570138931786643_781687726146146643_n\"src=\"http:\/\/aleksandrow.bimbambino.pl\/wp-content\/gallery\/2022_szl\/thumbs\/thumbs_319066032_570138931786643_781687726146146643_n.jpg \" width=\"245\" height=\"161\" \/>\n\t\t\t\t\t\t\t<\/a>\n\n\n\t\t<\/div>\n\t<\/div>\n\t\n\t\t\n \t \t\n\t<!-- Pagination -->\n \t<div class='ngg-clear'><\/div>\n \t\n<\/div>\n\n<\/p>\n<p style=\"text-align: justify;\"><span style=\"color: #c0c0c0;\">_______________________________________________________________________________________________________________________<\/span><\/p>\n<p align=\"center\"><b>DRODZY RODZICE<\/b><\/p>\n<p style=\"text-align: center;\">Nasze Przedszkole bierze udzia\u0142 w akcji charytatywnej <b><span style=\"text-decoration: underline;\">Szlachetna Paczka. <\/span><\/b><\/p>\n<p align=\"center\">Pani Aneta 53 l. mieszka z dorastaj\u0105cym synem Rafa\u0142em 16 l.<\/p>\n<p>Na co dzie\u0144 kobieta pracuje w instytucji, a ch\u0142opak uczy si\u0119 w II klasie technikum. Praktycznie od urodzenia jest wychowywany tylko przez matk\u0119. Samotne macierzy\u0144stwo zawsze doskwiera\u0142o pani Anecie, mimo tego jest bardzo dzieln\u0105 i pracowit\u0105 osob\u0105. Kobieta nie boi si\u0119 te\u017c \u017cadnych prac &#8222;m\u0119skich&#8221;. Dzi\u015b w ci\u0119\u017cszych fizycznie czynno\u015bciach pomaga jej ju\u017c Rafa\u0142, lecz przez wiele lat by\u0142a zdana wy\u0142\u0105cznie na siebie, a to zaowocowa\u0142o nauk\u0105 wielu nieprzypisanych standardowo kobietom czynno\u015bci. Z \u0142\u0105cznego miesi\u0119cznego dochodu rodziny uzyskiwanego z tytu\u0142u pracy oraz dodatku 500+ (3340 z\u0142) po op\u0142aceniu rachunk\u00f3w, op\u0142aceniu dojazd\u00f3w do pracy i szko\u0142y oraz zakupie lek\u00f3w pani Anety na nadci\u015bnienie (3137,33 z\u0142) rodzinie <span style=\"text-decoration: underline;\">pozostaje 102 z\u0142 na miesi\u0119czne utrzymanie jednego jej cz\u0142onka.<\/span><\/p>\n<p align=\"center\"><b>Pi\u0119kno Rodziny<\/b><\/p>\n<p>Pani Aneta jest kobiet\u0105 r\u00f3wnie\u017c wielu talent\u00f3w artystycznych, kiedy tylko czas jej pozwala poza prac\u0105 na etacie pr\u00f3buje sprzedawa\u0107 w\u0142asne r\u0119kodzie\u0142o aby podreperowa\u0107 domowy bud\u017cet. Potrafi r\u00f3wnie\u017c \u015bwietnie szy\u0107 i \u015bwietnie gotowa\u0107.<\/p>\n<p>Kobieta ma wiele pasji &#8211; czyta, uprawia ogr\u00f3dek &#8211; zar\u00f3wno ro\u015bliny ozdobne, jak i warzywa, uprawia lokaln\u0105 turystyk\u0119 &#8211; g\u0142\u00f3wnie piesz\u0105, cho\u0107 je\u015bli w okolicy jest organizowany sp\u0142yw kajakowy to ochoczo w nim uczestniczy wraz z synem. Jej marzeniem, od niepami\u0119tnych czas\u00f3w, jest wyprawa w Bieszczady i d\u0142ugie, dalekie w\u0119dr\u00f3wki po zielonych szczytach.<\/p>\n<p>Rafa\u0142 lubi gra\u0107 w szachy, siatk\u00f3wk\u0119 i koszyk\u00f3wk\u0119. Interesuje si\u0119 informatyk\u0105, zw\u0142aszcza serwisowaniem sprz\u0119tu i tworzenie stron www &#8211; oczywistym by\u0142 wi\u0119c wyb\u00f3r szko\u0142y o profilu informatycznym.<\/p>\n<p align=\"center\"><span style=\"text-decoration: underline;\">Potrzeby, kt\u00f3re Pani Aneta okre\u015bli\u0142a s\u0105 nast\u0119puj\u0105ce:<\/span><\/p>\n<p align=\"center\"><span style=\"text-decoration: underline;\">&nbsp;<\/span><\/p>\n<table width=\"1756\" cellspacing=\"0\" cellpadding=\"0\" border=\"0\">\n<tbody>\n<tr>\n<td width=\"878\" valign=\"top\">\n<p align=\"center\"><b><span style=\"text-decoration: underline;\">&nbsp;<\/span><\/b><\/p>\n<p align=\"center\"><b><span style=\"text-decoration: underline;\">\u017bYWNO\u015a\u0106 TRWA\u0141A:<\/span><\/b><\/p>\n<p>herbata, kawa, ry\u017c, kasza, makaron, m\u0105ka, cukier, olej, d\u017cem, konserwy, warzywa i owoce w puszkach, przeciery pomidorowe i og\u00f3rkowe, ketchup i inne<\/p>\n<p align=\"center\"><b><span style=\"text-decoration: underline;\">\u015aRODKI CZYSTO\u015aCI:<\/span><\/b><\/p>\n<p>proszek do prania, p\u0142yny czyszcz\u0105ce, p\u0142yn do mycia naczy\u0144, szampon, myd\u0142o\/\u017cel myj\u0105cy, podpaski, tampony, szczoteczka i pasta do mycia z\u0119b\u00f3w i inne<\/p>\n<p><b>&nbsp;<\/b><\/p>\n<p align=\"center\"><b><span style=\"text-decoration: underline;\">KOMPUTER<\/span><\/b><\/p>\n<p align=\"center\"><b><span style=\"text-decoration: underline;\">&nbsp;<\/span><\/b><\/p>\n<p>Komputer ma ju\u017c 7 lat, nie dzia\u0142a sprawnie.<\/p>\n<p>&nbsp;<\/td>\n<td width=\"878\" valign=\"top\">\n<p align=\"center\"><b>&nbsp;<\/b><\/p>\n<p align=\"center\"><b><span style=\"text-decoration: underline;\">KUCHENKA:<\/span><\/b><\/p>\n<p align=\"center\">&nbsp;<\/p>\n<p>W kuchence, kt\u00f3r\u0105 posiada Pani Aneta piekarnik jest ju\u017c dziurawy, co cz\u0119sto skutkuje nieudan\u0105 potraw\u0105. Poza tym jeden z palnik\u00f3w jest ju\u017c niesprawny.<\/p>\n<p align=\"center\"><b>&nbsp;<\/b><\/p>\n<p align=\"center\"><b><span style=\"text-decoration: underline;\">OPA\u0141<\/span><\/b><\/p>\n<p align=\"center\"><b><span style=\"text-decoration: underline;\">&nbsp;<\/span><\/b><\/p>\n<p>Rodzina pani Agaty na rok potrzebuje 5 ton opa\u0142u&#8230;jednak zdajemy sobie spraw\u0119 z tego jak wielkie s\u0105 to koszty, dlatego pani Agata b\u0119dzie wdzi\u0119czna za ka\u017cda ilo\u015b\u0107<\/p>\n<p align=\"center\"><b>&nbsp;<\/b><\/p>\n<p align=\"center\"><b><span style=\"text-decoration: underline;\">SPECJALNE UPOMINKI:<\/span><\/b><\/p>\n<p align=\"center\"><b><span style=\"text-decoration: underline;\">&nbsp;<\/span><\/b><\/p>\n<p align=\"center\">Perfumy m\u0119skie, damskie, krem<\/p>\n<p align=\"center\"><b>&nbsp;<\/b><\/p>\n<\/td>\n<\/tr>\n<\/tbody>\n<\/table>\n<p align=\"center\"><b>&nbsp;<\/b><\/p>\n<p align=\"center\"><b>AKCJA TRWA DO 9 GRUDNIA 2022 r.<\/b><\/p>\n","protected":false},"excerpt":{"rendered":"<p>Szlachetna Paczka 2022 _______________________________________________________________________________________________________________________ Paczki pojecha\u0142y! Jak zwykle spisali\u015bcie si\u0119 na medal . Z\u0142oty medal, bo calutki samoch\u00f3d jest zapakowany Mn\u00f3stwo jedzenia i \u015brodk\u00f3w czysto\u015bci, kosmetyk\u00f3w, osobiste upominki, komputer (dzi\u0119kujemy W\u00f3jtowi Gminy Aleksandr\u00f3w oraz panu \u015awi\u0105tkowskiemu) i kuchenka (podzi\u0119kowania dla mamy Kaliny). Wszystkim darczy\u0144com z ca\u0142ego serca dzi\u0119kujemy. _______________________________________________________________________________________________________________________ DRODZY RODZICE Nasze Przedszkole bierze udzia\u0142<\/p>\n","protected":false},"author":2,"featured_media":0,"parent":0,"menu_order":0,"comment_status":"closed","ping_status":"closed","template":"","meta":[],"_links":{"self":[{"href":"http:\/\/aleksandrow.bimbambino.pl\/index.php?rest_route=\/wp\/v2\/pages\/6008"}],"collection":[{"href":"http:\/\/aleksandrow.bimbambino.pl\/index.php?rest_route=\/wp\/v2\/pages"}],"about":[{"href":"http:\/\/aleksandrow.bimbambino.pl\/index.php?rest_route=\/wp\/v2\/types\/page"}],"author":[{"embeddable":true,"href":"http:\/\/aleksandrow.bimbambino.pl\/index.php?rest_route=\/wp\/v2\/users\/2"}],"replies":[{"embeddable":true,"href":"http:\/\/aleksandrow.bimbambino.pl\/index.php?rest_route=%2Fwp%2Fv2%2Fcomments&post=6008"}],"version-history":[{"count":3,"href":"http:\/\/aleksandrow.bimbambino.pl\/index.php?rest_route=\/wp\/v2\/pages\/6008\/revisions"}],"predecessor-version":[{"id":6152,"href":"http:\/\/aleksandrow.bimbambino.pl\/index.php?rest_route=\/wp\/v2\/pages\/6008\/revisions\/6152"}],"wp:attachment":[{"href":"http:\/\/aleksandrow.bimbambino.pl\/index.php?rest_route=%2Fwp%2Fv2%2Fmedia&parent=6008"}],"curies":[{"name":"wp","href":"https:\/\/api.w.org\/{rel}","templated":true}]}}