{"id":5958,"date":"2022-10-06T08:25:11","date_gmt":"2022-10-06T06:25:11","guid":{"rendered":"http:\/\/aleksandrow.bimbambino.pl\/?page_id=5958"},"modified":"2023-09-23T17:51:07","modified_gmt":"2023-09-23T15:51:07","slug":"galeria-rybki-2022-2023","status":"publish","type":"page","link":"http:\/\/aleksandrow.bimbambino.pl\/?page_id=5958","title":{"rendered":"Galeria Rybki 2022-2023"},"content":{"rendered":"\n<div class=\"ngg-albumoverview\">\t\n\t<!-- List of galleries -->\n\t\n\t<div class=\"ngg-album\">\n\t\t\n\t\t\t<div class=\"ngg-albumcontent\">\n\t\t\t\t<div class=\"ngg-thumbnail\">\n\n\n\t\t\t\t\t<a href=\"http:\/\/aleksandrow.bimbambino.pl\/?page_id=5958&amp;album=73&amp;gallery=3401\"><img class=\"Thumb\" alt=\"2024-05-20 - Rybki - Dzie\u0144 Pszczo\u0142y\" src=\"http:\/\/aleksandrow.bimbambino.pl\/wp-content\/gallery\/20240520_r_dz\/thumbs\/thumbs_444484651_952936150173584_1777220594419821799_n.jpg\"\/><\/a>\n\t\t\t\t\n<\/div>\n\n\n\t\t\t\t<div class=\"ngg-description\"> <div class=\"ngg-albumtitle\"><a href=\"http:\/\/aleksandrow.bimbambino.pl\/?page_id=5958&amp;album=73&amp;gallery=3401\">2024-05-20 - Rybki - Dzie\u0144 Pszczo\u0142y<\/a><\/div>\n\n\n\t\t\t\t\n\t\t\t\t\n\t\t\t<\/div>\n\t\t<\/div>\n\t<\/div>\n\n \t\n\t<div class=\"ngg-album\">\n\t\t\n\t\t\t<div class=\"ngg-albumcontent\">\n\t\t\t\t<div class=\"ngg-thumbnail\">\n\n\n\t\t\t\t\t<a href=\"http:\/\/aleksandrow.bimbambino.pl\/?page_id=5958&amp;album=73&amp;gallery=3394\"><img class=\"Thumb\" alt=\"2024-04 - Rybki - Rodzice prezentuj\u0105 swoje zawody\" src=\"http:\/\/aleksandrow.bimbambino.pl\/wp-content\/gallery\/202404_r_rodz\/thumbs\/thumbs_435354028_919183553548844_105067094298302886_n.jpg\"\/><\/a>\n\t\t\t\t\n<\/div>\n\n\n\t\t\t\t<div class=\"ngg-description\"> <div class=\"ngg-albumtitle\"><a href=\"http:\/\/aleksandrow.bimbambino.pl\/?page_id=5958&amp;album=73&amp;gallery=3394\">2024-04 - Rybki - Rodzice prezentuj\u0105 swoje zawody<\/a><\/div>\n\n\n\t\t\t\t\n\t\t\t\t\n\t\t\t<\/div>\n\t\t<\/div>\n\t<\/div>\n\n \t\n\t<div class=\"ngg-album\">\n\t\t\n\t\t\t<div class=\"ngg-albumcontent\">\n\t\t\t\t<div class=\"ngg-thumbnail\">\n\n\n\t\t\t\t\t<a href=\"http:\/\/aleksandrow.bimbambino.pl\/?page_id=5958&amp;album=73&amp;gallery=3388\"><img class=\"Thumb\" alt=\"2024-03-11 - Rybki - Sklep u Brzd\u0105ca\" src=\"http:\/\/aleksandrow.bimbambino.pl\/wp-content\/gallery\/20240311_r_skl\/thumbs\/thumbs_431507278_901304152003451_7485417574421894384_n.jpg\"\/><\/a>\n\t\t\t\t\n<\/div>\n\n\n\t\t\t\t<div class=\"ngg-description\"> <div class=\"ngg-albumtitle\"><a href=\"http:\/\/aleksandrow.bimbambino.pl\/?page_id=5958&amp;album=73&amp;gallery=3388\">2024-03-11 - Rybki - Sklep u Brzd\u0105ca<\/a><\/div>\n\n\n\t\t\t\t\n\t\t\t\t\n\t\t\t<\/div>\n\t\t<\/div>\n\t<\/div>\n\n \t\n\t<div class=\"ngg-album\">\n\t\t\n\t\t\t<div class=\"ngg-albumcontent\">\n\t\t\t\t<div class=\"ngg-thumbnail\">\n\n\n\t\t\t\t\t<a href=\"http:\/\/aleksandrow.bimbambino.pl\/?page_id=5958&amp;album=73&amp;gallery=3382\"><img class=\"Thumb\" alt=\"2024-02-29 - Rybki - Mama Maksymiliana czyta bajk\u0119 w ramach Akcji ABC Ca\u0142a Polska czyta dzieciom\" src=\"http:\/\/aleksandrow.bimbambino.pl\/wp-content\/gallery\/20240229_r_mam\/thumbs\/thumbs_428663669_893795742754292_7749857133003510755_n.jpg\"\/><\/a>\n\t\t\t\t\n<\/div>\n\n\n\t\t\t\t<div class=\"ngg-description\"> <div class=\"ngg-albumtitle\"><a href=\"http:\/\/aleksandrow.bimbambino.pl\/?page_id=5958&amp;album=73&amp;gallery=3382\">2024-02-29 - Rybki - Mama Maksymiliana czyta bajk\u0119 w ramach Akcji ABC Ca\u0142a Polska czyta dzieciom<\/a><\/div>\n\n\n\t\t\t\t\n\t\t\t\t\n\t\t\t<\/div>\n\t\t<\/div>\n\t<\/div>\n\n \t\n\t<div class=\"ngg-album\">\n\t\t\n\t\t\t<div class=\"ngg-albumcontent\">\n\t\t\t\t<div class=\"ngg-thumbnail\">\n\n\n\t\t\t\t\t<a href=\"http:\/\/aleksandrow.bimbambino.pl\/?page_id=5958&amp;album=73&amp;gallery=3379\"><img class=\"Thumb\" alt=\"2024-02-27 - Rybki - Dokarmiamy ptaki zim\u0105\" src=\"http:\/\/aleksandrow.bimbambino.pl\/wp-content\/gallery\/20240227_r_doka\/thumbs\/thumbs_428657333_892197076247492_7036287401815628385_n.jpg\"\/><\/a>\n\t\t\t\t\n<\/div>\n\n\n\t\t\t\t<div class=\"ngg-description\"> <div class=\"ngg-albumtitle\"><a href=\"http:\/\/aleksandrow.bimbambino.pl\/?page_id=5958&amp;album=73&amp;gallery=3379\">2024-02-27 - Rybki - Dokarmiamy ptaki zim\u0105<\/a><\/div>\n\n\n\t\t\t\t\n\t\t\t\t\n\t\t\t<\/div>\n\t\t<\/div>\n\t<\/div>\n\n \t\n\t<div class=\"ngg-album\">\n\t\t\n\t\t\t<div class=\"ngg-albumcontent\">\n\t\t\t\t<div class=\"ngg-thumbnail\">\n\n\n\t\t\t\t\t<a href=\"http:\/\/aleksandrow.bimbambino.pl\/?page_id=5958&amp;album=73&amp;gallery=3354\"><img class=\"Thumb\" alt=\"2024-01-04 - Rybki - Przedszkolna S\u0142u\u017cba Zdrowia\" src=\"http:\/\/aleksandrow.bimbambino.pl\/wp-content\/gallery\/20240104_r_prz\/thumbs\/thumbs_416991799_853884926745374_1943567672856269849_n.jpg\"\/><\/a>\n\t\t\t\t\n<\/div>\n\n\n\t\t\t\t<div class=\"ngg-description\"> <div class=\"ngg-albumtitle\"><a href=\"http:\/\/aleksandrow.bimbambino.pl\/?page_id=5958&amp;album=73&amp;gallery=3354\">2024-01-04 - Rybki - Przedszkolna S\u0142u\u017cba Zdrowia<\/a><\/div>\n\n\n\t\t\t\t\n\t\t\t\t\n\t\t\t<\/div>\n\t\t<\/div>\n\t<\/div>\n\n \t\n\t<div class=\"ngg-album\">\n\t\t\n\t\t\t<div class=\"ngg-albumcontent\">\n\t\t\t\t<div class=\"ngg-thumbnail\">\n\n\n\t\t\t\t\t<a href=\"http:\/\/aleksandrow.bimbambino.pl\/?page_id=5958&amp;album=73&amp;gallery=3352\"><img class=\"Thumb\" alt=\"2024-01-03 - Rybki - Wirusowo-plastyczne zabawy\" src=\"http:\/\/aleksandrow.bimbambino.pl\/wp-content\/gallery\/20240103_r_wi\/thumbs\/thumbs_415952425_853055853494948_8295589651405525057_n.jpg\"\/><\/a>\n\t\t\t\t\n<\/div>\n\n\n\t\t\t\t<div class=\"ngg-description\"> <div class=\"ngg-albumtitle\"><a href=\"http:\/\/aleksandrow.bimbambino.pl\/?page_id=5958&amp;album=73&amp;gallery=3352\">2024-01-03 - Rybki - Wirusowo-plastyczne zabawy<\/a><\/div>\n\n\n\t\t\t\t\n\t\t\t\t\n\t\t\t<\/div>\n\t\t<\/div>\n\t<\/div>\n\n \t\n\t<div class=\"ngg-album\">\n\t\t\n\t\t\t<div class=\"ngg-albumcontent\">\n\t\t\t\t<div class=\"ngg-thumbnail\">\n\n\n\t\t\t\t\t<a href=\"http:\/\/aleksandrow.bimbambino.pl\/?page_id=5958&amp;album=73&amp;gallery=3346\"><img class=\"Thumb\" alt=\"2023-12-16 - Rybki - Zaj\u0119cia \u015bwi\u0105teczne integracyjne z rodzicami\" src=\"http:\/\/aleksandrow.bimbambino.pl\/wp-content\/gallery\/20231216_ry_integ\/thumbs\/thumbs_410562925_840508811416319_3342992513368604321_n.jpg\"\/><\/a>\n\t\t\t\t\n<\/div>\n\n\n\t\t\t\t<div class=\"ngg-description\"> <div class=\"ngg-albumtitle\"><a href=\"http:\/\/aleksandrow.bimbambino.pl\/?page_id=5958&amp;album=73&amp;gallery=3346\">2023-12-16 - Rybki - Zaj\u0119cia \u015bwi\u0105teczne integracyjne z rodzicami<\/a><\/div>\n\n\n\t\t\t\t\n\t\t\t\t\n\t\t\t<\/div>\n\t\t<\/div>\n\t<\/div>\n\n \t\n\t<div class=\"ngg-album\">\n\t\t\n\t\t\t<div class=\"ngg-albumcontent\">\n\t\t\t\t<div class=\"ngg-thumbnail\">\n\n\n\t\t\t\t\t<a href=\"http:\/\/aleksandrow.bimbambino.pl\/?page_id=5958&amp;album=73&amp;gallery=3345\"><img class=\"Thumb\" alt=\"2023-12-15 - Rybki - Grudniowe urodzinki\" src=\"http:\/\/aleksandrow.bimbambino.pl\/wp-content\/gallery\/20231215_r_grud\/thumbs\/thumbs_410546033_839949104805623_3069194769667030363_n.jpg\"\/><\/a>\n\t\t\t\t\n<\/div>\n\n\n\t\t\t\t<div class=\"ngg-description\"> <div class=\"ngg-albumtitle\"><a href=\"http:\/\/aleksandrow.bimbambino.pl\/?page_id=5958&amp;album=73&amp;gallery=3345\">2023-12-15 - Rybki - Grudniowe urodzinki<\/a><\/div>\n\n\n\t\t\t\t\n\t\t\t\t\n\t\t\t<\/div>\n\t\t<\/div>\n\t<\/div>\n\n \t\n\t<div class=\"ngg-album\">\n\t\t\n\t\t\t<div class=\"ngg-albumcontent\">\n\t\t\t\t<div class=\"ngg-thumbnail\">\n\n\n\t\t\t\t\t<a href=\"http:\/\/aleksandrow.bimbambino.pl\/?page_id=5958&amp;album=73&amp;gallery=3341\"><img class=\"Thumb\" alt=\"2023-12-15 - Rybki - Warsztaty piernikowe z Szefow\u0105 Kuchni\" src=\"http:\/\/aleksandrow.bimbambino.pl\/wp-content\/gallery\/20231215_ry_warszt\/thumbs\/thumbs_410461227_839269458206921_8959613888848349160_n.jpg\"\/><\/a>\n\t\t\t\t\n<\/div>\n\n\n\t\t\t\t<div class=\"ngg-description\"> <div class=\"ngg-albumtitle\"><a href=\"http:\/\/aleksandrow.bimbambino.pl\/?page_id=5958&amp;album=73&amp;gallery=3341\">2023-12-15 - Rybki - Warsztaty piernikowe z Szefow\u0105 Kuchni<\/a><\/div>\n\n\n\t\t\t\t\n\t\t\t\t\n\t\t\t<\/div>\n\t\t<\/div>\n\t<\/div>\n\n \t\n\t<div class=\"ngg-album\">\n\t\t\n\t\t\t<div class=\"ngg-albumcontent\">\n\t\t\t\t<div class=\"ngg-thumbnail\">\n\n\n\t\t\t\t\t<a href=\"http:\/\/aleksandrow.bimbambino.pl\/?page_id=5958&amp;album=73&amp;gallery=3330\"><img class=\"Thumb\" alt=\"2023-11-07 - Rybki - \"Kr\u00f3lewskie pasowanie\" - pasowanie na Przedszkolaka\" src=\"http:\/\/aleksandrow.bimbambino.pl\/wp-content\/gallery\/20231107_r_pas\/thumbs\/thumbs_398951363_814844580649409_3044510287975355441_n.jpg\"\/><\/a>\n\t\t\t\t\n<\/div>\n\n\n\t\t\t\t<div class=\"ngg-description\"> <div class=\"ngg-albumtitle\"><a href=\"http:\/\/aleksandrow.bimbambino.pl\/?page_id=5958&amp;album=73&amp;gallery=3330\">2023-11-07 - Rybki - \"Kr\u00f3lewskie pasowanie\" - pasowanie na Przedszkolaka<\/a><\/div>\n\n\n\t\t\t\t\n\t\t\t\t\n\t\t\t<\/div>\n\t\t<\/div>\n\t<\/div>\n\n \t\n\t<div class=\"ngg-album\">\n\t\t\n\t\t\t<div class=\"ngg-albumcontent\">\n\t\t\t\t<div class=\"ngg-thumbnail\">\n\n\n\t\t\t\t\t<a href=\"http:\/\/aleksandrow.bimbambino.pl\/?page_id=5958&amp;album=73&amp;gallery=3322\"><img class=\"Thumb\" alt=\"2023-10-20 - Rybki - \"Czerwony Kapturek\" - teatrzyk cieni\" src=\"http:\/\/aleksandrow.bimbambino.pl\/wp-content\/gallery\/20231020_r_czer\/thumbs\/thumbs_394257123_802702521863615_5817726170012970643_n.jpg\"\/><\/a>\n\t\t\t\t\n<\/div>\n\n\n\t\t\t\t<div class=\"ngg-description\"> <div class=\"ngg-albumtitle\"><a href=\"http:\/\/aleksandrow.bimbambino.pl\/?page_id=5958&amp;album=73&amp;gallery=3322\">2023-10-20 - Rybki - \"Czerwony Kapturek\" - teatrzyk cieni<\/a><\/div>\n\n\n\t\t\t\t\n\t\t\t\t\n\t\t\t<\/div>\n\t\t<\/div>\n\t<\/div>\n\n \t\n\t<div class=\"ngg-album\">\n\t\t\n\t\t\t<div class=\"ngg-albumcontent\">\n\t\t\t\t<div class=\"ngg-thumbnail\">\n\n\n\t\t\t\t\t<a href=\"http:\/\/aleksandrow.bimbambino.pl\/?page_id=5958&amp;album=73&amp;gallery=3317\"><img class=\"Thumb\" alt=\"2023-10-06 - Rybki - Myjemy z\u0105bki\" src=\"http:\/\/aleksandrow.bimbambino.pl\/wp-content\/gallery\/20231006_r_myj\/thumbs\/thumbs_386719451_792472772886590_7933981844955449882_n (1).jpg\"\/><\/a>\n\t\t\t\t\n<\/div>\n\n\n\t\t\t\t<div class=\"ngg-description\"> <div class=\"ngg-albumtitle\"><a href=\"http:\/\/aleksandrow.bimbambino.pl\/?page_id=5958&amp;album=73&amp;gallery=3317\">2023-10-06 - Rybki - Myjemy z\u0105bki<\/a><\/div>\n\n\n\t\t\t\t\n\t\t\t\t\n\t\t\t<\/div>\n\t\t<\/div>\n\t<\/div>\n\n \t\n\t<div class=\"ngg-album\">\n\t\t\n\t\t\t<div class=\"ngg-albumcontent\">\n\t\t\t\t<div class=\"ngg-thumbnail\">\n\n\n\t\t\t\t\t<a href=\"http:\/\/aleksandrow.bimbambino.pl\/?page_id=5958&amp;album=73&amp;gallery=3312\"><img class=\"Thumb\" alt=\"2023-10-04 - Rybki - Sok pe\u0142en witamin\" src=\"http:\/\/aleksandrow.bimbambino.pl\/wp-content\/gallery\/20231004_r_sok\/thumbs\/thumbs_370174649_791111913022676_793505140705309777_n.jpg\"\/><\/a>\n\t\t\t\t\n<\/div>\n\n\n\t\t\t\t<div class=\"ngg-description\"> <div class=\"ngg-albumtitle\"><a href=\"http:\/\/aleksandrow.bimbambino.pl\/?page_id=5958&amp;album=73&amp;gallery=3312\">2023-10-04 - Rybki - Sok pe\u0142en witamin<\/a><\/div>\n\n\n\t\t\t\t\n\t\t\t\t\n\t\t\t<\/div>\n\t\t<\/div>\n\t<\/div>\n\n \t\n\t<div class=\"ngg-album\">\n\t\t\n\t\t\t<div class=\"ngg-albumcontent\">\n\t\t\t\t<div class=\"ngg-thumbnail\">\n\n\n\t\t\t\t\t<a href=\"http:\/\/aleksandrow.bimbambino.pl\/?page_id=5958&amp;album=73&amp;gallery=3307\"><img class=\"Thumb\" alt=\"2023-09-29 - Rybki - Mama Marysi czyta bajk\u0119\" src=\"http:\/\/aleksandrow.bimbambino.pl\/wp-content\/gallery\/20230929_r_ma\/thumbs\/thumbs_383441687_787781273355740_2973311596228209022_n.jpg\"\/><\/a>\n\t\t\t\t\n<\/div>\n\n\n\t\t\t\t<div class=\"ngg-description\"> <div class=\"ngg-albumtitle\"><a href=\"http:\/\/aleksandrow.bimbambino.pl\/?page_id=5958&amp;album=73&amp;gallery=3307\">2023-09-29 - Rybki - Mama Marysi czyta bajk\u0119<\/a><\/div>\n\n\n\t\t\t\t\n\t\t\t\t\n\t\t\t<\/div>\n\t\t<\/div>\n\t<\/div>\n\n \t\n\t<div class=\"ngg-album\">\n\t\t\n\t\t\t<div class=\"ngg-albumcontent\">\n\t\t\t\t<div class=\"ngg-thumbnail\">\n\n\n\t\t\t\t\t<a href=\"http:\/\/aleksandrow.bimbambino.pl\/?page_id=5958&amp;album=73&amp;gallery=3305\"><img class=\"Thumb\" alt=\"2023-09-27 - Rybki - Dbamy o z\u0119by\" src=\"http:\/\/aleksandrow.bimbambino.pl\/wp-content\/gallery\/20230927_r_zeb\/thumbs\/thumbs_386495538_792472789553255_3910817092620812539_n.jpg\"\/><\/a>\n\t\t\t\t\n<\/div>\n\n\n\t\t\t\t<div class=\"ngg-description\"> <div class=\"ngg-albumtitle\"><a href=\"http:\/\/aleksandrow.bimbambino.pl\/?page_id=5958&amp;album=73&amp;gallery=3305\">2023-09-27 - Rybki - Dbamy o z\u0119by<\/a><\/div>\n\n\n\t\t\t\t\n\t\t\t\t\n\t\t\t<\/div>\n\t\t<\/div>\n\t<\/div>\n\n \t\n\t<div class=\"ngg-album\">\n\t\t\n\t\t\t<div class=\"ngg-albumcontent\">\n\t\t\t\t<div class=\"ngg-thumbnail\">\n\n\n\t\t\t\t\t<a href=\"http:\/\/aleksandrow.bimbambino.pl\/?page_id=5958&amp;album=73&amp;gallery=3296\"><img class=\"Thumb\" alt=\"2023-09-15 - Rybki - Makieta miasta\" src=\"http:\/\/aleksandrow.bimbambino.pl\/wp-content\/gallery\/20230915_r_mak\/thumbs\/thumbs_378388073_778005527666648_6626229474539801662_n.jpg\"\/><\/a>\n\t\t\t\t\n<\/div>\n\n\n\t\t\t\t<div class=\"ngg-description\"> <div class=\"ngg-albumtitle\"><a href=\"http:\/\/aleksandrow.bimbambino.pl\/?page_id=5958&amp;album=73&amp;gallery=3296\">2023-09-15 - Rybki - Makieta miasta<\/a><\/div>\n\n\n\t\t\t\t\n\t\t\t\t\n\t\t\t<\/div>\n\t\t<\/div>\n\t<\/div>\n\n \t\n\t<div class=\"ngg-album\">\n\t\t\n\t\t\t<div class=\"ngg-albumcontent\">\n\t\t\t\t<div class=\"ngg-thumbnail\">\n\n\n\t\t\t\t\t<a href=\"http:\/\/aleksandrow.bimbambino.pl\/?page_id=5958&amp;album=73&amp;gallery=3295\"><img class=\"Thumb\" alt=\"2023-09-14 - Rybki - Przej\u015bcie dla pieszych\" src=\"http:\/\/aleksandrow.bimbambino.pl\/wp-content\/gallery\/20230914_r_prze\/thumbs\/thumbs_378369779_778004404333427_8657042359841769347_n.jpg\"\/><\/a>\n\t\t\t\t\n<\/div>\n\n\n\t\t\t\t<div class=\"ngg-description\"> <div class=\"ngg-albumtitle\"><a href=\"http:\/\/aleksandrow.bimbambino.pl\/?page_id=5958&amp;album=73&amp;gallery=3295\">2023-09-14 - Rybki - Przej\u015bcie dla pieszych<\/a><\/div>\n\n\n\t\t\t\t\n\t\t\t\t\n\t\t\t<\/div>\n\t\t<\/div>\n\t<\/div>\n\n \t\n\t<div class=\"ngg-album\">\n\t\t\n\t\t\t<div class=\"ngg-albumcontent\">\n\t\t\t\t<div class=\"ngg-thumbnail\">\n\n\n\t\t\t\t\t<a href=\"http:\/\/aleksandrow.bimbambino.pl\/?page_id=5958&amp;album=73&amp;gallery=3288\"><img class=\"Thumb\" alt=\"2023-09-08 - Rybki - Poznajemy plan dnia\" src=\"http:\/\/aleksandrow.bimbambino.pl\/wp-content\/gallery\/20230908_r_poz\/thumbs\/thumbs_376661320_773138734819994_4946596800365021147_n.jpg\"\/><\/a>\n\t\t\t\t\n<\/div>\n\n\n\t\t\t\t<div class=\"ngg-description\"> <div class=\"ngg-albumtitle\"><a href=\"http:\/\/aleksandrow.bimbambino.pl\/?page_id=5958&amp;album=73&amp;gallery=3288\">2023-09-08 - Rybki - Poznajemy plan dnia<\/a><\/div>\n\n\n\t\t\t\t\n\t\t\t\t\n\t\t\t<\/div>\n\t\t<\/div>\n\t<\/div>\n\n \t \t\n\t<!-- Pagination -->\n \t<div class=\"ngg-clear\"><\/div> \t\n<\/div>\n\n\n","protected":false},"excerpt":{"rendered":"","protected":false},"author":2,"featured_media":0,"parent":51,"menu_order":0,"comment_status":"closed","ping_status":"closed","template":"","meta":[],"_links":{"self":[{"href":"http:\/\/aleksandrow.bimbambino.pl\/index.php?rest_route=\/wp\/v2\/pages\/5958"}],"collection":[{"href":"http:\/\/aleksandrow.bimbambino.pl\/index.php?rest_route=\/wp\/v2\/pages"}],"about":[{"href":"http:\/\/aleksandrow.bimbambino.pl\/index.php?rest_route=\/wp\/v2\/types\/page"}],"author":[{"embeddable":true,"href":"http:\/\/aleksandrow.bimbambino.pl\/index.php?rest_route=\/wp\/v2\/users\/2"}],"replies":[{"embeddable":true,"href":"http:\/\/aleksandrow.bimbambino.pl\/index.php?rest_route=%2Fwp%2Fv2%2Fcomments&post=5958"}],"version-history":[{"count":3,"href":"http:\/\/aleksandrow.bimbambino.pl\/index.php?rest_route=\/wp\/v2\/pages\/5958\/revisions"}],"predecessor-version":[{"id":6266,"href":"http:\/\/aleksandrow.bimbambino.pl\/index.php?rest_route=\/wp\/v2\/pages\/5958\/revisions\/6266"}],"up":[{"embeddable":true,"href":"http:\/\/aleksandrow.bimbambino.pl\/index.php?rest_route=\/wp\/v2\/pages\/51"}],"wp:attachment":[{"href":"http:\/\/aleksandrow.bimbambino.pl\/index.php?rest_route=%2Fwp%2Fv2%2Fmedia&parent=5958"}],"curies":[{"name":"wp","href":"https:\/\/api.w.org\/{rel}","templated":true}]}}