{"id":5799,"date":"2021-11-16T16:29:04","date_gmt":"2021-11-16T14:29:04","guid":{"rendered":"http:\/\/aleksandrow.bimbambino.pl\/?page_id=5799"},"modified":"2021-11-16T16:30:06","modified_gmt":"2021-11-16T14:30:06","slug":"szlachetna-paczka-2021","status":"publish","type":"page","link":"http:\/\/aleksandrow.bimbambino.pl\/?page_id=5799","title":{"rendered":"Szlachetna Paczka 2021"},"content":{"rendered":"  <!-- Easing Slider -->\n    <div class=\"lof-container\" style=\"height:225px;padding-right:0px;padding-top:0px;padding-left:0px;padding-bottom:0px;\">\n      <div class=\"lof-slidecontent\" id=\"lofslidecontent45\" style=\"border:3px solid #ccc;width:800px;height:225px;\">\n        <div class=\"preload\" style=\"background:url(http:\/\/aleksandrow.bimbambino.pl\/wp-content\/plugins\/easing-slider\/images\/indicator.gif) no-repeat center center #fff;\">\n\n        <\/div>\n            <div class=\"lof-main-outer\" style=\"background: #fff;width:800px;height:225px;\">\n                <ul class=\"lof-main-wapper\">\n              \t\t<li><img src=\"http:\/\/aleksandrow.bimbambino.pl\/wp-content\/themes\/Linedy2\/images\/slider\/sl1.jpg\" style=\"width:800px;\" alt=\"\" \/><\/li>\t\t<li><img src=\"http:\/\/aleksandrow.bimbambino.pl\/wp-content\/themes\/Linedy2\/images\/slider\/sl2.jpg\" style=\"width:800px;\" alt=\"\" \/><\/li>\t\t<li><img src=\"http:\/\/aleksandrow.bimbambino.pl\/wp-content\/themes\/Linedy2\/images\/slider\/sl3.jpg\" style=\"width:800px;\" alt=\"\" \/><\/li><\/ul><\/div>                <div class=\"lof-navigator-wapper\" style=\"bottom:-35px;left: 0;padding:5px 5px;\">\n                  <div class=\"lof-navigator-outer\">\n                    <ul class=\"lof-navigator\">\n                      <li><span>.<\/span><\/li><li><span>.<\/span><\/li><li><span>.<\/span><\/li>             <\/ul>\n                <\/div>\n              <\/div>\n              \n            <\/div>\n          <\/div><img src=\"http:\/\/aleksandrow.bimbambino.pl\/wp-content\/plugins\/easing-slider\/images\/shadow_arc.png\" style=\"width:800px; padding-left:0px;padding-bottom:0px;padding-top:6px;margin-left:3px;\" alt=\"\" \/><!-- End of Easing Slider -->\n<h2>Szlachetna Paczka 2021<\/h2>\n<p style=\"text-align: justify;\"><span style=\"color: #c0c0c0;\">_______________________________________________________________________________________________________________________<\/span><\/p>\n<p>DRODZY RODZICE<br \/>\nNasze Przedszkole bierze udzia\u0142 w akcji charytatywnej Szlachetna Paczka.<br \/>\nPani\u0105 Agat\u0119 wraz z m\u0119\u017cem na studiach po\u0142\u0105czy\u0142a prawdziwa, pierwsza mi\u0142o\u015b\u0107. Niestety niedane im by\u0142o przej\u015b\u0107 przez \u017cycie we dwoje. Dok\u0142adnie rok temu zosta\u0142a postawiona diagnoza \u2014 nowotw\u00f3r z\u0142o\u015bliwy. M\u0105\u017c pani Agaty przerwa\u0142 nier\u00f3wn\u0105 walk\u0119 po 9 miesi\u0105cach choroby, zostawiaj\u0105c tym samym j\u0105 i dw\u00f3jk\u0119 ma\u0142ych dzieci w smutnej rzeczywisto\u015bci. Codzienno\u015b\u0107 rodzinny od tamtego czasu jest bardzo smutna, pusta. Pani Agata stara si\u0119 z ca\u0142ych si\u0142, aby \u017cycie dzieci nie zosta\u0142o wywr\u00f3cone w zupe\u0142no\u015bci, stara si\u0119 podtrzymywa\u0107 je takim, jakim by\u0142o, kiedy ich tatu\u015b \u017cy\u0142. Ca\u0142y obecny przych\u00f3d rodziny wynosi 4459 z\u0142, natomiast suma miesi\u0119cznych wydatk\u00f3w na utrzymanie wynosi 2340 z\u0142. Doch\u00f3d na jednego cz\u0142onka rodziny wynosi 706 z\u0142. W momencie powrotu do szko\u0142y dzieci zacz\u0119\u0142y chorowa\u0107, spora cz\u0119\u015b\u0107 kwoty zosta\u0142a przeznaczona na leki. Pani Agata op\u0142aca \u017c\u0142obek oraz przedszkole dzieci.<br \/>\nRodzina mimo trudno\u015bci losu, nie poddaje si\u0119. Pani Agata jest siln\u0105 kobiet\u0105, kt\u00f3ra ka\u017cd\u0105 woln\u0105 chwil\u0119 po\u015bwi\u0119ca dzieciom. Pani Agata jest wdzi\u0119czna za ka\u017cd\u0105 chwil\u0119 \u017cycia, za dzieci, kt\u00f3re ma i za mi\u0142o\u015b\u0107, jak\u0105 obdarowa\u0142 j\u0105 m\u0105\u017c. Po cichu m\u00f3wi, \u017ce gdyby mog\u0142a cofn\u0105\u0107 czas, to by\u0142yby to chwile ich pierwszego ta\u0144ca na weselu. Podkre\u015bla, \u017ce wa\u017cne jest to co tu i teraz. Pani Agata ma wokalny talent, kt\u00f3rym zara\u017ca swoje dzieci \u2014 wsp\u00f3lnie \u015bpiewaj\u0105, a dzieci dzi\u0119ki temu ch\u0119tnie uczestnicz\u0105 w akademiach szkolnych. Jagoda jest bardzo weso\u0142ym i otwartym dzieckiem, uwielbia lalki i kolorowanki. Janek jest pasjonatem zabawkowych pistolet\u00f3w i wie, jak bezpiecznie korzysta\u0107 z takich zabawek, strzelaj\u0105c tylko i wy\u0142\u0105cznie do tarczy.<br \/>\nPotrzeby, kt\u00f3re Pani Agata okre\u015bli\u0142a s\u0105 nast\u0119puj\u0105ce:<\/p>\n<p>\u017bYWNO\u015a\u0106 TRWA\u0141A:<br \/>\n&#8211; herbata, kawa, ry\u017c, kasza, makaron, m\u0105ka, cukier, olej, d\u017cem, konserwy, warzywa i owoce w puszkach, przeciery pomidorowe i og\u00f3rkowe, ketchup i inne<br \/>\n\u015aRODKI CZYSTO\u015aCI<br \/>\n&#8211; proszek do prania, p\u0142yny czyszcz\u0105ce, p\u0142yn do mycia naczy\u0144, szampon, myd\u0142o\/\u017cel myj\u0105cy i inne, ielucho-majtki rozmiar 6, krem do piel\u0119gnacji cia\u0142a dla dzieci, chusteczki nawil\u017cone<\/p>\n<p>ODZIE\u017b<br \/>\nAgata: Kurtka (Zimowa) Rozmiar: S, Uwagi: Pani Agata ma 155 cm wzrostu nale\u017cy do niskich os\u00f3b, rozmiar S, czasami ma\u0142e M<br \/>\nJagoda: Kurtka (Zimowa) Rozmiar: 104 cm, Uwagi: Rozmiar podany jest zawy\u017cony, pani Agata chce zabezpieczy\u0107 c\u00f3rk\u0119 w kurtk\u0119 na przysz\u0142\u0105 zim\u0119<br \/>\nJan: Kurtka (Zimowa) Rozmiar: 122 cm, Uwagi: Rozmiar podany jest zawy\u017cony, poniewa\u017c pani Agata my\u015bli o zabezpieczeniu dzieci na odzie\u017c zimow\u0105 na przysz\u0142y rok OBUWIE:<br \/>\nJan: Kozaki\/buty zimowe, rozmiar: 30,<br \/>\nJagoda: Kozaki\/buty zimowe, rozmiar: 26,<\/p>\n<p>INNE POTRZEBY:<br \/>\n&#8211; Po\u015bciel dla pani Agaty w rozmiarze 200&#215;220, natomiast dla dzieci rozmiar 160&#215;200. R\u0119czniki 50&#215;90 i 70&#215;140<br \/>\n&#8211; Firany do pokoju dzieci, wymiary: okno 5m szeroko\u015bci, 1,60 m d\u0142ugo\u015bci, okno balkonowe 3 m szeroko\u015bci i 2,30m d\u0142ugo\u015bci<br \/>\n&#8211; czajnik elektryczny, mop<\/p>\n<p>OPA\u0141<br \/>\nRodzina pani Agaty na rok potrzebuje 8 ton opa\u0142u&#8230;jednak zdajemy sobie spraw\u0119 z tego jak wielkie s\u0105 to koszty, dlatego pani Agata b\u0119dzie wdzi\u0119czna za ka\u017cda ilo\u015b\u0107<\/p>\n<p>SPECJALNE UPOMINKI:<br \/>\nJagoda: lalka, kt\u00f3ra chodzi<br \/>\nJan: gra interaktywna &#8211; Quercetti REMI CODE GRA NAUKA PROGRAMOWANIA I KODOWANIA<\/p>\n<p>WA\u017bNE &#8211; Ubrania nie musz\u0105 by\u0107 nowe, ale bardzo wa\u017cne jest, \u017ceby by\u0142y w bardzo dobrym stanie.<\/p>\n<p>AKCJA TRWA DO 10 GRUDNIA<\/p>\n<p>Drodzy Rodzice,<br \/>\nkoszt zakupu tony opa\u0142u to ok. 1400 z\u0142. Je\u015bli ka\u017cda rodzina przeznaczy 17 z\u0142. dodatkowo, b\u0119dziemy mogli wsp\u00f3lnie tego dokona\u0107 i spe\u0142ni\u0107 bardzo wa\u017cn\u0105 potrzeb\u0119 tej rodziny,\u00a0 80 dzieci (odliczaj\u0105c rodze\u0144stwa) x 17 z\u0142 = 1360 z\u0142!<br \/>\nOczywi\u015bcie rozumiemy, \u017ce nie ka\u017cdy mo\u017ce sobie pozwoli\u0107 na dodatkowe wydatki w tym trudnym czasie, zatem je\u015bli kto\u015b z Pa\u0144stwa mo\u017ce przeznaczy\u0107 wi\u0119cej ni\u017c 17 z\u0142, zwi\u0119kszy to szanse zakupu opa\u0142u.<br \/>\nProsimy wrzuca\u0107 pieni\u0105dze do s\u0142oika, stoj\u0105cego w przedszkolu (w tym celu prosz\u0119 poprosi\u0107 o niego kt\u00f3regokolwiek pracownika przedszkola)<\/p>\n","protected":false},"excerpt":{"rendered":"<p>Szlachetna Paczka 2021 _______________________________________________________________________________________________________________________ DRODZY RODZICE Nasze Przedszkole bierze udzia\u0142 w akcji charytatywnej Szlachetna Paczka. Pani\u0105 Agat\u0119 wraz z m\u0119\u017cem na studiach po\u0142\u0105czy\u0142a prawdziwa, pierwsza mi\u0142o\u015b\u0107. Niestety niedane im by\u0142o przej\u015b\u0107 przez \u017cycie we dwoje. Dok\u0142adnie rok temu zosta\u0142a postawiona diagnoza \u2014 nowotw\u00f3r z\u0142o\u015bliwy. M\u0105\u017c pani Agaty przerwa\u0142 nier\u00f3wn\u0105 walk\u0119 po 9 miesi\u0105cach choroby, zostawiaj\u0105c<\/p>\n","protected":false},"author":2,"featured_media":0,"parent":0,"menu_order":0,"comment_status":"closed","ping_status":"closed","template":"","meta":[],"_links":{"self":[{"href":"http:\/\/aleksandrow.bimbambino.pl\/index.php?rest_route=\/wp\/v2\/pages\/5799"}],"collection":[{"href":"http:\/\/aleksandrow.bimbambino.pl\/index.php?rest_route=\/wp\/v2\/pages"}],"about":[{"href":"http:\/\/aleksandrow.bimbambino.pl\/index.php?rest_route=\/wp\/v2\/types\/page"}],"author":[{"embeddable":true,"href":"http:\/\/aleksandrow.bimbambino.pl\/index.php?rest_route=\/wp\/v2\/users\/2"}],"replies":[{"embeddable":true,"href":"http:\/\/aleksandrow.bimbambino.pl\/index.php?rest_route=%2Fwp%2Fv2%2Fcomments&post=5799"}],"version-history":[{"count":2,"href":"http:\/\/aleksandrow.bimbambino.pl\/index.php?rest_route=\/wp\/v2\/pages\/5799\/revisions"}],"predecessor-version":[{"id":5803,"href":"http:\/\/aleksandrow.bimbambino.pl\/index.php?rest_route=\/wp\/v2\/pages\/5799\/revisions\/5803"}],"wp:attachment":[{"href":"http:\/\/aleksandrow.bimbambino.pl\/index.php?rest_route=%2Fwp%2Fv2%2Fmedia&parent=5799"}],"curies":[{"name":"wp","href":"https:\/\/api.w.org\/{rel}","templated":true}]}}