{"id":5766,"date":"2021-10-14T15:15:51","date_gmt":"2021-10-14T13:15:51","guid":{"rendered":"http:\/\/aleksandrow.bimbambino.pl\/?page_id=5766"},"modified":"2021-10-14T15:15:51","modified_gmt":"2021-10-14T13:15:51","slug":"wskazowki-logopedyczne-2","status":"publish","type":"page","link":"http:\/\/aleksandrow.bimbambino.pl\/?page_id=5766","title":{"rendered":"Wskaz\u00f3wki logopedyczne"},"content":{"rendered":"  <!-- Easing Slider -->\n    <div class=\"lof-container\" style=\"height:225px;padding-right:0px;padding-top:0px;padding-left:0px;padding-bottom:0px;\">\n      <div class=\"lof-slidecontent\" id=\"lofslidecontent45\" style=\"border:3px solid #ccc;width:800px;height:225px;\">\n        <div class=\"preload\" style=\"background:url(http:\/\/aleksandrow.bimbambino.pl\/wp-content\/plugins\/easing-slider\/images\/indicator.gif) no-repeat center center #fff;\">\n\n        <\/div>\n            <div class=\"lof-main-outer\" style=\"background: #fff;width:800px;height:225px;\">\n                <ul class=\"lof-main-wapper\">\n              \t\t<li><img src=\"http:\/\/aleksandrow.bimbambino.pl\/wp-content\/themes\/Linedy2\/images\/slider\/sl1.jpg\" style=\"width:800px;\" alt=\"\" \/><\/li>\t\t<li><img src=\"http:\/\/aleksandrow.bimbambino.pl\/wp-content\/themes\/Linedy2\/images\/slider\/sl2.jpg\" style=\"width:800px;\" alt=\"\" \/><\/li>\t\t<li><img src=\"http:\/\/aleksandrow.bimbambino.pl\/wp-content\/themes\/Linedy2\/images\/slider\/sl3.jpg\" style=\"width:800px;\" alt=\"\" \/><\/li><\/ul><\/div>                <div class=\"lof-navigator-wapper\" style=\"bottom:-35px;left: 0;padding:5px 5px;\">\n                  <div class=\"lof-navigator-outer\">\n                    <ul class=\"lof-navigator\">\n                      <li><span>.<\/span><\/li><li><span>.<\/span><\/li><li><span>.<\/span><\/li>             <\/ul>\n                <\/div>\n              <\/div>\n              \n            <\/div>\n          <\/div><img src=\"http:\/\/aleksandrow.bimbambino.pl\/wp-content\/plugins\/easing-slider\/images\/shadow_arc.png\" style=\"width:800px; padding-left:0px;padding-bottom:0px;padding-top:6px;margin-left:3px;\" alt=\"\" \/><!-- End of Easing Slider -->\n<h2>Wskaz\u00f3wki logopedyczne<\/h2>\n<p style=\"text-align: justify;\"><span style=\"color: #c0c0c0;\">_______________________________________________________________________________________________________________________<\/span><\/p>\n<p>Istotnym elementem profilaktyki wad wymowy jest \u015bwiadomo\u015b\u0107 Rodzic\u00f3w i najbli\u017cszego otoczenia dziecka. Poni\u017cej prezentuj\u0119 tzw. przykazania logopedyczne.<\/p>\n<p>1. ZWR\u00d3\u0106 UWAG\u0118 NA SPOS\u00d3B ODDYCHANIA DZIECKA. Wdech i wydech przy spoczynku lub milczeniu powinien si\u0119 odbywa\u0107 przez nos. Je\u015bli przy oddychaniu dziecko ma otwart\u0105 buzi\u0119, powinno Ci\u0119 to zaniepokoi\u0107.<\/p>\n<p>2. BY DOBRZE M\u00d3WI\u0106, TRZEBA DOBRZE S\u0141YSZE\u0106. Je\u015bli musisz powtarza\u0107 polecenie lub pro\u015bby kierowane do dziecka, sprawd\u017a Jego s\u0142uch.<\/p>\n<p>3. M\u00d3WI\u0104C DO DZIECKA, NIE SPIESZCZAJ FORM WYRAZ\u00d3W. Tylko w\u0142a\u015bciwa wymowa i zachowanie poprawnych form gramatycznych dadz\u0105 po\u017c\u0105dany efekt w postaci prawid\u0142owej wymowy.<\/p>\n<p>4. ZWR\u00d3\u0106 UWAG\u0118 NA BUDOW\u0118 J\u0118ZYKA, WARG, POLICZK\u00d3W, PODNIEBIENIA (mi\u0119kkiego i twardego) oraz J\u0118ZYK. Je\u015bli masz w\u0105tpliwo\u015bci co do ich wygl\u0105du, u\u0142o\u017cenia, wielko\u015bci czy ruchliwo\u015bci, udaj si\u0119 do specjalisty po konsultacj\u0119.<\/p>\n<p>5. UCZ DZIECKO GRYZIENIA od momentu, gdy tylko zaczniesz podawa\u0107 pokarmy sta\u0142e. Gryzienie marchewki, jab\u0142ka, sk\u00f3rki od chleba wp\u0142ywa na prawid\u0142owe po\u0142ykanie pokarm\u00f3w, u\u0142o\u017cenie z\u0119b\u00f3w i \u017cuchwy oraz prawid\u0142owe ruchy j\u0119zyka.<\/p>\n<p>6. CODZIENNIE CZYTAJ DZIECKU NA G\u0141OS, przynajmniej 20 minut, dziecko poprawia swoj\u0105 wymow\u0119, doskonali j\u0105, staraj\u0105c si\u0119 na\u015bladowa\u0107 to, co s\u0142yszy od otoczenia. Dzi\u0119ki g\u0142o\u015bnemu czytaniu doros\u0142ego dziecko tak\u017ce wzbogaca swoje s\u0142ownictwo, \u0107wiczy pami\u0119\u0107 werbaln\u0105, zdolno\u015b\u0107 koncentracji uwagi, umiej\u0119tno\u015b\u0107 budowania zda\u0144.<\/p>\n<p>7. PODCZAS CZYTANIA NIECH TWOJE DZIECKO OPOWIADA tre\u015b\u0107 ilustracji, na\u015bladuje r\u00f3\u017cne odg\u0142osy<br \/>\n(np. szum wiatru, pukanie, odg\u0142osy zwierz\u0105t). Wyrazy d\u017awi\u0119kona\u015bladowcze s\u0105 doskona\u0142ym \u0107wiczeniem usprawniaj\u0105cym narz\u0105dy artykulacyjne, przygotowuj\u0105 dziecko do wymowy kolejnych g\u0142osek.<\/p>\n<p>8. ZACH\u0118CAJ DZIECKO DO NAUKI WIERSZY NA PAMI\u0118\u0106. Jest to doskona\u0142a forma \u0107wicze\u0144 utrwalaj\u0105cych wyrazist\u0105 wymow\u0119.<\/p>\n<p>9. WPROWAD\u0179 DO ZABAWY GIMNASTYK\u0118 BUZI I J\u0118ZYKA. \u0106wiczenia logopedyczne nie musz\u0105 by\u0107 nudne! Niech to b\u0119dzie zabawa dla Ciebie i dziecka. Dodatkowo b\u0119dzie to czas, jaki sp\u0119dzicie razem i to ju\u017c jest sukces. O tym, jak prowadzi\u0107 t\u0119 gimnastyk\u0119, porozmawiaj z logoped\u0105 dziecka. On udzieli Ci fachowych wskaz\u00f3wek.<\/p>\n<p>10. \u0106WICZENIA WYKONUJCIE SYSTEMATYCZNIE. Tylko wtedy przynios\u0105 one oczekiwany efekt. \u0106wiczy\u0107 mo\u017cna zawsze i wsz\u0119dzie, nie musi si\u0119 to odbywa\u0107 w wyznaczonym, ustalonym czasie. Jest to nawet niewskazane, gdy\u017c dziecko nie powinno traktowa\u0107 takich \u0107wicze\u0144 jak obowi\u0105zku.<\/p>\n<p>WA\u017bNE !!!<br \/>\nStan mowy ma ogromny wp\u0142yw na nauk\u0119 szkoln\u0105. Od tego, jak dziecko m\u00f3wi zale\u017c\u0105 w znacznej mierze jego post\u0119py w nauce oraz pozycja spo\u0142eczna w grupie klasowej, co nazywa si\u0119 powodzeniem szkolnym.<\/p>\n","protected":false},"excerpt":{"rendered":"<p>Wskaz\u00f3wki logopedyczne _______________________________________________________________________________________________________________________ Istotnym elementem profilaktyki wad wymowy jest \u015bwiadomo\u015b\u0107 Rodzic\u00f3w i najbli\u017cszego otoczenia dziecka. Poni\u017cej prezentuj\u0119 tzw. przykazania logopedyczne. 1. ZWR\u00d3\u0106 UWAG\u0118 NA SPOS\u00d3B ODDYCHANIA DZIECKA. Wdech i wydech przy spoczynku lub milczeniu powinien si\u0119 odbywa\u0107 przez nos. Je\u015bli przy oddychaniu dziecko ma otwart\u0105 buzi\u0119, powinno Ci\u0119 to zaniepokoi\u0107. 2. BY DOBRZE M\u00d3WI\u0106, TRZEBA<\/p>\n","protected":false},"author":2,"featured_media":0,"parent":0,"menu_order":0,"comment_status":"closed","ping_status":"closed","template":"","meta":[],"_links":{"self":[{"href":"http:\/\/aleksandrow.bimbambino.pl\/index.php?rest_route=\/wp\/v2\/pages\/5766"}],"collection":[{"href":"http:\/\/aleksandrow.bimbambino.pl\/index.php?rest_route=\/wp\/v2\/pages"}],"about":[{"href":"http:\/\/aleksandrow.bimbambino.pl\/index.php?rest_route=\/wp\/v2\/types\/page"}],"author":[{"embeddable":true,"href":"http:\/\/aleksandrow.bimbambino.pl\/index.php?rest_route=\/wp\/v2\/users\/2"}],"replies":[{"embeddable":true,"href":"http:\/\/aleksandrow.bimbambino.pl\/index.php?rest_route=%2Fwp%2Fv2%2Fcomments&post=5766"}],"version-history":[{"count":1,"href":"http:\/\/aleksandrow.bimbambino.pl\/index.php?rest_route=\/wp\/v2\/pages\/5766\/revisions"}],"predecessor-version":[{"id":5768,"href":"http:\/\/aleksandrow.bimbambino.pl\/index.php?rest_route=\/wp\/v2\/pages\/5766\/revisions\/5768"}],"wp:attachment":[{"href":"http:\/\/aleksandrow.bimbambino.pl\/index.php?rest_route=%2Fwp%2Fv2%2Fmedia&parent=5766"}],"curies":[{"name":"wp","href":"https:\/\/api.w.org\/{rel}","templated":true}]}}