{"id":5751,"date":"2021-10-07T11:25:31","date_gmt":"2021-10-07T09:25:31","guid":{"rendered":"http:\/\/aleksandrow.bimbambino.pl\/?page_id=5751"},"modified":"2023-11-06T07:19:29","modified_gmt":"2023-11-06T05:19:29","slug":"angielski","status":"publish","type":"page","link":"http:\/\/aleksandrow.bimbambino.pl\/?page_id=5751","title":{"rendered":"Angielski"},"content":{"rendered":"  <!-- Easing Slider -->\n    <div class=\"lof-container\" style=\"height:225px;padding-right:0px;padding-top:0px;padding-left:0px;padding-bottom:0px;\">\n      <div class=\"lof-slidecontent\" id=\"lofslidecontent45\" style=\"border:3px solid #ccc;width:800px;height:225px;\">\n        <div class=\"preload\" style=\"background:url(http:\/\/aleksandrow.bimbambino.pl\/wp-content\/plugins\/easing-slider\/images\/indicator.gif) no-repeat center center #fff;\">\n\n        <\/div>\n            <div class=\"lof-main-outer\" style=\"background: #fff;width:800px;height:225px;\">\n                <ul class=\"lof-main-wapper\">\n              \t\t<li><img src=\"http:\/\/aleksandrow.bimbambino.pl\/wp-content\/themes\/Linedy2\/images\/slider\/sl1.jpg\" style=\"width:800px;\" alt=\"\" \/><\/li>\t\t<li><img src=\"http:\/\/aleksandrow.bimbambino.pl\/wp-content\/themes\/Linedy2\/images\/slider\/sl2.jpg\" style=\"width:800px;\" alt=\"\" \/><\/li>\t\t<li><img src=\"http:\/\/aleksandrow.bimbambino.pl\/wp-content\/themes\/Linedy2\/images\/slider\/sl3.jpg\" style=\"width:800px;\" alt=\"\" \/><\/li><\/ul><\/div>                <div class=\"lof-navigator-wapper\" style=\"bottom:-35px;left: 0;padding:5px 5px;\">\n                  <div class=\"lof-navigator-outer\">\n                    <ul class=\"lof-navigator\">\n                      <li><span>.<\/span><\/li><li><span>.<\/span><\/li><li><span>.<\/span><\/li>             <\/ul>\n                <\/div>\n              <\/div>\n              \n            <\/div>\n          <\/div><img src=\"http:\/\/aleksandrow.bimbambino.pl\/wp-content\/plugins\/easing-slider\/images\/shadow_arc.png\" style=\"width:800px; padding-left:0px;padding-bottom:0px;padding-top:6px;margin-left:3px;\" alt=\"\" \/><!-- End of Easing Slider -->\n<h2>Angielski<\/h2>\n<p style=\"text-align: justify;\"><span style=\"color: #c0c0c0;\">_______________________________________________________________________________________________________________________<\/span><\/p>\n<p><strong><u>Rybki S\u0142\u00f3wka Angielskie na listopad 2023<\/u><\/strong><\/p>\n<p><strong><em>30.10.-03.11.-I have a pet-Mam zierz\u0105tko domowe<\/em><\/strong><\/p>\n<p>dog, cat, hamster, fish,mouse, parrot ( pies, kot, chomik, rybka, mysz, papuga)<\/p>\n<p><strong><em>06.11.-10.11- My toys-Moje zabawki<\/em><\/strong><\/p>\n<p>ball, doll, teddy bear, car, robot, blocks ( pi\u0142ka, lalka, mi\u015b pluszowy, samochodzik, robot,<\/p>\n<p>klocki)<\/p>\n<p><strong><em>13.17.-17.11.-Family photo-Zdj\u0119cie rodzinne<\/em><\/strong><\/p>\n<p>mommy, daddy, grandma, grandpa, brother, sister (mamusia, tatu\u015b, babcia, dziadek,<\/p>\n<p>brat, siostra)<\/p>\n<p><strong><em>20.11.-24.11.-Clothes- Ubrania<\/em><\/strong><\/p>\n<p>trousers, t-shirt, jumper, socks, hoodie, shoes,( spodnie, koszulka, sweter, skarpety,<\/p>\n<p>bluza z kapturem, buty)<\/p>\n<p><strong><em>27.11.-01.12.- Breakfast food-\u015bniadaniowe jedzenie<\/em><\/strong><\/p>\n<p>cereals, bread, ham, cheese, tea (p\u0142atki, chleb, szynka, ser, herbata)<\/p>\n<p><strong><u>\u00a0<\/u><\/strong><\/p>\n<p><strong><u>Biedronki S\u0142\u00f3wka Angielskie na listopad 2023<\/u><\/strong><\/p>\n<p><strong><em>30.10.-03.11.-I have a pet-Mam zwierz\u0105tko domowe<\/em><\/strong><\/p>\n<p>dog, cat, hamster, fish,mouse, parrot, hamster( pies, kot, chomik, rybka, mysz, papuga,<\/p>\n<p>chomik)<\/p>\n<p><strong><em>06.11.-10.11- My toys-Moje zabawki<\/em><\/strong><\/p>\n<p>ball, doll, teddy bear, car, robot, blocks, scooter ( pi\u0142ka, lalka, mi\u015b pluszowy,<\/p>\n<p>samochodzik, robot, klocki, hulajnoga)<\/p>\n<p><strong><em>13.17.-17.11.-Family photo-Zdj\u0119cie rodzinne<\/em><\/strong><\/p>\n<p>mommy, daddy, grandma, grandpa, brother, sister (mamusia, tatu\u015b, babcia, dziadek,<\/p>\n<p>brat, siostra)<\/p>\n<p><strong><em>20.11.-24.11.-Clothes- Ubrania<\/em><\/strong><\/p>\n<p>trousers, t-shirt, jumper, socks, hoodie, shoes, skirt ( spodnie, koszulka, sweter,<\/p>\n<p>skarpety, bluza z kapturem, buty, sp\u00f3dniczka)<\/p>\n<p><strong><em>27.11.-01.12.- Breakfast food-\u015bniadaniowe jedzenie<\/em><\/strong><\/p>\n<p>cereals, bread, ham, cheese, tea, juice (p\u0142atki, chleb, szynka, ser, herbata, sok)<\/p>\n<p><u>\u00a0<\/u><\/p>\n<p><strong><u>S\u0142\u00f3wka Angielskie na listopad 2023 Motylki<\/u><\/strong><\/p>\n<p><strong><em>30.10.-03.11.-I have a pet-Mam zierz\u0105tko domowe<\/em><\/strong><\/p>\n<p>dog, cat, hamster, fish,mouse, parrot, hamster, guinea pig( pies, kot, chomik, rybka,<\/p>\n<p>mysz, papuga, chomik)<\/p>\n<p><strong><em>06.11.-10.11- My toys-Moje zabawki<\/em><\/strong><\/p>\n<p>ball, doll, teddy bear, car, robot, blocks, scooter, puzzles ( pi\u0142ka, lalka, mi\u015b pluszowy,<\/p>\n<p>samochodzik, robot, klocki, hulajnoga, puzzle)<\/p>\n<p><strong><em>13.17.-17.11.-Family photo-Zdj\u0119cie rodzinne<\/em><\/strong><\/p>\n<p>mommy, daddy, grandma, grandpa, brother, sister, uncle, aunt,(mamusia, tatu\u015b, babcia,<\/p>\n<p>dziadek, brat, siostra, wujek, ciocia)<\/p>\n<p><strong><em>20.11.-24.11.-Clothes- Ubrania<\/em><\/strong><\/p>\n<p>trousers, t-shirt, jumper, socks, hoodie, shoes, skirt ( spodnie, koszulka, sweter,<\/p>\n<p>skarpety, bluza z kapturem, buty, sp\u00f3dniczka)<\/p>\n<p><strong><em>27.11.-01.12.- Breakfast food-\u015bniadaniowe jedzenie<\/em><\/strong><\/p>\n<p>cereals, bread, ham, cheese, jam, tea, juice (p\u0142atki, chleb, szynka, ser, d\u017cem, herbata,<\/p>\n<p>sok,)<\/p>\n<p><strong>Rybki i Biedronki <\/strong><\/p>\n<p><strong>s\u0142\u00f3wka angielskie &#8211; pa\u017adziernik 2023<\/strong><\/p>\n<p><u>02.10.-06.10- Fruits-Owoce<\/u><\/p>\n<p>apple, orange, pear, banana, stawberry (jab\u0142ko, pomara\u0144cza, gruszka, banan, truskawka)<\/p>\n<p><u>09.10.-13.10-Our feelings and emotions- Nasze uczucia i emocje<\/u><\/p>\n<p>happy, sad, angry, scared, sleepy (szcz\u0119\u015bliwy, smutny, w\u015bciek\u0142y, przestraszony, \u015bpi\u0105cy)<\/p>\n<p><u>16.10-20.10-Numbers from 1 to 10- liczby od 1 do 10<\/u><\/p>\n<p>one, two, three, four, five, six, seven, eight, nine, ten (jeden, dwa, trzy, cztery, pi\u0119\u0107, sze\u015b\u0107, siedem, osiem, dziewi\u0119\u0107, dziesi\u0119\u0107)<\/p>\n<p>Uwaga: Rybki ucz\u0105 si\u0119 liczy\u0107 tylko do siedmiu.<\/p>\n<p><u>25.10-29.10-I have a pet-Mam zierz\u0105tko domowe<\/u><\/p>\n<p>dog, cat, hamster, fish,mouse, parrot ( pies, kot, chomik, rybka, mysz, papuga)<strong>\u00a0<\/strong><\/p>\n<p><strong>Motylki <\/strong><\/p>\n<p><strong>s\u0142\u00f3wka angielskie &#8211; pa\u017adziernik 2023<\/strong><\/p>\n<p><u>02.10.-06.10-Fruits-Owoce<\/u><\/p>\n<p>apple, orange, pear, banana, stawberry, grapes, peach,(jab\u0142ko, pomara\u0144cza, gruszka, banan, truskawka, winogrona, brzoskwinia)<\/p>\n<p><u>09.10.-13.10-Our feelings and emotions- Nasze uczucia i emocje<\/u><\/p>\n<p>happy, sad, angry, scared, sleepy, curious, upset (szcz\u0119\u015bliwy, smutny, w\u015bciek\u0142y, przestraszony, \u015bpi\u0105cy, ciekawy, obra\u017cony)<\/p>\n<p><u>16.10-20.10.-Numbers from 1 to 10- liczby od 1 do 10<\/u><\/p>\n<p>one, two, three, four, five, six, seven, eight, nine, ten (jeden, dwa, trzy, cztery, pi\u0119\u0107, sze\u015b\u0107, siedem, osiem, dziewi\u0119\u0107, dziesi\u0119\u0107)<\/p>\n<p><u>23.10.-27.10-I have a pet-Mam zierz\u0105tko domowe<\/u><\/p>\n<p>dog, cat, hamster, fish,mouse, parrot ( pies, kot, chomik, rybka, mysz, papuga)<\/p>\n<p><strong>Motylki<\/strong><\/p>\n<p><strong>s\u0142\u00f3wka angielskie na wrzesie\u0144 2023<\/strong><\/p>\n<p><u>18.09-22.09- Hello-Poznajemy si\u0119<\/u><\/p>\n<p>clap your hands, stomp your feet, stetch up high, turn around, touch your toes ,say hello( klaszcz w d\u0142onie, tupaj stopami, rozci\u0105gnij si\u0119, obr\u00f3\u0107 si\u0119, dotknij palc\u00f3w u st\u00f3p, powiedz Hello)<\/p>\n<p><u>25.09.-29.09-Colorful Day-Kolorowy dzie\u0144<\/u><\/p>\n<p>blue, green, yellow, red, orange, pink, brown, black, white,(niebieski, zielony, \u017c\u00f3\u0142ty, czerwony,\u00a0 pomara\u0144czowy, r\u00f3\u017cowy)<\/p>\n<p><strong>Rybki i Biedronki<\/strong><\/p>\n<p><strong>s\u0142\u00f3wka angielskie na wrzesie\u0144 2023<\/strong><\/p>\n<p><u>18.09-22.09.- Hello-Poznajemy si\u0119<\/u><\/p>\n<p>clap your hands, stomp your feet, stetch up high, turn around, touch your toes ,say hello (klaszcz w d\u0142onie, tupaj stopami, rozci\u0105gnij si\u0119, obr\u00f3\u0107 si\u0119, dotknij palc\u00f3w u st\u00f3p, powiedz Hello)<\/p>\n<p><u>25.09.-29.09.-Colorful Day-Kolorowy dzie\u0144<\/u><\/p>\n<p>blue, green, yellow, red, orange, pink (niebieski, zielony, \u017c\u00f3\u0142ty, czerwony, pomara\u0144czowy, r\u00f3\u017cowy)<\/p>\n","protected":false},"excerpt":{"rendered":"<p>Angielski _______________________________________________________________________________________________________________________ Rybki S\u0142\u00f3wka Angielskie na listopad 2023 30.10.-03.11.-I have a pet-Mam zierz\u0105tko domowe dog, cat, hamster, fish,mouse, parrot ( pies, kot, chomik, rybka, mysz, papuga) 06.11.-10.11- My toys-Moje zabawki ball, doll, teddy bear, car, robot, blocks ( pi\u0142ka, lalka, mi\u015b pluszowy, samochodzik, robot, klocki) 13.17.-17.11.-Family photo-Zdj\u0119cie rodzinne mommy, daddy, grandma, grandpa, brother, sister (mamusia,<\/p>\n","protected":false},"author":2,"featured_media":0,"parent":0,"menu_order":0,"comment_status":"closed","ping_status":"closed","template":"","meta":[],"_links":{"self":[{"href":"http:\/\/aleksandrow.bimbambino.pl\/index.php?rest_route=\/wp\/v2\/pages\/5751"}],"collection":[{"href":"http:\/\/aleksandrow.bimbambino.pl\/index.php?rest_route=\/wp\/v2\/pages"}],"about":[{"href":"http:\/\/aleksandrow.bimbambino.pl\/index.php?rest_route=\/wp\/v2\/types\/page"}],"author":[{"embeddable":true,"href":"http:\/\/aleksandrow.bimbambino.pl\/index.php?rest_route=\/wp\/v2\/users\/2"}],"replies":[{"embeddable":true,"href":"http:\/\/aleksandrow.bimbambino.pl\/index.php?rest_route=%2Fwp%2Fv2%2Fcomments&post=5751"}],"version-history":[{"count":27,"href":"http:\/\/aleksandrow.bimbambino.pl\/index.php?rest_route=\/wp\/v2\/pages\/5751\/revisions"}],"predecessor-version":[{"id":6334,"href":"http:\/\/aleksandrow.bimbambino.pl\/index.php?rest_route=\/wp\/v2\/pages\/5751\/revisions\/6334"}],"wp:attachment":[{"href":"http:\/\/aleksandrow.bimbambino.pl\/index.php?rest_route=%2Fwp%2Fv2%2Fmedia&parent=5751"}],"curies":[{"name":"wp","href":"https:\/\/api.w.org\/{rel}","templated":true}]}}