{"id":5204,"date":"2020-11-19T12:28:38","date_gmt":"2020-11-19T10:28:38","guid":{"rendered":"http:\/\/aleksandrow.bimbambino.pl\/?page_id=5204"},"modified":"2021-01-03T14:03:29","modified_gmt":"2021-01-03T12:03:29","slug":"szlachetna-paczka-2020","status":"publish","type":"page","link":"http:\/\/aleksandrow.bimbambino.pl\/?page_id=5204","title":{"rendered":"Szlachetna Paczka 2020"},"content":{"rendered":"  <!-- Easing Slider -->\n    <div class=\"lof-container\" style=\"height:225px;padding-right:0px;padding-top:0px;padding-left:0px;padding-bottom:0px;\">\n      <div class=\"lof-slidecontent\" id=\"lofslidecontent45\" style=\"border:3px solid #ccc;width:800px;height:225px;\">\n        <div class=\"preload\" style=\"background:url(http:\/\/aleksandrow.bimbambino.pl\/wp-content\/plugins\/easing-slider\/images\/indicator.gif) no-repeat center center #fff;\">\n\n        <\/div>\n            <div class=\"lof-main-outer\" style=\"background: #fff;width:800px;height:225px;\">\n                <ul class=\"lof-main-wapper\">\n              \t\t<li><img src=\"http:\/\/aleksandrow.bimbambino.pl\/wp-content\/themes\/Linedy2\/images\/slider\/sl1.jpg\" style=\"width:800px;\" alt=\"\" \/><\/li>\t\t<li><img src=\"http:\/\/aleksandrow.bimbambino.pl\/wp-content\/themes\/Linedy2\/images\/slider\/sl2.jpg\" style=\"width:800px;\" alt=\"\" \/><\/li>\t\t<li><img src=\"http:\/\/aleksandrow.bimbambino.pl\/wp-content\/themes\/Linedy2\/images\/slider\/sl3.jpg\" style=\"width:800px;\" alt=\"\" \/><\/li><\/ul><\/div>                <div class=\"lof-navigator-wapper\" style=\"bottom:-35px;left: 0;padding:5px 5px;\">\n                  <div class=\"lof-navigator-outer\">\n                    <ul class=\"lof-navigator\">\n                      <li><span>.<\/span><\/li><li><span>.<\/span><\/li><li><span>.<\/span><\/li>             <\/ul>\n                <\/div>\n              <\/div>\n              \n            <\/div>\n          <\/div><img src=\"http:\/\/aleksandrow.bimbambino.pl\/wp-content\/plugins\/easing-slider\/images\/shadow_arc.png\" style=\"width:800px; padding-left:0px;padding-bottom:0px;padding-top:6px;margin-left:3px;\" alt=\"\" \/><!-- End of Easing Slider -->\n<h2>Szlachetna Paczka 2020<\/h2>\n<p style=\"text-align: justify;\"><span style=\"color: #c0c0c0;\">_______________________________________________________________________________________________________________________<\/span><\/p>\n<p>Relacja ze spotkania z Rodzin\u0105 przy wr\u0119czeniu paczki<br \/>\nPanie El\u017cbieta by\u0142a w bardzo du\u017cym szoku, gdy zobaczy\u0142a, \u017ce paczki przywioz\u0142am do niej wraz ze stra\u017cakami. Najpierw zastanawia\u0142a si\u0119 po co przyjecha\u0142o a\u017c tyle os\u00f3b, ale liczba paczek rozwia\u0142a jej w\u0105tpliwo\u015bci. Powiedzia\u0142a: &#8222;To wszystko dla mnie, a ja my\u015bla\u0142am, \u017ce dostan\u0119 dwie paczki. A to a\u017c tyle karton\u00f3w.&#8221;. U\u015bmiech, kt\u00f3ry pojawi\u0142 si\u0119 na jej twarzy jest niemo\u017cliwy do opisania. &#8222;Bardzo jestem zaskoczona, nigdy nie dosta\u0142am tylu prezent\u00f3w. Jestem pod ogromnym wra\u017ceniem.&#8221;. Kiedy otwiera\u0142a kartony r\u0119ce jej dr\u017ca\u0142y. Niedowierzaj\u0105c powtarza\u0142a: &#8222;Mo\u017ce kto\u015b jest bardziej potrzebuj\u0105cy ode mnie, podziel\u0119 si\u0119.&#8221;. Panie El\u017cbieta nawet w takiej chwili my\u015bla\u0142a o tym, \u017ce pomoc mog\u0142aby si\u0119 przyda\u0107 r\u00f3wnie\u017c komu\u015b innemu. Seniorka dzi\u0119kowa\u0142a za wszystko, szczeg\u00f3lnie za opa\u0142, dzi\u0119ki kt\u00f3remu b\u0119dzie mog\u0142a ogrza\u0107 dom. Przegl\u0105daj\u0105c prezent znalaz\u0142a kartk\u0119, przeczyta\u0142a na g\u0142os \u017cyczenia, w tej chwili nikomu nie uda\u0142o si\u0119 ukry\u0107 wzruszenia, p\u0142aka\u0142a zar\u00f3wno pani El\u017cbieta, jak i obecni wolontariusze. &#8222;Dzi\u0119kuj\u0119 to za ma\u0142o powiedziane, jeste\u015bcie moimi anio\u0142ami str\u00f3\u017cami.&#8221; doda\u0142a. <\/p>\n<p>S\u0142owo od Rodziny :<br \/>\nWszystkiego najlepszego w Nowym Roku! <\/p>\n<p>S\u0142owo od Wolontariusza:<br \/>\nDzi\u0119kuj\u0119 bardzo za Wasze zaanga\u017cowanie. Paczka by\u0142a pi\u0119knie zapakowana, zawarto\u015b\u0107 najwy\u017cszej jako\u015bci. Brak mi odpowiednich s\u0142\u00f3w, by opisa\u0107 jak\u0105 rado\u015b\u0107 sprawili\u015bcie pani El\u017cbiecie. Nigdy nie zapomn\u0119 wspania\u0142ego u\u015bmiechu, kt\u00f3ry wywo\u0142ali\u015bcie na jej twarzy.  Jeszcze raz bardzo dzi\u0119kuj\u0119 i \u017cycz\u0119 wszystkiego najlepszego w nadchodz\u0105cym Nowym Roku.<\/p>\n<p>Pozdrawiam,<br \/>\nWolontariuszka Sylwia <\/p>\n<p style=\"text-align: justify;\"><span style=\"color: #c0c0c0;\">_______________________________________________________________________________________________________________________<\/span><\/p>\n<p>Jak co roku nasze Przedszkole bierze udzia\u0142 w akcji Szlachetna Paczka.<br \/>\nMimo trudnej sytuacji, kt\u00f3r\u0105 wywo\u0142a\u0142a pandemia, liczymy na Pa\u0144stwa wsparcie i empati\u0119.<\/p>\n<p>Pami\u0119tajmy, \u017ce RAZEM MO\u017bEMY WI\u0118CEJ!<\/p>\n<p>Akcja trwa do 11 grudnia. Artyku\u0142y mo\u017cna zostawia\u0107 w skrzyni, kt\u00f3ra znajduje si\u0119 przed wej\u015bciem do przedszkola.<br \/>\nPani El\u017cbieta mieszka sama w dwu pokojowym mieszkaniu, nie narzeka, jako\u015b jej si\u0119 \u017cyje. Kobieta d\u0142ugo nie pracowa\u0142a, jej zmar\u0142y m\u0105\u017c utrzymywa\u0142 rodzin\u0119, dlatego ma tak nisk\u0105 emerytur\u0119. Jest osob\u0105 bardzo pracowit\u0105, podj\u0119\u0142a prac\u0119 na umow\u0119 zlecenie jako sprz\u0105taczka. Jednak zatrudniono j\u0105 tylko do listopada. Czasem pomaga s\u0105siadce przy zakupach lub obowi\u0105zkach domowych.<br \/>\nDoch\u00f3d pani El\u017cbiety to 1220 z\u0142 po op\u0142aceniu rachunk\u00f3w w kwocie 680 z\u0142 na \u017cycie zostaje 538 z\u0142.<br \/>\nPani El\u017cbieta jest bardzo pogodn\u0105 oraz weso\u0142\u0105 kobiet\u0105. Bardzo siln\u0105 i zawsze walczy do ko\u0144ca. Mimo wielu przeciwno\u015bci losu nie poddaje si\u0119. Kobieta bardzo lubi gotowa\u0107 i piec ciasta. A w d\u0142ugie zimowe wieczory obejrze\u0107 film w telewizji. Jest wdzi\u0119czna, \u017ce doczeka\u0142a skromnej, ale w\u0142asnej emerytury. Wierzy, \u017ce jeszcze b\u0119dzie \u017cy\u0142a szcz\u0119\u015bliwie, z nadziej\u0105 patrzy w przysz\u0142o\u015b\u0107. Cieszy si\u0119 ka\u017cdym nowym dniem i tym, \u017ce jest zdrowa.<br \/>\nKluczowe potrzeby, kt\u00f3re Pani El\u017cbieta okre\u015bli\u0142a to: \u0141\u00d3\u017bKO, \u017bYWNO\u015a\u0106, \u015aRODKI CZYSTO\u015aCI<\/p>\n<p>\u017bYWNO\u015a\u0106 TRWA\u0141A: herbata, kawa, ry\u017c, kasza, makaron, m\u0105ka, cukier, olej, d\u017cem, konserwy mi\u0119sne, konserwy rybne, warzywa w puszkach, przeciery pomidorowe i og\u00f3rkowe, ketchup i inne<\/p>\n<p>\u015aRODKI CZYSTO\u015aCI: proszek do prania, p\u0142yny czyszcz\u0105ce, p\u0142yn do mycia naczy\u0144, szampon, pasta do z\u0119b\u00f3w, szczoteczka do z\u0119b\u00f3w, myd\u0142o\/\u017cel myj\u0105cy i inne ODZIE\u017b: kurtka przej\u015bciowa, rozmiar 158 cm, kolor czarny OBUWIE: botki czarne, rozmiar 38<\/p>\n<p>INNE POTRZEBY: R\u0119czniki, poduszka, koc, po\u015bciel (160\/200), ko\u0142dra, firanki 2 na 150 cm, opa\u0142<\/p>\n<p>SPECJALNE UPOMINKI: Torebka z damskim portfelem<br \/>\nZbi\u00f3rka trwa do 11 grudnia<\/p>\n","protected":false},"excerpt":{"rendered":"<p>Szlachetna Paczka 2020 _______________________________________________________________________________________________________________________ Relacja ze spotkania z Rodzin\u0105 przy wr\u0119czeniu paczki Panie El\u017cbieta by\u0142a w bardzo du\u017cym szoku, gdy zobaczy\u0142a, \u017ce paczki przywioz\u0142am do niej wraz ze stra\u017cakami. Najpierw zastanawia\u0142a si\u0119 po co przyjecha\u0142o a\u017c tyle os\u00f3b, ale liczba paczek rozwia\u0142a jej w\u0105tpliwo\u015bci. Powiedzia\u0142a: &#8222;To wszystko dla mnie, a ja my\u015bla\u0142am, \u017ce dostan\u0119 dwie<\/p>\n","protected":false},"author":2,"featured_media":0,"parent":0,"menu_order":0,"comment_status":"closed","ping_status":"closed","template":"","meta":[],"_links":{"self":[{"href":"http:\/\/aleksandrow.bimbambino.pl\/index.php?rest_route=\/wp\/v2\/pages\/5204"}],"collection":[{"href":"http:\/\/aleksandrow.bimbambino.pl\/index.php?rest_route=\/wp\/v2\/pages"}],"about":[{"href":"http:\/\/aleksandrow.bimbambino.pl\/index.php?rest_route=\/wp\/v2\/types\/page"}],"author":[{"embeddable":true,"href":"http:\/\/aleksandrow.bimbambino.pl\/index.php?rest_route=\/wp\/v2\/users\/2"}],"replies":[{"embeddable":true,"href":"http:\/\/aleksandrow.bimbambino.pl\/index.php?rest_route=%2Fwp%2Fv2%2Fcomments&post=5204"}],"version-history":[{"count":5,"href":"http:\/\/aleksandrow.bimbambino.pl\/index.php?rest_route=\/wp\/v2\/pages\/5204\/revisions"}],"predecessor-version":[{"id":5800,"href":"http:\/\/aleksandrow.bimbambino.pl\/index.php?rest_route=\/wp\/v2\/pages\/5204\/revisions\/5800"}],"wp:attachment":[{"href":"http:\/\/aleksandrow.bimbambino.pl\/index.php?rest_route=%2Fwp%2Fv2%2Fmedia&parent=5204"}],"curies":[{"name":"wp","href":"https:\/\/api.w.org\/{rel}","templated":true}]}}