{"id":5133,"date":"2020-09-17T10:31:23","date_gmt":"2020-09-17T08:31:23","guid":{"rendered":"http:\/\/aleksandrow.bimbambino.pl\/?page_id=5133"},"modified":"2021-09-06T09:13:40","modified_gmt":"2021-09-06T07:13:40","slug":"aktualnosci-2020","status":"publish","type":"page","link":"http:\/\/aleksandrow.bimbambino.pl\/?page_id=5133","title":{"rendered":"Aktualno\u015bci 2020"},"content":{"rendered":"  <!-- Easing Slider -->\n    <div class=\"lof-container\" style=\"height:225px;padding-right:0px;padding-top:0px;padding-left:0px;padding-bottom:0px;\">\n      <div class=\"lof-slidecontent\" id=\"lofslidecontent45\" style=\"border:3px solid #ccc;width:800px;height:225px;\">\n        <div class=\"preload\" style=\"background:url(http:\/\/aleksandrow.bimbambino.pl\/wp-content\/plugins\/easing-slider\/images\/indicator.gif) no-repeat center center #fff;\">\n\n        <\/div>\n            <div class=\"lof-main-outer\" style=\"background: #fff;width:800px;height:225px;\">\n                <ul class=\"lof-main-wapper\">\n              \t\t<li><img src=\"http:\/\/aleksandrow.bimbambino.pl\/wp-content\/themes\/Linedy2\/images\/slider\/sl1.jpg\" style=\"width:800px;\" alt=\"\" \/><\/li>\t\t<li><img src=\"http:\/\/aleksandrow.bimbambino.pl\/wp-content\/themes\/Linedy2\/images\/slider\/sl2.jpg\" style=\"width:800px;\" alt=\"\" \/><\/li>\t\t<li><img src=\"http:\/\/aleksandrow.bimbambino.pl\/wp-content\/themes\/Linedy2\/images\/slider\/sl3.jpg\" style=\"width:800px;\" alt=\"\" \/><\/li><\/ul><\/div>                <div class=\"lof-navigator-wapper\" style=\"bottom:-35px;left: 0;padding:5px 5px;\">\n                  <div class=\"lof-navigator-outer\">\n                    <ul class=\"lof-navigator\">\n                      <li><span>.<\/span><\/li><li><span>.<\/span><\/li><li><span>.<\/span><\/li>             <\/ul>\n                <\/div>\n              <\/div>\n              \n            <\/div>\n          <\/div><img src=\"http:\/\/aleksandrow.bimbambino.pl\/wp-content\/plugins\/easing-slider\/images\/shadow_arc.png\" style=\"width:800px; padding-left:0px;padding-bottom:0px;padding-top:6px;margin-left:3px;\" alt=\"\" \/><!-- End of Easing Slider -->\n<h2>Archiwum Aktualno\u015bci 2020<\/h2>\n<p style=\"text-align: justify;\"><span style=\"color: #c0c0c0;\">_______________________________________________________________________________________________________________________<\/span><\/p>\n<p><img decoding=\"async\" loading=\"lazy\" class=\"alignleft\" alt=\"\" src=\"http:\/\/aleksandrow.bimbambino.pl\/wp-content\/gallery\/ikony\/ogloszenie.jpg\" width=\"270\" height=\"170\" border=\"0\" \/><span style=\"color: #ff0000;\">Poradnia Psychologiczno-Pedagogiczna w Aleksandrowie Kujawskim uprzejmie informuje,\u017ce uruchamia dodatkow\u0105 form\u0119 wsparcia psychologiczno-pedagogicznego:<\/span><br \/>\ninfolini\u0119 dla dzieci, m\u0142odzie\u017cy, rodzic\u00f3w, opiekun\u00f3w i nauczycieli: tel. kom. +48 691 945 178<br \/>\nInfolinia b\u0119dzie aktywna : 1. poniedzia\u0142ki \u2013 15.30 \u2013 16.30<br \/>\n2. wtorki \u2013 17.00 \u2013 18.00<br \/>\n3. \u015brody \u2013 16.00 \u2013 17.00<br \/>\n4. czwartki \u2013 12.00 \u2013 13.00<br \/>\n5. pi\u0105tki \u2013 13.00 \u2013 14.00<br \/>\nUprzejmie prosimy o przekazanie powy\u017cszej informacji uczniom , rodzicom i nauczycielom w spos\u00f3b zwyczajowo przyj\u0119ty w plac\u00f3wce. Jednocze\u015bnie przypominamy, \u017ce Poradnia Psychologiczno-Pedagogiczna w Aleksandrowie Kujawskim jest plac\u00f3wk\u0105 nieferyjn\u0105 i funkcjonuje w trybie stacjonarnym.<\/p>\n<p style=\"text-align: justify;\"><span style=\"color: #c0c0c0;\">_______________________________________________________________________________________________________________________<\/span><\/p>\n<p><img decoding=\"async\" loading=\"lazy\" class=\"alignleft\" alt=\"\" src=\"http:\/\/aleksandrow.bimbambino.pl\/wp-content\/gallery\/ikony\/szlach2020.jpg\" width=\"270\" height=\"110\" border=\"0\" \/><span style=\"color: #ff0000;\">Relacja ze spotkania z Rodzin\u0105 przy wr\u0119czeniu paczki<br \/>\n<span style=\"color: #000000;\">Panie El\u017cbieta by\u0142a w bardzo du\u017cym szoku, gdy zobaczy\u0142a, \u017ce paczki przywioz\u0142am do niej wraz ze stra\u017cakami. Najpierw zastanawia\u0142a si\u0119 po co przyjecha\u0142o a\u017c tyle os\u00f3b, ale liczba paczek rozwia\u0142a jej w\u0105tpliwo\u015bci. Powiedzia\u0142a: &#8222;To wszystko dla mnie, a ja my\u015bla\u0142am, \u017ce dostan\u0119 dwie paczki. A to a\u017c tyle karton\u00f3w.&#8221;. U\u015bmiech, kt\u00f3ry pojawi\u0142 si\u0119 na jej twarzy jest niemo\u017cliwy do opisania. &#8222;Bardzo jestem zaskoczona, nigdy nie dosta\u0142am tylu prezent\u00f3w. Jestem pod ogromnym wra\u017ceniem.&#8221;. Kiedy otwiera\u0142a kartony r\u0119ce jej dr\u017ca\u0142y. Niedowierzaj\u0105c powtarza\u0142a: &#8222;Mo\u017ce kto\u015b jest bardziej potrzebuj\u0105cy ode mnie, podziel\u0119 si\u0119.&#8221;. Panie El\u017cbieta nawet w takiej chwili my\u015bla\u0142a o tym, \u017ce pomoc mog\u0142aby si\u0119 przyda\u0107 r\u00f3wnie\u017c komu\u015b innemu. Seniorka dzi\u0119kowa\u0142a za wszystko, szczeg\u00f3lnie za opa\u0142, dzi\u0119ki kt\u00f3remu b\u0119dzie mog\u0142a ogrza\u0107 dom. Przegl\u0105daj\u0105c prezent znalaz\u0142a kartk\u0119, przeczyta\u0142a na g\u0142os \u017cyczenia, w tej chwili nikomu nie uda\u0142o si\u0119 ukry\u0107 wzruszenia, p\u0142aka\u0142a zar\u00f3wno pani El\u017cbieta, jak i obecni wolontariusze. &#8222;Dzi\u0119kuj\u0119 to za ma\u0142o powiedziane, jeste\u015bcie moimi anio\u0142ami str\u00f3\u017cami.&#8221; doda\u0142a.<\/span><br \/>\n<span style=\"color: #000000;\"> S\u0142owo od Rodziny: <\/span><span style=\"color: #000000;\">Wszystkiego najlepszego w Nowym Roku!<\/span><br \/>\n<span style=\"color: #000000;\"> S\u0142owo od Wolontariusza : <\/span><span style=\"color: #000000;\">Dzi\u0119kuj\u0119 bardzo za Wasze zaanga\u017cowanie. Paczka by\u0142a pi\u0119knie zapakowana, zawarto\u015b\u0107 najwy\u017cszej jako\u015bci. Brak mi odpowiednich s\u0142\u00f3w, by opisa\u0107 jak\u0105 rado\u015b\u0107 sprawili\u015bcie pani El\u017cbiecie. Nigdy nie zapomn\u0119 wspania\u0142ego u\u015bmiechu, kt\u00f3ry wywo\u0142ali\u015bcie na jej twarzy. <\/span><span style=\"color: #000000;\">Jeszcze raz bardzo dzi\u0119kuj\u0119 i \u017cycz\u0119 wszystkiego najlepszego w nadchodz\u0105cym Nowym Roku.<\/span><\/span><\/p>\n<p><span style=\"color: #000000;\">Pozdrawiam,<\/span><br \/>\n<span style=\"color: #000000;\"> Wolontariuszka Sylwia<\/span><\/p>\n<p style=\"text-align: justify;\"><span style=\"color: #c0c0c0;\">_______________________________________________________________________________________________________________________<\/span><\/p>\n<p><img decoding=\"async\" loading=\"lazy\" class=\"alignleft\" alt=\"\" src=\"http:\/\/aleksandrow.bimbambino.pl\/wp-content\/gallery\/ikony\/dobrze.jemy.png\" width=\"270\" height=\"50\" border=\"0\" \/><span style=\"color: #000000;\">Od lat kierujemy si\u0119 zasad\u0105 \u201eczym skorupka za m\u0142odu nasi\u0105knie\u2026\u201d, poniewa\u017c wiemy, jak ogromne znaczenie ma kszta\u0142towanie odpowiednich nawyk\u00f3w od najm\u0142odszych lat. Dlatego zrobili\u015bmy rewolucj\u0119 kuchenn\u0105 i w naszych jad\u0142ospisach nie znajdziecie gotowych, przetworzonych produkt\u00f3w, karmimy dzieci smacznie, zdrowo i kolorowo. Przygotowujemy te\u017c potrawy razem z dzie\u0107mi, robi\u0105c sa\u0142atki, soki, koktajle itp. Aby by\u0107 na bie\u017c\u0105co z najnowszymi doniesieniami naukowymi i korzysta\u0107 z do\u015bwiadcze\u0144 ekspert\u00f3w, wzi\u0119li\u015bmy udzia\u0142 w IV edycji og\u00f3lnopolskiego programu<\/span><span style=\"color: #000000;\"> Dobrze Jemy ze Szko\u0142\u0105 na Widelcu<\/span>,<span style=\"color: #000000;\"> organizowanym przez Fundacj\u0119 Szko\u0142a na Widelcu Grzegorza \u0141apanowskiego.<\/span> <a href=\"http:\/\/aleksandrow.bimbambino.pl\/?page_id=5221\" target=\"_blank\">Wi\u0119cej informacji na stronie LINK<\/a><\/p>\n<p style=\"text-align: justify;\"><span style=\"color: #c0c0c0;\">_______________________________________________________________________________________________________________________<\/span><\/p>\n<p><img decoding=\"async\" loading=\"lazy\" class=\"alignleft\" alt=\"\" src=\"http:\/\/aleksandrow.bimbambino.pl\/wp-content\/gallery\/ikony\/szlach2020.jpg\" width=\"270\" height=\"110\" border=\"0\" \/><span style=\"color: #ff0000;\">Jak co roku nasze Przedszkole bierze udzia\u0142 w akcji Szlachetna Paczka.<br \/>\n<span style=\"color: #000000;\">Mimo trudnej sytuacji, kt\u00f3r\u0105 wywo\u0142a\u0142a pandemia, liczymy na Pa\u0144stwa wsparcie i empati\u0119. <\/span><span style=\"color: #000000;\">Pami\u0119tajmy, \u017ce RAZEM MO\u017bEMY WI\u0118CEJ!<\/span><br \/>\n<span style=\"color: #000000;\"> Akcja trwa do 11 grudnia. Artyku\u0142y mo\u017cna zostawia\u0107 w skrzyni, kt\u00f3ra znajduje si\u0119 przed wej\u015bciem do przedszkola. <\/span><\/span><a href=\"http:\/\/aleksandrow.bimbambino.pl\/?page_id=5204\">LINK DO SZCZEG\u00d3\u0141\u00d3W<\/a><\/p>\n<p style=\"text-align: justify;\"><span style=\"color: #c0c0c0;\">_______________________________________________________________________________________________________________________<\/span><\/p>\n<p><img decoding=\"async\" loading=\"lazy\" class=\"alignleft\" alt=\"\" src=\"http:\/\/aleksandrow.bimbambino.pl\/wp-content\/gallery\/ikony\/konkurs.jpg\" width=\"270\" height=\"170\" border=\"0\" \/><span style=\"color: #ff0000;\">Konkurs \u201eOwocowe przetwory\u201d \u2013 rozstrzygni\u0119cie.<\/span><br \/>\nBardzo dzi\u0119kujemy za liczne zdj\u0119cia i relacje z przygotowania przetwor\u00f3w. Wszystkie dzieci s\u0105 zwyci\u0119zcami tego konkursu! Gratulujemy! <span style=\"text-decoration: underline;\"><span style=\"color: #ff0000;\"><a href=\"http:\/\/aleksandrow.bimbambino.pl\/?page_id=5121&amp;album=62&amp;gallery=2914\"><span style=\"color: #ff0000; text-decoration: underline;\">ZOBACZ ZDJ\u0118CIA<\/span><\/a><\/span><\/span><\/p>\n<p style=\"text-align: justify;\"><span style=\"color: #c0c0c0;\">_______________________________________________________________________________________________________________________<\/span><\/p>\n<p style=\"text-align: left;\"><a href=\"http:\/\/aleksandrow.bimbambino.pl\/?page_id=5121&amp;album=62&amp;gallery=2899\"><img decoding=\"async\" loading=\"lazy\" class=\"alignleft\" alt=\"Galeria prac\" src=\"http:\/\/aleksandrow.bimbambino.pl\/wp-content\/gallery\/202010_sprz\/image1.jpg\"  width=\"270\" height=\"170\" \/ rel=\"lightbox[roadtrip]\"><\/a> Dzi\u0119kujemy dzieciom i ich rodzicom\/opiekunom za udzia\u0142 w akcji Sprz\u0105tanie \u015awiata. Zach\u0119camy do sprz\u0105tania naszego wsp\u00f3lnego otoczenia nie tylko podczas zorganizowanych akcji, ale r\u00f3wnie\u017c na co dzie\u0144.<\/p>\n<p style=\"text-align: justify;\"><span style=\"color: #c0c0c0;\">_______________________________________________________________________________________________________________________<\/span><\/p>\n<p style=\"text-align: center;\"><span style=\"color: #ff0000;\">PODZI\u0118KOWANIE<\/span> Przedszkole Niepubliczne Bim-Bam-Bino w Aleksandrowie Kujawskim bardzo dzi\u0119kuje za wsparcie finansowe firmom i osobom prywatnym, kt\u00f3re pomog\u0142o w remoncie i odnowieniu placu zabaw w przedszkolnym ogrodzie. Szczeg\u00f3lne podzi\u0119kowania kierujemy do: Firmy Druk Pak Sp.zo.o. Pa\u0144stwa Anny i Marka K\u0142os Pa\u0144stwa Elwiry Sylwestrzak i Jacka \u015awi\u0105tkowskiego Firmy ZNAKTOM Tomasz Szymczak Firmy \u201eKARO\u201d Roman Bajdalski Firmy JAW-TECH Krzysztof Jaworski Firmy FHU DIESEL-CENTRUM Firmy EKO-PAR Jacek Masternak Firmy BENDKOWSKI.PL Bendkowski Piotr Zak\u0142adu Og\u00f3lnobudowlanego Lamparski Pawe\u0142 Firmy DEEP-SET Bia\u0142kowska-Danielak i Krzeszewska Sp.J. Firmy F.U. Kraszewska Ma\u0142gorzata Firmy YORK-MEBLE Kraszewski Jacek Pa\u0144stwu Magdalenie i Rafa\u0142owi Kuc Firmy Aleksandrowskie Towarzystwo Budownictwa Spo\u0142ecznego Sp.zo.o. Firmy Po\u015brednictwo Ubezpieczeniowe Wi\u015bniewski W\u0142odzimierz Firmy Biuro Doradztwa Podatkowego Lidia Sarnecka Firmy RTM Opakowania Sp. zo.o. Firmy POLKRYS Sp.zo.o. Firmy STAMAG Magdalena Zakrzewska Firmy AMPER Firmy Przedsi\u0119biorstwo Wielobran\u017cowe SKALMIAR Roman Lewocki<\/p>\n<p style=\"text-align: justify;\"><span style=\"color: #c0c0c0;\">_______________________________________________________________________________________________________________________<\/span><\/p>\n<p style=\"text-align: center;\"><span style=\"color: #ff0000;\">Specjalnie dla Przedszkolak\u00f3w BimBamBino \u017cyczenia od Zaj\u0105czka!!!!<\/span> <span style=\"color: #ff0000;\"> Weso\u0142ych \u015awi\u0105t Kochani!!!!<\/span> <span class=\"youtube\"><iframe loading=\"lazy\" title=\"YouTube video player\" class=\"youtube-player\" type=\"text\/html\" width=\"480\" height=\"295\" src=\"http:\/\/www.youtube.com\/embed\/DUQElhUiuaA?wmode=transparent&amp;fs=1&amp;hl=en&amp;modestbranding=1&amp;iv_load_policy=3&amp;showsearch=0&amp;rel=1&amp;theme=dark&amp;hd=1\" frameborder=\"0\" allowfullscreen><\/iframe><\/span> A kto bardzo t\u0119skni za przedszkolnymi smako\u0142ykami, mo\u017ce skorzysta\u0107 z przepis\u00f3w, kt\u00f3re tak\u017ce specjalnie dla Was zdradza szefowa kuchni BimBamBino! <span style=\"color: #ff0000;\"><a href=\"http:\/\/aleksandrow.bimbambino.pl\/?page_id=4234\" target=\"_blank\"><span style=\"color: #ff0000;\">LINK<\/span><\/a><\/span><\/p>\n<p style=\"text-align: justify;\"><span style=\"color: #c0c0c0;\">_______________________________________________________________________________________________________________________<\/span><\/p>\n<p style=\"text-align: left;\"><img decoding=\"async\" loading=\"lazy\" class=\"alignleft\" alt=\"\" src=\"http:\/\/aleksandrow.bimbambino.pl\/wp-content\/gallery\/ikony\/dz2020.jpg\" width=\"260\" height=\"170\" border=\"0\" \/><\/p>\n<p style=\"text-align: left;\"><span style=\"color: #ff0000;\">Zdj\u0119cie z uroczysto\u015bci z okazji Dnia Babci i Dziadka<\/span> s\u0105 dost\u0119pne pod tym <a href=\"https:\/\/drive.google.com\/drive\/folders\/1u_-2uN_zjka-_nn1nJM6wI2QWNRZXWHc\">LINKIEM<\/a>. Film z uroczysto\u015bci jest dost\u0119pny u dyrekcji, istnieje mo\u017cliwo\u015b\u0107 zgrania na pendriva. Bardzo dzi\u0119kujemy pa\u0144stwu Nalewajk za relacj\u0119 fotograficzn\u0105 i filmow\u0105<\/p>\n<p style=\"text-align: justify;\"><span style=\"color: #c0c0c0;\">_______________________________________________________________________________________________________________________<\/span><\/p>\n","protected":false},"excerpt":{"rendered":"<p>Archiwum Aktualno\u015bci 2020 _______________________________________________________________________________________________________________________ Poradnia Psychologiczno-Pedagogiczna w Aleksandrowie Kujawskim uprzejmie informuje,\u017ce uruchamia dodatkow\u0105 form\u0119 wsparcia psychologiczno-pedagogicznego: infolini\u0119 dla dzieci, m\u0142odzie\u017cy, rodzic\u00f3w, opiekun\u00f3w i nauczycieli: tel. kom. +48 691 945 178 Infolinia b\u0119dzie aktywna : 1. poniedzia\u0142ki \u2013 15.30 \u2013 16.30 2. wtorki \u2013 17.00 \u2013 18.00 3. \u015brody \u2013 16.00 \u2013 17.00 4. czwartki \u2013<\/p>\n","protected":false},"author":2,"featured_media":0,"parent":0,"menu_order":0,"comment_status":"closed","ping_status":"closed","template":"","meta":[],"_links":{"self":[{"href":"http:\/\/aleksandrow.bimbambino.pl\/index.php?rest_route=\/wp\/v2\/pages\/5133"}],"collection":[{"href":"http:\/\/aleksandrow.bimbambino.pl\/index.php?rest_route=\/wp\/v2\/pages"}],"about":[{"href":"http:\/\/aleksandrow.bimbambino.pl\/index.php?rest_route=\/wp\/v2\/types\/page"}],"author":[{"embeddable":true,"href":"http:\/\/aleksandrow.bimbambino.pl\/index.php?rest_route=\/wp\/v2\/users\/2"}],"replies":[{"embeddable":true,"href":"http:\/\/aleksandrow.bimbambino.pl\/index.php?rest_route=%2Fwp%2Fv2%2Fcomments&post=5133"}],"version-history":[{"count":5,"href":"http:\/\/aleksandrow.bimbambino.pl\/index.php?rest_route=\/wp\/v2\/pages\/5133\/revisions"}],"predecessor-version":[{"id":5718,"href":"http:\/\/aleksandrow.bimbambino.pl\/index.php?rest_route=\/wp\/v2\/pages\/5133\/revisions\/5718"}],"wp:attachment":[{"href":"http:\/\/aleksandrow.bimbambino.pl\/index.php?rest_route=%2Fwp%2Fv2%2Fmedia&parent=5133"}],"curies":[{"name":"wp","href":"https:\/\/api.w.org\/{rel}","templated":true}]}}