{"id":5090,"date":"2020-09-02T08:51:21","date_gmt":"2020-09-02T06:51:21","guid":{"rendered":"http:\/\/aleksandrow.bimbambino.pl\/?page_id=5090"},"modified":"2025-04-30T16:00:22","modified_gmt":"2025-04-30T14:00:22","slug":"platnosci","status":"publish","type":"page","link":"http:\/\/aleksandrow.bimbambino.pl\/?page_id=5090","title":{"rendered":"P\u0142atno\u015bci"},"content":{"rendered":"  <!-- Easing Slider -->\n    <div class=\"lof-container\" style=\"height:225px;padding-right:0px;padding-top:0px;padding-left:0px;padding-bottom:0px;\">\n      <div class=\"lof-slidecontent\" id=\"lofslidecontent45\" style=\"border:3px solid #ccc;width:800px;height:225px;\">\n        <div class=\"preload\" style=\"background:url(http:\/\/aleksandrow.bimbambino.pl\/wp-content\/plugins\/easing-slider\/images\/indicator.gif) no-repeat center center #fff;\">\n\n        <\/div>\n            <div class=\"lof-main-outer\" style=\"background: #fff;width:800px;height:225px;\">\n                <ul class=\"lof-main-wapper\">\n              \t\t<li><img src=\"http:\/\/aleksandrow.bimbambino.pl\/wp-content\/themes\/Linedy2\/images\/slider\/sl1.jpg\" style=\"width:800px;\" alt=\"\" \/><\/li>\t\t<li><img src=\"http:\/\/aleksandrow.bimbambino.pl\/wp-content\/themes\/Linedy2\/images\/slider\/sl2.jpg\" style=\"width:800px;\" alt=\"\" \/><\/li>\t\t<li><img src=\"http:\/\/aleksandrow.bimbambino.pl\/wp-content\/themes\/Linedy2\/images\/slider\/sl3.jpg\" style=\"width:800px;\" alt=\"\" \/><\/li><\/ul><\/div>                <div class=\"lof-navigator-wapper\" style=\"bottom:-35px;left: 0;padding:5px 5px;\">\n                  <div class=\"lof-navigator-outer\">\n                    <ul class=\"lof-navigator\">\n                      <li><span>.<\/span><\/li><li><span>.<\/span><\/li><li><span>.<\/span><\/li>             <\/ul>\n                <\/div>\n              <\/div>\n              \n            <\/div>\n          <\/div><img src=\"http:\/\/aleksandrow.bimbambino.pl\/wp-content\/plugins\/easing-slider\/images\/shadow_arc.png\" style=\"width:800px; padding-left:0px;padding-bottom:0px;padding-top:6px;margin-left:3px;\" alt=\"\" \/><!-- End of Easing Slider -->\n<h2>P\u0142atno\u015bci<\/h2>\n<p style=\"text-align: justify;\"><span style=\"color: #c0c0c0;\">_______________________________________________________________________________________________________________________<\/span><\/p>\n<p>Prosimy o wp\u0142at\u0119 czesnego do 10 ka\u017cdego miesi\u0105ca Z G\u00d3RY na numer konta 88 2490 0005 0000 4530 8666 6446<\/p>\n<p><span style=\"text-decoration: underline; color: #333399;\"><a href=\"http:\/\/aleksandrow.bimbambino.pl\/wp-content\/uploads\/AL.2025.05.PL.pdf\"><span style=\"color: #333399; text-decoration: underline;\">maj 2025r.<\/span><\/a><\/span><\/p>\n<p><span style=\"text-decoration: underline; color: #333399;\"><a href=\"http:\/\/aleksandrow.bimbambino.pl\/wp-content\/uploads\/AL.2025.04.PL.pdf\"><span style=\"color: #333399; text-decoration: underline;\">kwiecie\u0144 2025r.<\/span><\/a><\/span><\/p>\n<p><span style=\"text-decoration: underline; color: #333399;\"><a href=\"http:\/\/aleksandrow.bimbambino.pl\/wp-content\/uploads\/AL.2025.03.PL.pdf\"><span style=\"color: #333399; text-decoration: underline;\">marzec 2025r.<\/span><\/a><\/span><\/p>\n<p><span style=\"text-decoration: underline; color: #333399;\"><a href=\"http:\/\/aleksandrow.bimbambino.pl\/wp-content\/uploads\/AL.2025.02.PL.pdf\"><span style=\"color: #333399; text-decoration: underline;\">luty 2025r.<\/span><\/a><\/span><\/p>\n","protected":false},"excerpt":{"rendered":"<p>P\u0142atno\u015bci _______________________________________________________________________________________________________________________ Prosimy o wp\u0142at\u0119 czesnego do 10 ka\u017cdego miesi\u0105ca Z G\u00d3RY na numer konta 88 2490 0005 0000 4530 8666 6446 maj 2025r. kwiecie\u0144 2025r. marzec 2025r. luty 2025r.<\/p>\n","protected":false},"author":2,"featured_media":0,"parent":0,"menu_order":0,"comment_status":"closed","ping_status":"closed","template":"","meta":[],"_links":{"self":[{"href":"http:\/\/aleksandrow.bimbambino.pl\/index.php?rest_route=\/wp\/v2\/pages\/5090"}],"collection":[{"href":"http:\/\/aleksandrow.bimbambino.pl\/index.php?rest_route=\/wp\/v2\/pages"}],"about":[{"href":"http:\/\/aleksandrow.bimbambino.pl\/index.php?rest_route=\/wp\/v2\/types\/page"}],"author":[{"embeddable":true,"href":"http:\/\/aleksandrow.bimbambino.pl\/index.php?rest_route=\/wp\/v2\/users\/2"}],"replies":[{"embeddable":true,"href":"http:\/\/aleksandrow.bimbambino.pl\/index.php?rest_route=%2Fwp%2Fv2%2Fcomments&post=5090"}],"version-history":[{"count":78,"href":"http:\/\/aleksandrow.bimbambino.pl\/index.php?rest_route=\/wp\/v2\/pages\/5090\/revisions"}],"predecessor-version":[{"id":6788,"href":"http:\/\/aleksandrow.bimbambino.pl\/index.php?rest_route=\/wp\/v2\/pages\/5090\/revisions\/6788"}],"wp:attachment":[{"href":"http:\/\/aleksandrow.bimbambino.pl\/index.php?rest_route=%2Fwp%2Fv2%2Fmedia&parent=5090"}],"curies":[{"name":"wp","href":"https:\/\/api.w.org\/{rel}","templated":true}]}}