{"id":4234,"date":"2020-04-10T10:33:28","date_gmt":"2020-04-10T08:33:28","guid":{"rendered":"http:\/\/aleksandrow.bimbambino.pl\/?page_id=4234"},"modified":"2020-04-10T10:33:28","modified_gmt":"2020-04-10T08:33:28","slug":"przepisy-na-wielkanoc-2020","status":"publish","type":"page","link":"http:\/\/aleksandrow.bimbambino.pl\/?page_id=4234","title":{"rendered":"Przepisy na Wielkanoc 2020"},"content":{"rendered":"<p>Przepisy na Wielkanoc<\/p>\n<p style=\"text-align: justify;\"><span style=\"color: #c0c0c0;\">_______________________________________________________________________________________________________________________<\/span><\/p>\n<p><img decoding=\"async\" loading=\"lazy\" class=\"alignleft\" alt=\"\" src=\"http:\/\/aleksandrow.bimbambino.pl\/wp-content\/gallery\/przepisy\/chleb_01.jpg\" width=\"270\" height=\"170\" border=\"0\" \/><span style=\"color: #008000;\">Przepis na chleb, kt\u00f3ry pieczemy w przedszkolu<\/span><\/p>\n<p>1 kg maki krupczatki \u2013 my dajemy 3, 4 \u0142y\u017cki m\u0105ki \u017cytniej i wtedy dope\u0142niam krupczatk\u0105 do pe\u0142nego kilograma.<br \/>\n1,5 \u0142y\u017ceczki soli<br \/>\n1,5 \u0142y\u017ceczki cukru<br \/>\n1,5 szklanki otr\u0119b\u00f3w mieszanych (pszenne i owsiane)<br \/>\n3 \u0142y\u017cki ziaren ( s\u0142onecznik, siemi\u0119 lniane, czarnuszka, dynia itp.)<br \/>\n50g dro\u017cd\u017cy<br \/>\n1 litr letniej wody po\u0142\u0105czy\u0107 z 50 g. dro\u017cd\u017cy, doda\u0107 cukier i s\u00f3l. Do powsta\u0142ej masy dosypa\u0107 pozosta\u0142e sk\u0142adniki, po\u0142\u0105czy\u0107 wszystko i odstawi\u0107 na 20 minut do wyro\u015bni\u0119cia. Prze\u0142o\u017cy\u0107 ciasto do 2 foremek (pod\u0142u\u017cne ,,keks\u00f3wki\u201d ) i ponownie odstawi\u0107 na 20 minut. Nast\u0119pnie piec w piekarniku przez 1 godzin\u0119, w temperaturze 200 stopni.<br \/>\nSmacznego!<\/p>\n<p style=\"text-align: justify;\"><span style=\"color: #c0c0c0;\">_______________________________________________________________________________________________________________________<\/span><\/p>\n<p><img decoding=\"async\" loading=\"lazy\" class=\"alignleft\" alt=\"\" src=\"http:\/\/aleksandrow.bimbambino.pl\/wp-content\/gallery\/przepisy\/ciasto_01.jpg\" width=\"270\" height=\"170\" border=\"0\" \/><span style=\"color: #008000;\">Ciasto z fasoli<\/span><br \/>\n2 puszki czerwonej fasoli<br \/>\n2 banany 3\u0142y\u017cki oleju kokosowego<br \/>\n4 jajka<br \/>\n3 \u0142y\u017cki cukru<br \/>\n2 \u0142y\u017ceczki proszku do pieczenia<br \/>\n2\u0142y\u017cki kakao<br \/>\nBanany z olejem kokosowym i fasol\u0105 zblendowa\u0107<br \/>\nJajka utrze\u0107 z cukrem, doda\u0107 zblendowan\u0105 mas\u0119, kakao i proszek do pieczenia.<br \/>\nPiec oko\u0142o godziny, w temperaturze 180 stopni.<\/p>\n<p>Smacznego!<\/p>\n<p style=\"text-align: justify;\"><span style=\"color: #c0c0c0;\">_______________________________________________________________________________________________________________________<\/span><\/p>\n<p><img decoding=\"async\" loading=\"lazy\" class=\"alignleft\" alt=\"\" src=\"http:\/\/aleksandrow.bimbambino.pl\/wp-content\/gallery\/przepisy\/monte_01.jpg\" width=\"270\" height=\"170\" border=\"0\" \/><span style=\"color: #008000;\">Monte z kaszy jaglanej<\/span><br \/>\n1szkl kaszy jaglanej<br \/>\n100g daktyli suszonych<br \/>\n2ma\u0142e banany<br \/>\n2lyzki kakao<br \/>\n2szkl mleka<br \/>\nKasze jaglana dok\u0142adnie wyp\u0142uka\u0107, nawet kilka razy, nast\u0119pnie zala\u0107 j\u0105 zimn\u0105 wod\u0105 i gotowa\u0107 tak d\u0142ugo, a\u017c si\u0119 rozgotuje. Wrzuci\u0107 do kaszy banany i daktyle (wcze\u015bniej sparzone) i chwile wszystko pogotowa\u0107. Wla\u0107 mleko i gotowa\u0107 jeszcze oko\u0142o 10 minut. Po tym czasie po\u0142ow\u0119 masy wlewamy do blendera i miksujemy, a do drugiej cz\u0119\u015bci dodajemy kakao i r\u00f3wnie\u017c j\u0105 blendujemy. Gotowe masy uk\u0142adamy obok siebie na miseczce lub talerzyku.<br \/>\nSmacznego!<\/p>\n<p style=\"text-align: justify;\"><span style=\"color: #c0c0c0;\">_______________________________________________________________________________________________________________________<\/span><\/p>\n<p><img decoding=\"async\" loading=\"lazy\" class=\"alignleft\" alt=\"\" src=\"http:\/\/aleksandrow.bimbambino.pl\/wp-content\/gallery\/przepisy\/kluseczki_01.jpg\" width=\"270\" height=\"170\" border=\"0\" \/><span style=\"color: #008000;\">Kluseczki szpinakowe <\/span><br \/>\nSzpinak 1op<br \/>\n6\u0142y\u017cek mas\u0142a \u015bmietankowego<br \/>\n40dag m\u0105ki<br \/>\n3jajka<br \/>\n150 ml mleka<br \/>\nS\u00f3l<br \/>\nSzpinak zblendowa\u0107.<br \/>\n\u017b\u00f3\u0142tka oddzieli\u0107 od bia\u0142ek, bia\u0142ka ubi\u0107 na sztywn\u0105 pian\u0119.<br \/>\nMas\u0142o utrze\u0107 z \u017c\u00f3\u0142tkami, doda\u0107 przesian\u0105 m\u0105k\u0119, mleko s\u00f3l i dok\u0142adnie wymiesza\u0107, a nast\u0119pnie doda\u0107 zblendowany szpinak i jeszcze raz wymiesza\u0107. Na koniec do\u0142o\u017cy\u0107 ubit\u0105 z bia\u0142ek pian\u0119 i wszystko raz jeszcze dok\u0142adnie wymiesza\u0107.<br \/>\nMetalowa \u0142y\u017ck\u0105 k\u0142a\u015b\u0107 pod\u0142u\u017cne kluski na osolony wrz\u0105tek, zanurzaj\u0105c, za ka\u017cdym razem, \u0142y\u017ck\u0119 w wodzie. Gotowa\u0107 do momentu wyp\u0142yni\u0119cia  klusek na powierzchnie Odcedzi\u0107, przela\u0107 zimn\u0105 wod\u0105,<br \/>\npodawa\u0107 jako dodatek do mi\u0119sa, sos\u00f3w lub pokropione lekko oliwa czy roztopionym mas\u0142em.<\/p>\n<p>Smacznego! <\/p>\n<p style=\"text-align: justify;\"><span style=\"color: #c0c0c0;\">_______________________________________________________________________________________________________________________<\/span><\/p>\n<p><img decoding=\"async\" loading=\"lazy\" class=\"alignleft\" alt=\"\" src=\"http:\/\/aleksandrow.bimbambino.pl\/wp-content\/gallery\/przepisy\/babka_01.jpg\" width=\"270\" height=\"170\" border=\"0\" \/><span style=\"color: #008000;\">Babka cytrynowa idealna na \u015bwi\u0119ta<\/span><\/p>\n<p>200 g m\u0105ki<br \/>\n200 g cukru<br \/>\n200g mas\u0142a \u015bmietankowego<br \/>\n4 jajka<br \/>\n1 \u0142y\u017ceczka proszku do pieczenia<br \/>\n1 \u0142y\u017cka soku z cytryny<br \/>\nsk\u00f3rka starta z jednej cytryny <\/p>\n<p>Jaja utrze\u0107 z cukrem, wla\u0107 do masy roztopione mas\u0142o i doda\u0107 reszt\u0119 sk\u0142adnik\u00f3w. Ciasto wla\u0107 do formy, wy\u0142o\u017conej papierem do pieczenia i piec oko\u0142o 30 minut, w temperaturze 180 stopni.<br \/>\nUpieczone ciasto mo\u017cna pola\u0107 lukrem z dodatkiem soku z cytryny . <\/p>\n","protected":false},"excerpt":{"rendered":"<p>Przepisy na Wielkanoc _______________________________________________________________________________________________________________________ Przepis na chleb, kt\u00f3ry pieczemy w przedszkolu 1 kg maki krupczatki \u2013 my dajemy 3, 4 \u0142y\u017cki m\u0105ki \u017cytniej i wtedy dope\u0142niam krupczatk\u0105 do pe\u0142nego kilograma. 1,5 \u0142y\u017ceczki soli 1,5 \u0142y\u017ceczki cukru 1,5 szklanki otr\u0119b\u00f3w mieszanych (pszenne i owsiane) 3 \u0142y\u017cki ziaren ( s\u0142onecznik, siemi\u0119 lniane, czarnuszka, dynia itp.) 50g dro\u017cd\u017cy<\/p>\n","protected":false},"author":2,"featured_media":0,"parent":0,"menu_order":0,"comment_status":"closed","ping_status":"closed","template":"","meta":[],"_links":{"self":[{"href":"http:\/\/aleksandrow.bimbambino.pl\/index.php?rest_route=\/wp\/v2\/pages\/4234"}],"collection":[{"href":"http:\/\/aleksandrow.bimbambino.pl\/index.php?rest_route=\/wp\/v2\/pages"}],"about":[{"href":"http:\/\/aleksandrow.bimbambino.pl\/index.php?rest_route=\/wp\/v2\/types\/page"}],"author":[{"embeddable":true,"href":"http:\/\/aleksandrow.bimbambino.pl\/index.php?rest_route=\/wp\/v2\/users\/2"}],"replies":[{"embeddable":true,"href":"http:\/\/aleksandrow.bimbambino.pl\/index.php?rest_route=%2Fwp%2Fv2%2Fcomments&post=4234"}],"version-history":[{"count":1,"href":"http:\/\/aleksandrow.bimbambino.pl\/index.php?rest_route=\/wp\/v2\/pages\/4234\/revisions"}],"predecessor-version":[{"id":4236,"href":"http:\/\/aleksandrow.bimbambino.pl\/index.php?rest_route=\/wp\/v2\/pages\/4234\/revisions\/4236"}],"wp:attachment":[{"href":"http:\/\/aleksandrow.bimbambino.pl\/index.php?rest_route=%2Fwp%2Fv2%2Fmedia&parent=4234"}],"curies":[{"name":"wp","href":"https:\/\/api.w.org\/{rel}","templated":true}]}}