{"id":3948,"date":"2019-11-21T16:12:26","date_gmt":"2019-11-21T14:12:26","guid":{"rendered":"http:\/\/aleksandrow.bimbambino.pl\/?page_id=3948"},"modified":"2019-11-21T16:15:54","modified_gmt":"2019-11-21T14:15:54","slug":"szlachetna-paczka-2019","status":"publish","type":"page","link":"http:\/\/aleksandrow.bimbambino.pl\/?page_id=3948","title":{"rendered":"Szlachetna Paczka 2019"},"content":{"rendered":"  <!-- Easing Slider -->\n    <div class=\"lof-container\" style=\"height:225px;padding-right:0px;padding-top:0px;padding-left:0px;padding-bottom:0px;\">\n      <div class=\"lof-slidecontent\" id=\"lofslidecontent45\" style=\"border:3px solid #ccc;width:800px;height:225px;\">\n        <div class=\"preload\" style=\"background:url(http:\/\/aleksandrow.bimbambino.pl\/wp-content\/plugins\/easing-slider\/images\/indicator.gif) no-repeat center center #fff;\">\n\n        <\/div>\n            <div class=\"lof-main-outer\" style=\"background: #fff;width:800px;height:225px;\">\n                <ul class=\"lof-main-wapper\">\n              \t\t<li><img src=\"http:\/\/aleksandrow.bimbambino.pl\/wp-content\/themes\/Linedy2\/images\/slider\/sl1.jpg\" style=\"width:800px;\" alt=\"\" \/><\/li>\t\t<li><img src=\"http:\/\/aleksandrow.bimbambino.pl\/wp-content\/themes\/Linedy2\/images\/slider\/sl2.jpg\" style=\"width:800px;\" alt=\"\" \/><\/li>\t\t<li><img src=\"http:\/\/aleksandrow.bimbambino.pl\/wp-content\/themes\/Linedy2\/images\/slider\/sl3.jpg\" style=\"width:800px;\" alt=\"\" \/><\/li><\/ul><\/div>                <div class=\"lof-navigator-wapper\" style=\"bottom:-35px;left: 0;padding:5px 5px;\">\n                  <div class=\"lof-navigator-outer\">\n                    <ul class=\"lof-navigator\">\n                      <li><span>.<\/span><\/li><li><span>.<\/span><\/li><li><span>.<\/span><\/li>             <\/ul>\n                <\/div>\n              <\/div>\n              \n            <\/div>\n          <\/div><img src=\"http:\/\/aleksandrow.bimbambino.pl\/wp-content\/plugins\/easing-slider\/images\/shadow_arc.png\" style=\"width:800px; padding-left:0px;padding-bottom:0px;padding-top:6px;margin-left:3px;\" alt=\"\" \/><!-- End of Easing Slider -->\n<h2>Szlachetna Paczka 2019<\/h2>\n<p><span style=\"color: #c0c0c0;\">__________________________________________________________________________<\/span><\/p>\n<p style=\"text-align: center;\"><span style=\"color: #ff0000;\">DRODZY RODZICE!!!<\/span><\/p>\n<p style=\"text-align: center;\"><b> N<\/b>asze Przedszkole bierze udzia\u0142 w akcji charytatywnej<\/p>\n<p style=\"text-align: center;\">\n<a href=\"http:\/\/aleksandrow.bimbambino.pl\/wp-content\/gallery\/03\/szlachetna2017.jpg\" title=\"\" class=\"shutterset_singlepic47333\" >\n\t<img class=\"ngg-singlepic ngg-center\" src=\"http:\/\/aleksandrow.bimbambino.pl\/wp-content\/gallery\/cache\/47333__370x270_szlachetna2017.jpg\" alt=\"szlachetna2017\" title=\"szlachetna2017\" \/>\n<\/a>\n<\/p>\n<p style=\"text-align: center;\"><b><span style=\"text-decoration: underline;\">Szlachetna Paczka. <\/span><\/b><\/p>\n<p>Pan Dariusz mieszka sam, jedynie raz w tygodniu odwiedza go jego opiekun prawny. M\u0119\u017cczyzna jest upo\u015bledzony<br \/>\numys\u0142owo w stopniu umiarkowanym, a to oznacza, \u017ce nie potrafi czyta\u0107, pisa\u0107, liczy\u0107, a wykonywanie codziennych<br \/>\nczynno\u015bci nie jest dla niego oczywiste. Rodzina pana Dariusza by\u0142a uboga odk\u0105d pami\u0119ta. Opiekowa\u0142a si\u0119 nim matka &#8211; dzi\u0119ki niej uko\u0144czy\u0142 trzy klasy szko\u0142y podstawowej. Bardzo go kocha\u0142a i opiekowa\u0142a si\u0119 nim przez wiele lat. Kiedy zmar\u0142a \u017cycie pana Dariusza zmieni\u0142o si\u0119 diametralnie. Opiek\u0119 prawn\u0105 nad m\u0119\u017cczyzn\u0105 przej\u0105\u0142 jego starszy brat, kt\u00f3ry w og\u00f3le si\u0119 nim nie interesowa\u0142 &#8211; by\u0142 bardzo zaniedbany, mieszka\u0142 w stodole bez dost\u0119pu do wody i ogrzewania. Wszelkie pieni\u0105dze pana Dariusza tak\u017ce zabiera\u0142 jego brat, po czym znika\u0142 na kilka tygodni. Pan Dariusz \u017cy\u0142 w taki spos\u00f3b do czasu, kiedy jego brat tak\u017ce zmar\u0142. Wtedy opiek\u0119 prawn\u0105 nad panem Dariuszem zacz\u0105\u0142 sprawowa\u0107 opiekun. Dzi\u0119ki jego pomocy pan Dariusz radzi sobie w \u017cyciu. Utrzymuje si\u0119 z renty w wysoko\u015bci 2200 z\u0142. Obecnie, po odliczeniu koszt\u00f3w mieszkania oraz lek\u00f3w, jego miesi\u0119czny doch\u00f3d wynosi<br \/>\n364 z\u0142.<\/p>\n<p>Pan Dariusz uwielbia zwierz\u0119ta, ma ma\u0142ego kundelka, kt\u00f3rego nazywa swoim przyjacielem. Bardzo dobrze zajmuje si\u0119 psem i lubi sp\u0119dza\u0107 z nim czas. Wychodzi z nim na spacery do lasu. M\u0119\u017cczyzna lubi czu\u0107 si\u0119 potrzebny &#8211; pomaga s\u0105siadom w drobnych pracach. Odwiedza r\u00f3wnie\u017c plebani\u0119 aby i tam wykonywa\u0107 drobne prace porz\u0105dkowe. Dzi\u0119ki temu czuje si\u0119 akceptowany i potrzebny w spo\u0142ecze\u0144stwie. Pan Dariusz marzy o tym, by jego \u017cycie pozosta\u0142o spokojne, \u017ceby m\u00f3g\u0142 mieszka\u0107 na wsi i przyja\u017ani\u0107 si\u0119 z s\u0105siadami. Chcia\u0142by r\u00f3wnie\u017c mie\u0107 kiedy\u015b drugiego psa.<br \/>\nPotrzeby, kt\u00f3re Pan Dariusz okre\u015bli\u0142 s\u0105 nast\u0119puj\u0105ce:<br \/>\n\u017bYWNO\u015a\u0106 TRWA\u0141A:<br \/>\n&#8211; herbata, kawa, ry\u017c, kasza, makaron, m\u0105ka, cukier, olej, d\u017cem, konserwy mi\u0119sne, konserwy rybne, warzywa w puszkach, przeciery pomidorowe i og\u00f3rkowe, ketchup i inne<br \/>\n\u015aRODKI CZYSTO\u015aCI<br \/>\n&#8211; proszek do prania, p\u0142yny czyszcz\u0105ce, p\u0142yn do mycia naczy\u0144, szampon, pasta do z\u0119b\u00f3w, szczoteczka do z\u0119b\u00f3w, myd\u0142o\/\u017cel myj\u0105cy i inne<br \/>\nODZIE\u017b (wszystko w rozmiarach XXL lub 3XL oraz ciemne kolory)<br \/>\n&#8211; Bluza, bluzka, dres, koszula, koszula flanelowa, koszulka \/ tshirt, kurtka, pi\u017cama, spodnie, sweter, bielizna, czapka, r\u0119kawiczki, skarpetki (bezuciskowe)<br \/>\nOBUWIE:<br \/>\n&#8211; Trapery rozmiar: 45, Uwagi: buty zimowe, najlepiej zapinane na rzepy lub na suwak, ciemne kolory<br \/>\n&#8211; Adidasy rozmiar: 45, Uwagi: najlepiej zapinane na rzepy, ciemne kolory<br \/>\n&#8211; Kapcie (domowe),\u00a0 rozmiar: 45, Uwagi: ciemne kolory<\/p>\n<p>INNE POTRZEBY:<br \/>\nGrzejnik elektryczny, kuchenka gazowa, kabina prysznicowa z bateri\u0105, r\u0119czniki, poduszka, koc, po\u015bciel,<\/p>\n<p>SPECJALNE UPOMINKI:<br \/>\nTel. kom. dla seniora ze stacj\u0105 dokuj\u0105c\u0105<\/p>\n<p>Je\u015bli chcieliby Pa\u0144stwo pom\u00f3c w zakupie grzejnika elektrycznego, lub innego potrzebnego sprz\u0119tu prosz\u0119 o podej\u015bcie do dyrekcji. My\u015bl\u0119, \u017ce wsp\u00f3lnymi si\u0142ami jeste\u015bmy dokona\u0107 zakupu np. grzejnika w wysoko\u015bci do 200 z\u0142.<\/p>\n","protected":false},"excerpt":{"rendered":"<p>Szlachetna Paczka 2019 __________________________________________________________________________ DRODZY RODZICE!!! Nasze Przedszkole bierze udzia\u0142 w akcji charytatywnej Szlachetna Paczka. Pan Dariusz mieszka sam, jedynie raz w tygodniu odwiedza go jego opiekun prawny. M\u0119\u017cczyzna jest upo\u015bledzony umys\u0142owo w stopniu umiarkowanym, a to oznacza, \u017ce nie potrafi czyta\u0107, pisa\u0107, liczy\u0107, a wykonywanie codziennych czynno\u015bci nie jest dla niego oczywiste. Rodzina pana<\/p>\n","protected":false},"author":2,"featured_media":0,"parent":0,"menu_order":0,"comment_status":"closed","ping_status":"closed","template":"","meta":[],"_links":{"self":[{"href":"http:\/\/aleksandrow.bimbambino.pl\/index.php?rest_route=\/wp\/v2\/pages\/3948"}],"collection":[{"href":"http:\/\/aleksandrow.bimbambino.pl\/index.php?rest_route=\/wp\/v2\/pages"}],"about":[{"href":"http:\/\/aleksandrow.bimbambino.pl\/index.php?rest_route=\/wp\/v2\/types\/page"}],"author":[{"embeddable":true,"href":"http:\/\/aleksandrow.bimbambino.pl\/index.php?rest_route=\/wp\/v2\/users\/2"}],"replies":[{"embeddable":true,"href":"http:\/\/aleksandrow.bimbambino.pl\/index.php?rest_route=%2Fwp%2Fv2%2Fcomments&post=3948"}],"version-history":[{"count":4,"href":"http:\/\/aleksandrow.bimbambino.pl\/index.php?rest_route=\/wp\/v2\/pages\/3948\/revisions"}],"predecessor-version":[{"id":3953,"href":"http:\/\/aleksandrow.bimbambino.pl\/index.php?rest_route=\/wp\/v2\/pages\/3948\/revisions\/3953"}],"wp:attachment":[{"href":"http:\/\/aleksandrow.bimbambino.pl\/index.php?rest_route=%2Fwp%2Fv2%2Fmedia&parent=3948"}],"curies":[{"name":"wp","href":"https:\/\/api.w.org\/{rel}","templated":true}]}}