{"id":3571,"date":"2018-09-19T15:01:09","date_gmt":"2018-09-19T13:01:09","guid":{"rendered":"http:\/\/aleksandrow.bimbambino.pl\/?page_id=3571"},"modified":"2018-09-27T11:57:08","modified_gmt":"2018-09-27T09:57:08","slug":"zdrowo-najedzony","status":"publish","type":"page","link":"http:\/\/aleksandrow.bimbambino.pl\/?page_id=3571","title":{"rendered":"Zdrowo najedzony"},"content":{"rendered":"<h2><span style=\"color: #ff6600;\">Zdrowe \u017cywienie<\/span><\/h2>\n<p style=\"text-align: center;\"><span style=\"color: #c0c0c0;\">____________________________________________________________________________________________________________________<\/span><\/p>\n<p>Odpowiednia dieta ma\u0142ego dziecka ma ogromny wp\u0142yw na jego rozw\u00f3j, odporno\u015b\u0107, samopoczucie, zdrowie, a co istotne wykszta\u0142ca w ma\u0142ym cz\u0142owieku zdrowe nawyki \u017cywieniowe na ca\u0142e \u017cycie.<\/p>\n<p>Posiadaj\u0105c t\u0119 wiedz\u0119 staramy si\u0119 nasze przedszkolaki od\u017cywia\u0107 zdrowo i racjonalnie, zachowuj\u0105c przy tym wysokie standardy jako\u015bciowe, estetyczne i smakowe, a tak\u017ce pozwalaj\u0105c dzieciom na ich w\u0142asne ,,kulinarne wypowiedzi\u201d.<\/p>\n<p><span style=\"color: #ff6600;\"><b>W naszym przedszkolu:<\/b><\/span><\/p>\n<p>&#8211; u\u017cywamy tylko naturalnych przypraw<\/p>\n<p>&#8211; zupy i sosy zag\u0119szczamy zmiksowanymi warzywami, a zabielamy naturalnym jogurtem (nie u\u017cywamy m\u0105ki i \u015bmietany) lub mlekiem kokosowym,<\/p>\n<p>&#8211; u\u017cywamy mniej cukru ( w razie konieczno\u015bci potrawy czy napoje dos\u0142adzamy miodem naturalnym lub suszonymi owocami),<\/p>\n<p>&#8211; nie podajemy dzieciom s\u0142odyczy, ani s\u0142odkich napoj\u00f3w zakupionych w sklepie, s\u0142odko\u015bci robimy sami,<\/p>\n<p>&#8211; jemy pieczywo ciemne i razowe &#8211; sami pieczemy ciasta i pasztety, przygotowujemy r\u00f3\u017cnego rodzaju pasty, przyrz\u0105dzamy kisiele, budynie i desery,<\/p>\n<p>&#8211; serwujemy dzieciom r\u00f3\u017ce rodzaje kasz, szeroki wachlarz warzyw i owoc\u00f3w,<\/p>\n<p>&#8211; podajemy dzieciom tylko jogurty naturalne,<\/p>\n<p>&#8211; bardzo ograniczamy ilo\u015b\u0107 soli w potrawach,<\/p>\n<p>&#8211; wiemy co dzieciom smakuje i jak zaczarowa\u0107 niejedn\u0105 potraw\u0119.<\/p>\n<p><span style=\"color: #ff6600;\"><b>A tak\u017ce :<\/b><\/span><\/p>\n<p>&#8211; przestrzegamy rygorystycznie indywidualnych, specjalistycznych diet dzieci,<\/p>\n<p>&#8211; zapoznajemy dzieci z potrawami z r\u00f3\u017cnych stron \u015bwiata,<\/p>\n<p>&#8211; pozwalamy rodzicom pozna\u0107 nowe smaki w naszym menu \u2013 <span style=\"color: #ff6600;\"><b>Hit szefowej kuchni: <\/b><\/span>Raz w miesi\u0105cu dzieci cz\u0119stuj\u0105 rodzic\u00f3w przygotowanymi przez naszych kucharzy nowymi potrawami,<\/p>\n<p>&#8211; jemy obiady w wyj\u0105tkowej oprawie &#8211;<span style=\"color: #ff6600;\"> <b>Eleganckie obiady<\/b>: <\/span>Raz w miesi\u0105cu dzieci biesiaduj\u0105 przy elegancko nakrytych sto\u0142ach. Potrawy podajemy w ten dzie\u0144 na specjalnej zastawie, a rodzice dbaj\u0105 o wyj\u0105tkowy str\u00f3j swoich pociech,<\/p>\n<p>&#8211; pozwalamy dzieciom poszczeg\u00f3lnych grup wiekowych, aby same raz w miesi\u0105cu u\u0142o\u017cy\u0142y sw\u00f3j w\u0142asny jad\u0142ospis, na kt\u00f3ry sk\u0142adaj\u0105 si\u0119 ich ulubione potrawy- <b><span style=\"color: #ff6600;\">To nam smakuje<\/span>, <\/b><\/p>\n<p>&#8211; w\u00a0 poniedzia\u0142ek i w czwartek w okresie zimowym jemy o poranku ciep\u0142y posi\u0142ek- <b><span style=\"color: #ff6600;\">Ciep\u0142e \u015bniadania<\/span>, <\/b><\/p>\n<p>&#8211; pozostawiamy dzieciom kwesti\u0119 wyboru \u2013 w ka\u017cd\u0105 \u015brod\u0119 dzieci, w ka\u017cdej grupie wiekowej samodzielnie przygotowuj\u0105 sobie kanapki, wybieraj\u0105c do ich stworzenia to na co akurat tego dnia maj\u0105 ochot\u0119\u00a0 \u2013\u00a0 <span style=\"color: #ff6600;\"><b>Samodzielne \u015bniadania, <\/b><\/span><\/p>\n<p>&#8211; staramy si\u0119 zainteresowa\u0107 dzieci r\u00f3\u017cnorodno\u015bci\u0105 potraw, sposobem ich podania, a tak\u017ce ich wyj\u0105tkowym nazewnictwem \u2013 <b><span style=\"color: #ff6600;\">Tygodnie tematyczne,<\/span>\u00a0 <\/b><\/p>\n<p>&#8211; proces zdrowego \u017cywienia dzieci wprowadzili\u015bmy pod okiem og\u00f3lnopolskiej kampanii\u00a0<b><span style=\"color: #ff6600;\"> &#8222;<\/span><span style=\"color: #ff6600;\">Zdrowy Przedszkolak&#8221;,<\/span><\/b><\/p>\n<p>&#8211;\u00a0 uko\u0144czyli\u015bmy cykl szkole\u0144 wspieraj\u0105cych prawid\u0142owe nawyki \u017cywieniowe u ma\u0142ych dzieci &#8211; zdobyli\u015bmy certyfikat\u00a0 <span style=\"color: #ff6600;\"><b>&#8222;Zdrowo jemy, zdrowo ro\u015bniemy&#8221;,<\/b><\/span><\/p>\n<p>&#8211; \u00a0uczymy dzieci i rodzic\u00f3w przygotowywania zdrowych potraw \u2013 <span style=\"color: #ff6600;\"><b>Warsztaty kulinarne.<\/b><\/span><\/p>\n<p><b>\u00a0<\/b><\/p>\n<p>Wszystkie wymienione powy\u017cej dzia\u0142ania maj\u0105 zawsze swoje odzwierciedlenie w tygodniowym jad\u0142ospisie, kt\u00f3ry znajdziecie Pa\u0144stwo w menu g\u0142\u00f3wnym strony, w zak\u0142adce ,,Wy\u017cywienie\u201d<\/p>\n<p>&nbsp;<\/p>\n<div id=\"zdjecia\">\n<div id=\"zdx\">\n<a href=\"http:\/\/aleksandrow.bimbambino.pl\/wp-content\/gallery\/2018_menu_nie_kasowac\/na1.JPG\" title=\"\" class=\"shutterset_singlepic50630\" >\n\t<img class=\"ngg-singlepic ngg-center\" src=\"http:\/\/aleksandrow.bimbambino.pl\/wp-content\/gallery\/cache\/50630__290x200_na1.JPG\" alt=\"na1\" title=\"na1\" \/>\n<\/a>\n<\/div>\n<div id=\"zdx\">\n<a href=\"http:\/\/aleksandrow.bimbambino.pl\/wp-content\/gallery\/2018_menu_nie_kasowac\/na2.JPG\" title=\"\" class=\"shutterset_singlepic50631\" >\n\t<img class=\"ngg-singlepic ngg-center\" src=\"http:\/\/aleksandrow.bimbambino.pl\/wp-content\/gallery\/cache\/50631__290x200_na2.JPG\" alt=\"na2\" title=\"na2\" \/>\n<\/a>\n<\/div>\n<div id=\"zdx\">\n<a href=\"http:\/\/aleksandrow.bimbambino.pl\/wp-content\/gallery\/2018_menu_nie_kasowac\/na3.JPG\" title=\"\" class=\"shutterset_singlepic50632\" >\n\t<img class=\"ngg-singlepic ngg-center\" src=\"http:\/\/aleksandrow.bimbambino.pl\/wp-content\/gallery\/cache\/50632__290x200_na3.JPG\" alt=\"na3\" title=\"na3\" \/>\n<\/a>\n<\/div>\n<div id=\"zdx\">\n<a href=\"http:\/\/aleksandrow.bimbambino.pl\/wp-content\/gallery\/2018_menu_nie_kasowac\/na4.JPG\" title=\"\" class=\"shutterset_singlepic50633\" >\n\t<img class=\"ngg-singlepic ngg-center\" src=\"http:\/\/aleksandrow.bimbambino.pl\/wp-content\/gallery\/cache\/50633__290x200_na4.JPG\" alt=\"na4\" title=\"na4\" \/>\n<\/a>\n<\/div>\n<div id=\"zdx\">\n<a href=\"http:\/\/aleksandrow.bimbambino.pl\/wp-content\/gallery\/2018_menu_nie_kasowac\/na5.JPG\" title=\"\" class=\"shutterset_singlepic50634\" >\n\t<img class=\"ngg-singlepic ngg-center\" src=\"http:\/\/aleksandrow.bimbambino.pl\/wp-content\/gallery\/cache\/50634__290x200_na5.JPG\" alt=\"na5\" title=\"na5\" \/>\n<\/a>\n<\/div>\n<div id=\"zdx\">\n<a href=\"http:\/\/aleksandrow.bimbambino.pl\/wp-content\/gallery\/2018_menu_nie_kasowac\/na6.JPG\" title=\"\" class=\"shutterset_singlepic50635\" >\n\t<img class=\"ngg-singlepic ngg-center\" src=\"http:\/\/aleksandrow.bimbambino.pl\/wp-content\/gallery\/cache\/50635__290x200_na6.JPG\" alt=\"na6\" title=\"na6\" \/>\n<\/a>\n<\/div>\n<div id=\"zdx\">\n<a href=\"http:\/\/aleksandrow.bimbambino.pl\/wp-content\/gallery\/2018_menu_nie_kasowac\/na7.JPG\" title=\"\" class=\"shutterset_singlepic50636\" >\n\t<img class=\"ngg-singlepic ngg-center\" src=\"http:\/\/aleksandrow.bimbambino.pl\/wp-content\/gallery\/cache\/50636__290x200_na7.JPG\" alt=\"na7\" title=\"na7\" \/>\n<\/a>\n<\/div>\n<div id=\"zdx\">\n<a href=\"http:\/\/aleksandrow.bimbambino.pl\/wp-content\/gallery\/2018_menu_nie_kasowac\/na8.JPG\" title=\"\" class=\"shutterset_singlepic50637\" >\n\t<img class=\"ngg-singlepic ngg-center\" src=\"http:\/\/aleksandrow.bimbambino.pl\/wp-content\/gallery\/cache\/50637__290x200_na8.JPG\" alt=\"na8\" title=\"na8\" \/>\n<\/a>\n<\/div>\n<div id=\"zdx\">\n<a href=\"http:\/\/aleksandrow.bimbambino.pl\/wp-content\/gallery\/2018_menu_nie_kasowac\/na9.JPG\" title=\"\" class=\"shutterset_singlepic50638\" >\n\t<img class=\"ngg-singlepic ngg-center\" src=\"http:\/\/aleksandrow.bimbambino.pl\/wp-content\/gallery\/cache\/50638__290x200_na9.JPG\" alt=\"na9\" title=\"na9\" \/>\n<\/a>\n<\/div>\n<p style=\"text-align: center;\"><span style=\"color: #c0c0c0;\">____________________________________________________________________________________________________________________<\/span><\/p>\n<\/div>\n","protected":false},"excerpt":{"rendered":"<p>Zdrowe \u017cywienie ____________________________________________________________________________________________________________________ Odpowiednia dieta ma\u0142ego dziecka ma ogromny wp\u0142yw na jego rozw\u00f3j, odporno\u015b\u0107, samopoczucie, zdrowie, a co istotne wykszta\u0142ca w ma\u0142ym cz\u0142owieku zdrowe nawyki \u017cywieniowe na ca\u0142e \u017cycie. Posiadaj\u0105c t\u0119 wiedz\u0119 staramy si\u0119 nasze przedszkolaki od\u017cywia\u0107 zdrowo i racjonalnie, zachowuj\u0105c przy tym wysokie standardy jako\u015bciowe, estetyczne i smakowe, a tak\u017ce pozwalaj\u0105c dzieciom na ich<\/p>\n","protected":false},"author":2,"featured_media":0,"parent":0,"menu_order":0,"comment_status":"closed","ping_status":"closed","template":"","meta":[],"_links":{"self":[{"href":"http:\/\/aleksandrow.bimbambino.pl\/index.php?rest_route=\/wp\/v2\/pages\/3571"}],"collection":[{"href":"http:\/\/aleksandrow.bimbambino.pl\/index.php?rest_route=\/wp\/v2\/pages"}],"about":[{"href":"http:\/\/aleksandrow.bimbambino.pl\/index.php?rest_route=\/wp\/v2\/types\/page"}],"author":[{"embeddable":true,"href":"http:\/\/aleksandrow.bimbambino.pl\/index.php?rest_route=\/wp\/v2\/users\/2"}],"replies":[{"embeddable":true,"href":"http:\/\/aleksandrow.bimbambino.pl\/index.php?rest_route=%2Fwp%2Fv2%2Fcomments&post=3571"}],"version-history":[{"count":7,"href":"http:\/\/aleksandrow.bimbambino.pl\/index.php?rest_route=\/wp\/v2\/pages\/3571\/revisions"}],"predecessor-version":[{"id":3616,"href":"http:\/\/aleksandrow.bimbambino.pl\/index.php?rest_route=\/wp\/v2\/pages\/3571\/revisions\/3616"}],"wp:attachment":[{"href":"http:\/\/aleksandrow.bimbambino.pl\/index.php?rest_route=%2Fwp%2Fv2%2Fmedia&parent=3571"}],"curies":[{"name":"wp","href":"https:\/\/api.w.org\/{rel}","templated":true}]}}