{"id":3568,"date":"2018-09-19T15:00:25","date_gmt":"2018-09-19T13:00:25","guid":{"rendered":"http:\/\/aleksandrow.bimbambino.pl\/?page_id=3568"},"modified":"2018-09-27T09:57:10","modified_gmt":"2018-09-27T07:57:10","slug":"rozwoj-emocjonalny","status":"publish","type":"page","link":"http:\/\/aleksandrow.bimbambino.pl\/?page_id=3568","title":{"rendered":"Rozw\u00f3j emocjonalny"},"content":{"rendered":"<h2><span style=\"color: #ff0000;\">Rozw\u00f3j emocjonalny<\/span><\/h2>\n<p style=\"text-align: center;\"><span style=\"color: #c0c0c0;\">____________________________________________________________________________________________________________________<\/span><\/p>\n<p>Ka\u017cdego dnia dbamy o rozw\u00f3j emocjonalny dzieci, aby mog\u0142y one w jak najlepszy spos\u00f3b rozwija\u0107 swoje kompetencje spo\u0142eczne oraz uruchamia\u0107 i rozwija\u0107 sw\u00f3j potencja\u0142 tw\u00f3rczy.<\/p>\n<p>Zale\u017cy nam , aby nasze przedszkolaki zdobywa\u0142y i rozwija\u0142y ka\u017cdego dnia:<\/p>\n<p>&#8211; umiej\u0119tno\u015b\u0107 nazywania emocji,<\/p>\n<p>&#8211; umiej\u0119tno\u015b\u0107 wyra\u017cania emocji w spos\u00f3b akceptowany przez grup\u0119,<\/p>\n<p>&#8211; umiej\u0119tno\u015b\u0107 wsp\u00f3\u0142pracy w grupie,<\/p>\n<p>&#8211; umiej\u0119tno\u015b\u0107 samoobserwacji,<\/p>\n<p>&#8211; umiej\u0119tno\u015b\u0107 rozwi\u0105zywania konflikt\u00f3w,<\/p>\n<p>&#8211; poczucie w\u0142asnej warto\u015bci.<\/p>\n<p><span style=\"color: #ff0000;\"><b>W tym celu:<\/b><\/span><\/p>\n<p>&#8211; w ka\u017cdym tygodniu dzieci uczestnicz\u0105\u00a0 w zaj\u0119ciach ,,Karuzela emocji\u201d, kt\u00f3re prowadzi\u00a0\u00a0 wykwalifikowana terapeutka,<\/p>\n<p>&#8211; dzieci wraz ze swoj\u0105 nauczycielk\u0105 ka\u017cdego dnia ucz\u0105 si\u0119 wyra\u017ca\u0107 i ocenia\u0107 swoje uczucia,<\/p>\n<p>&#8211; organizujemy zar\u00f3wno dla dzieci, jak i kadry przedszkola warsztaty i szkolenia prowadzone przez do\u015bwiadczonych pedagog\u00f3w, psycholog\u00f3w czy terapeut\u00f3w,<\/p>\n<p>&#8211; na sta\u0142e wsp\u00f3\u0142pracujemy z Poradni\u0105 Pedagogiczno-Psychologiczn\u0105 w Aleksandrowie Kujawskim,<\/p>\n<p>&#8211; raz w roku, dzieci z najstarszej grupy nocuj\u0105 w przedszkolu. Dzie\u0144 poprzedzaj\u0105cy t\u0119 noc oraz wczesny i p\u00f3\u017any wiecz\u00f3r przebiegaj\u0105 wed\u0142ug wyj\u0105tkowego planu i zawsze pod jakim\u015b ciekawym tytu\u0142em. W ten spos\u00f3b uczymy dzieci samodzielno\u015bci, pokonywania l\u0119ku przed rozstaniem z rodzicami, czerpania rado\u015bci z bycia w grupie r\u00f3wie\u015bniczej,<\/p>\n<p>&#8211; wsp\u00f3\u0142pracujemy ze schroniskiem dla zwierz\u0105t w Ot\u0142oczynku, \u00a0aby uczy\u0107 nasze dzieci odpowiedzialno\u015bci, opieku\u0144czo\u015bci \u00a0i mi\u0142o\u015bci,<\/p>\n<p>&#8211; bierzemy udzia\u0142 w akcjach charytatywnych: ,,Szlachetna paczka\u201d, ,,G\u00f3ra Grosza\u201d, ,,Odkr\u0119\u0107 si\u0119 na Dominik\u0119\u201d,<\/p>\n<p>&#8211; przez ca\u0142y rok szkolny odbywaj\u0105 si\u0119 w naszym przedszkolu zaj\u0119cia adaptacyjne dla przysz\u0142ych przedszkolak\u00f3w, aby zar\u00f3wno dzieci, jaki rodzice mogli pozna\u0107 i zaakceptowa\u0107 nasze przedszkole, rozk\u0142adaj\u0105c trudne emocje sukcesywnie na ca\u0142y rok. Dzia\u0142anie to ma na celu u\u0142atwienie ka\u017cdej ze stron nieuchronne , poranne rozstania ,<\/p>\n<p>&#8211; pomagamy dzieciom oswoi\u0107 si\u0119 z sytuacj\u0105 pojawienia si\u0119 w domu\u00a0 nowego cz\u0142onka rodziny, w tym celu organizujemy uroczyste mianowanie na starszego brata lub\u00a0 starsz\u0105 siostr\u0119.<\/p>\n<p>&nbsp;<\/p>\n<div id=\"zdjecia\">\n<div id=\"zdx\">\n<a href=\"http:\/\/aleksandrow.bimbambino.pl\/wp-content\/gallery\/2018_menu_nie_kasowac\/em1.JPG\" title=\"\" class=\"shutterset_singlepic50618\" >\n\t<img class=\"ngg-singlepic ngg-center\" src=\"http:\/\/aleksandrow.bimbambino.pl\/wp-content\/gallery\/cache\/50618__290x200_em1.JPG\" alt=\"em1\" title=\"em1\" \/>\n<\/a>\n<\/div>\n<div id=\"zdx\">\n<a href=\"http:\/\/aleksandrow.bimbambino.pl\/wp-content\/gallery\/2018_menu_nie_kasowac\/em2.JPG\" title=\"\" class=\"shutterset_singlepic50619\" >\n\t<img class=\"ngg-singlepic ngg-center\" src=\"http:\/\/aleksandrow.bimbambino.pl\/wp-content\/gallery\/cache\/50619__290x200_em2.JPG\" alt=\"em2\" title=\"em2\" \/>\n<\/a>\n<\/div>\n<div id=\"zdx\">\n<a href=\"http:\/\/aleksandrow.bimbambino.pl\/wp-content\/gallery\/2018_menu_nie_kasowac\/em3.JPG\" title=\"\" class=\"shutterset_singlepic50620\" >\n\t<img class=\"ngg-singlepic ngg-center\" src=\"http:\/\/aleksandrow.bimbambino.pl\/wp-content\/gallery\/cache\/50620__290x200_em3.JPG\" alt=\"em3\" title=\"em3\" \/>\n<\/a>\n<\/div>\n<div id=\"zdx\">\n<a href=\"http:\/\/aleksandrow.bimbambino.pl\/wp-content\/gallery\/2018_menu_nie_kasowac\/em4.JPG\" title=\"\" class=\"shutterset_singlepic50621\" >\n\t<img class=\"ngg-singlepic ngg-center\" src=\"http:\/\/aleksandrow.bimbambino.pl\/wp-content\/gallery\/cache\/50621__290x200_em4.JPG\" alt=\"em4\" title=\"em4\" \/>\n<\/a>\n<\/div>\n<div id=\"zdx\">\n<a href=\"http:\/\/aleksandrow.bimbambino.pl\/wp-content\/gallery\/2018_menu_nie_kasowac\/em5.JPG\" title=\"\" class=\"shutterset_singlepic50622\" >\n\t<img class=\"ngg-singlepic ngg-center\" src=\"http:\/\/aleksandrow.bimbambino.pl\/wp-content\/gallery\/cache\/50622__290x200_em5.JPG\" alt=\"em5\" title=\"em5\" \/>\n<\/a>\n<\/div>\n<div id=\"zdx\">\n<a href=\"http:\/\/aleksandrow.bimbambino.pl\/wp-content\/gallery\/2018_menu_nie_kasowac\/em6.JPG\" title=\"\" class=\"shutterset_singlepic50623\" >\n\t<img class=\"ngg-singlepic ngg-center\" src=\"http:\/\/aleksandrow.bimbambino.pl\/wp-content\/gallery\/cache\/50623__290x200_em6.JPG\" alt=\"em6\" title=\"em6\" \/>\n<\/a>\n<\/div>\n<p style=\"text-align: center;\"><span style=\"color: #c0c0c0;\">____________________________________________________________________________________________________________________<\/span><\/p>\n<\/div>\n","protected":false},"excerpt":{"rendered":"<p>Rozw\u00f3j emocjonalny ____________________________________________________________________________________________________________________ Ka\u017cdego dnia dbamy o rozw\u00f3j emocjonalny dzieci, aby mog\u0142y one w jak najlepszy spos\u00f3b rozwija\u0107 swoje kompetencje spo\u0142eczne oraz uruchamia\u0107 i rozwija\u0107 sw\u00f3j potencja\u0142 tw\u00f3rczy. Zale\u017cy nam , aby nasze przedszkolaki zdobywa\u0142y i rozwija\u0142y ka\u017cdego dnia: &#8211; umiej\u0119tno\u015b\u0107 nazywania emocji, &#8211; umiej\u0119tno\u015b\u0107 wyra\u017cania emocji w spos\u00f3b akceptowany przez grup\u0119, &#8211; umiej\u0119tno\u015b\u0107 wsp\u00f3\u0142pracy<\/p>\n","protected":false},"author":2,"featured_media":0,"parent":0,"menu_order":0,"comment_status":"closed","ping_status":"closed","template":"","meta":[],"_links":{"self":[{"href":"http:\/\/aleksandrow.bimbambino.pl\/index.php?rest_route=\/wp\/v2\/pages\/3568"}],"collection":[{"href":"http:\/\/aleksandrow.bimbambino.pl\/index.php?rest_route=\/wp\/v2\/pages"}],"about":[{"href":"http:\/\/aleksandrow.bimbambino.pl\/index.php?rest_route=\/wp\/v2\/types\/page"}],"author":[{"embeddable":true,"href":"http:\/\/aleksandrow.bimbambino.pl\/index.php?rest_route=\/wp\/v2\/users\/2"}],"replies":[{"embeddable":true,"href":"http:\/\/aleksandrow.bimbambino.pl\/index.php?rest_route=%2Fwp%2Fv2%2Fcomments&post=3568"}],"version-history":[{"count":6,"href":"http:\/\/aleksandrow.bimbambino.pl\/index.php?rest_route=\/wp\/v2\/pages\/3568\/revisions"}],"predecessor-version":[{"id":3613,"href":"http:\/\/aleksandrow.bimbambino.pl\/index.php?rest_route=\/wp\/v2\/pages\/3568\/revisions\/3613"}],"wp:attachment":[{"href":"http:\/\/aleksandrow.bimbambino.pl\/index.php?rest_route=%2Fwp%2Fv2%2Fmedia&parent=3568"}],"curies":[{"name":"wp","href":"https:\/\/api.w.org\/{rel}","templated":true}]}}