{"id":3565,"date":"2018-09-19T14:59:41","date_gmt":"2018-09-19T12:59:41","guid":{"rendered":"http:\/\/aleksandrow.bimbambino.pl\/?page_id=3565"},"modified":"2018-09-27T12:37:33","modified_gmt":"2018-09-27T10:37:33","slug":"przygotowanie-do-szkoly","status":"publish","type":"page","link":"http:\/\/aleksandrow.bimbambino.pl\/?page_id=3565","title":{"rendered":"Przygotowanie do szko\u0142y"},"content":{"rendered":"<h2><span style=\"color: #008080;\">Przygotowanie do szko\u0142y<\/span><\/h2>\n<p style=\"text-align: center;\"><span style=\"color: #c0c0c0;\">____________________________________________________________________________________________________________________<\/span><\/p>\n<p>Zaj\u0119cia edukacyjne w naszym przedszkolu opieramy na programie wychowania przedszkolnego\u00a0 Jadwigi Pytlarczyk\u00a0 pt,,W kr\u0119gu zabawy\u201d .<\/p>\n<p>Program ten wzbogacamy dodatkowo w\u0142asnymi, autorskim programami, kt\u00f3re tworzy kadra pedagogiczna naszego przedszkola:<\/p>\n<p>&#8211; program wychowawczy pt,,Ja, Ty, My \u2013 razem w przedszkolu\u201d<\/p>\n<p>&#8211; program zdrowotny pt,,Zdrowe BimBamBinki\u201d<\/p>\n<p>&#8211; program adaptacyjny pt,, Weso\u0142e BimBamBinki\u201d<\/p>\n<p><span style=\"color: #008080;\"><b>Poza tym:<\/b><\/span><\/p>\n<p>&#8211; sale wszystkich grup wiekowych wyposa\u017cone s\u0105 w naszym przedszkolu w liczne\u00a0 pomoce naukowe,<\/p>\n<p>&#8211; dzieci regularnie uczestnicz\u0105\u00a0 w lekcjach bibliotecznych prowadzonych w Bibliotece Miejskiej w Aleksandrowie Kujawskim oraz \u00a0w\u00a0 zaj\u0119ciach dotycz\u0105cych bezpiecze\u0144stwa, prowadzonych w Wojew\u00f3dzkim O\u015brodku Ruchu\u00a0 Drogowego w Toruniu lub we W\u0142oc\u0142awku,<\/p>\n<p>&#8211; kadra naszego przedszkola ka\u017cdego roku podnosi swoje kwalifikacje zdobywaj\u0105c kolejne stopnie\u00a0\u00a0\u00a0 awansu zawodowego, a tak\u017ce uczestnicz\u0105c w licznych warsztatach i szkoleniach,<\/p>\n<p>&#8211; dzieci regularnie odwiedzaj\u0105 \u00a0muzea i wystawy kierowane do ich grupy wiekowej,<\/p>\n<p>&#8211; przedszkole\u00a0 korzysta z lekcji bezpiecze\u0144stwa proponowanych przez policj\u0119 i stra\u017c po\u017carn\u0105, kt\u00f3re regularnie odbywaj\u0105 si\u0119 \u00a0w naszym przedszkolu,<\/p>\n<p>-corocznie w czerwcu przedszkole odwiedzaj\u0105 nasi absolwenci, sp\u0119dzaj\u0105 czas ze swoimi m\u0142odszymi kolegami, chwal\u0105 si\u0119 sukcesami i osi\u0105gni\u0119ciami w szkole, a nasze przedszkole prowadzi kronik\u0119 z tych spotka\u0144.<\/p>\n<p>&nbsp;<\/p>\n<div id=\"zdjecia\">\n<div id=\"zdx\">\n<a href=\"http:\/\/aleksandrow.bimbambino.pl\/wp-content\/gallery\/2018_menu_nie_kasowac\/sz1.JPG\" title=\"\" class=\"shutterset_singlepic50624\" >\n\t<img class=\"ngg-singlepic ngg-center\" src=\"http:\/\/aleksandrow.bimbambino.pl\/wp-content\/gallery\/cache\/50624__290x200_sz1.JPG\" alt=\"sz1\" title=\"sz1\" \/>\n<\/a>\n<\/div>\n<div id=\"zdx\">\n<a href=\"http:\/\/aleksandrow.bimbambino.pl\/wp-content\/gallery\/2018_menu_nie_kasowac\/sz2.JPG\" title=\"\" class=\"shutterset_singlepic50625\" >\n\t<img class=\"ngg-singlepic ngg-center\" src=\"http:\/\/aleksandrow.bimbambino.pl\/wp-content\/gallery\/cache\/50625__290x200_sz2.JPG\" alt=\"sz2\" title=\"sz2\" \/>\n<\/a>\n<\/div>\n<div id=\"zdx\">\n<a href=\"http:\/\/aleksandrow.bimbambino.pl\/wp-content\/gallery\/2018_menu_nie_kasowac\/sz3.JPG\" title=\"\" class=\"shutterset_singlepic50626\" >\n\t<img class=\"ngg-singlepic ngg-center\" src=\"http:\/\/aleksandrow.bimbambino.pl\/wp-content\/gallery\/cache\/50626__290x200_sz3.JPG\" alt=\"sz3\" title=\"sz3\" \/>\n<\/a>\n<\/div>\n<div id=\"zdx\">\n<a href=\"http:\/\/aleksandrow.bimbambino.pl\/wp-content\/gallery\/2018_menu_nie_kasowac\/sz4.JPG\" title=\"\" class=\"shutterset_singlepic50627\" >\n\t<img class=\"ngg-singlepic ngg-center\" src=\"http:\/\/aleksandrow.bimbambino.pl\/wp-content\/gallery\/cache\/50627__290x200_sz4.JPG\" alt=\"sz4\" title=\"sz4\" \/>\n<\/a>\n<\/div>\n<div id=\"zdx\">\n<a href=\"http:\/\/aleksandrow.bimbambino.pl\/wp-content\/gallery\/2018_menu_nie_kasowac\/sz5.JPG\" title=\"\" class=\"shutterset_singlepic50628\" >\n\t<img class=\"ngg-singlepic ngg-center\" src=\"http:\/\/aleksandrow.bimbambino.pl\/wp-content\/gallery\/cache\/50628__290x200_sz5.JPG\" alt=\"sz5\" title=\"sz5\" \/>\n<\/a>\n<\/div>\n<div id=\"zdx\">\n<a href=\"http:\/\/aleksandrow.bimbambino.pl\/wp-content\/gallery\/2018_menu_nie_kasowac\/sz6.JPG\" title=\"\" class=\"shutterset_singlepic50629\" >\n\t<img class=\"ngg-singlepic ngg-center\" src=\"http:\/\/aleksandrow.bimbambino.pl\/wp-content\/gallery\/cache\/50629__290x200_sz6.JPG\" alt=\"sz6\" title=\"sz6\" \/>\n<\/a>\n<\/div>\n<p style=\"text-align: center;\"><span style=\"color: #c0c0c0;\">____________________________________________________________________________________________________________________<\/span><\/p>\n<\/div>\n","protected":false},"excerpt":{"rendered":"<p>Przygotowanie do szko\u0142y ____________________________________________________________________________________________________________________ Zaj\u0119cia edukacyjne w naszym przedszkolu opieramy na programie wychowania przedszkolnego\u00a0 Jadwigi Pytlarczyk\u00a0 pt,,W kr\u0119gu zabawy\u201d . Program ten wzbogacamy dodatkowo w\u0142asnymi, autorskim programami, kt\u00f3re tworzy kadra pedagogiczna naszego przedszkola: &#8211; program wychowawczy pt,,Ja, Ty, My \u2013 razem w przedszkolu\u201d &#8211; program zdrowotny pt,,Zdrowe BimBamBinki\u201d &#8211; program adaptacyjny pt,, Weso\u0142e BimBamBinki\u201d Poza<\/p>\n","protected":false},"author":2,"featured_media":0,"parent":0,"menu_order":0,"comment_status":"closed","ping_status":"closed","template":"","meta":[],"_links":{"self":[{"href":"http:\/\/aleksandrow.bimbambino.pl\/index.php?rest_route=\/wp\/v2\/pages\/3565"}],"collection":[{"href":"http:\/\/aleksandrow.bimbambino.pl\/index.php?rest_route=\/wp\/v2\/pages"}],"about":[{"href":"http:\/\/aleksandrow.bimbambino.pl\/index.php?rest_route=\/wp\/v2\/types\/page"}],"author":[{"embeddable":true,"href":"http:\/\/aleksandrow.bimbambino.pl\/index.php?rest_route=\/wp\/v2\/users\/2"}],"replies":[{"embeddable":true,"href":"http:\/\/aleksandrow.bimbambino.pl\/index.php?rest_route=%2Fwp%2Fv2%2Fcomments&post=3565"}],"version-history":[{"count":7,"href":"http:\/\/aleksandrow.bimbambino.pl\/index.php?rest_route=\/wp\/v2\/pages\/3565\/revisions"}],"predecessor-version":[{"id":3618,"href":"http:\/\/aleksandrow.bimbambino.pl\/index.php?rest_route=\/wp\/v2\/pages\/3565\/revisions\/3618"}],"wp:attachment":[{"href":"http:\/\/aleksandrow.bimbambino.pl\/index.php?rest_route=%2Fwp%2Fv2%2Fmedia&parent=3565"}],"curies":[{"name":"wp","href":"https:\/\/api.w.org\/{rel}","templated":true}]}}