{"id":3562,"date":"2018-09-19T14:59:17","date_gmt":"2018-09-19T12:59:17","guid":{"rendered":"http:\/\/aleksandrow.bimbambino.pl\/?page_id=3562"},"modified":"2018-09-27T09:56:02","modified_gmt":"2018-09-27T07:56:02","slug":"zdrowo-wybiegany","status":"publish","type":"page","link":"http:\/\/aleksandrow.bimbambino.pl\/?page_id=3562","title":{"rendered":"Zdrowo wybiegany"},"content":{"rendered":"<h2><span style=\"color: #5aac33;\">Plac zabaw<\/span><\/h2>\n<p style=\"text-align: center;\"><span style=\"color: #c0c0c0;\">____________________________________________________________________________________________________________________<\/span><\/p>\n<p>Budynki naszego przedszkola znajduj\u0105 si\u0119 na terenie zielonym, kt\u00f3rego powierzchnia wynosi ponad 1300m kw. Na terenie tym znajduje si\u0119 plac zabaw. Posiadamy\u00a0 ogr\u00f3dki warzywne piel\u0119gnowane przez dzieci. Z wielk\u0105 pieczo\u0142owito\u015bci\u0105 dbamy o bezpiecze\u0144stwo, estetyk\u0119 i dobr\u0105 aur\u0119 naszego przedszkolnego ogrodu.<\/p>\n<p><span style=\"color: #5aac33;\"><b>Regularnie:<\/b><\/span><\/p>\n<p>&#8211; wymieniamy piasek,<\/p>\n<p>&#8211; kontrolujemy stan techniczny sprz\u0119t\u00f3w na placach zabaw, kt\u00f3re tak\u017ce posiadaj\u0105 atesty i wymagane przegl\u0105dy\u00a0 techniczne,<\/p>\n<p>&#8211; dokonujemy przegl\u0105d\u00f3w drzewostan\u00f3w i ro\u015blinno\u015bci,<\/p>\n<p>&#8211; dokonujemy corocznych nasadze\u0144 drzew, krzew\u00f3w i bylin,<\/p>\n<p>&#8211; staramy si\u0119, aby dzieci w miar\u0119 mo\u017cliwo\u015bci sp\u0119dza\u0142y czas na \u015bwie\u017cym powietrzu.<\/p>\n<p>&nbsp;<\/p>\n<p>&nbsp;<\/p>\n<div id=\"zdjecia\">\n<div id=\"zdx\">\n<a href=\"http:\/\/aleksandrow.bimbambino.pl\/wp-content\/gallery\/2018_menu_nie_kasowac\/wyb1.jpg\" title=\"\" class=\"shutterset_singlepic50600\" >\n\t<img class=\"ngg-singlepic ngg-center\" src=\"http:\/\/aleksandrow.bimbambino.pl\/wp-content\/gallery\/cache\/50600__290x200_wyb1.jpg\" alt=\"wyb1\" title=\"wyb1\" \/>\n<\/a>\n<\/div>\n<div id=\"zdx\">\n<a href=\"http:\/\/aleksandrow.bimbambino.pl\/wp-content\/gallery\/2018_menu_nie_kasowac\/wyb2.JPG\" title=\"\" class=\"shutterset_singlepic50601\" >\n\t<img class=\"ngg-singlepic ngg-center\" src=\"http:\/\/aleksandrow.bimbambino.pl\/wp-content\/gallery\/cache\/50601__290x200_wyb2.JPG\" alt=\"wyb2\" title=\"wyb2\" \/>\n<\/a>\n<\/div>\n<div id=\"zdx\">\n<a href=\"http:\/\/aleksandrow.bimbambino.pl\/wp-content\/gallery\/2018_menu_nie_kasowac\/wyb3.JPG\" title=\"\" class=\"shutterset_singlepic50602\" >\n\t<img class=\"ngg-singlepic ngg-center\" src=\"http:\/\/aleksandrow.bimbambino.pl\/wp-content\/gallery\/cache\/50602__290x200_wyb3.JPG\" alt=\"wyb3\" title=\"wyb3\" \/>\n<\/a>\n<\/div>\n<div id=\"zdx\">\n<a href=\"http:\/\/aleksandrow.bimbambino.pl\/wp-content\/gallery\/2018_menu_nie_kasowac\/wyb4.JPG\" title=\"\" class=\"shutterset_singlepic50603\" >\n\t<img class=\"ngg-singlepic ngg-center\" src=\"http:\/\/aleksandrow.bimbambino.pl\/wp-content\/gallery\/cache\/50603__290x200_wyb4.JPG\" alt=\"wyb4\" title=\"wyb4\" \/>\n<\/a>\n<\/div>\n<div id=\"zdx\">\n<a href=\"http:\/\/aleksandrow.bimbambino.pl\/wp-content\/gallery\/2018_menu_nie_kasowac\/wyb5.JPG\" title=\"\" class=\"shutterset_singlepic50604\" >\n\t<img class=\"ngg-singlepic ngg-center\" src=\"http:\/\/aleksandrow.bimbambino.pl\/wp-content\/gallery\/cache\/50604__290x200_wyb5.JPG\" alt=\"wyb5\" title=\"wyb5\" \/>\n<\/a>\n<\/div>\n<div id=\"zdx\">\n<a href=\"http:\/\/aleksandrow.bimbambino.pl\/wp-content\/gallery\/2018_menu_nie_kasowac\/wyb6.JPG\" title=\"\" class=\"shutterset_singlepic50605\" >\n\t<img class=\"ngg-singlepic ngg-center\" src=\"http:\/\/aleksandrow.bimbambino.pl\/wp-content\/gallery\/cache\/50605__290x200_wyb6.JPG\" alt=\"wyb6\" title=\"wyb6\" \/>\n<\/a>\n<\/div>\n<div id=\"zdx\">\n<a href=\"http:\/\/aleksandrow.bimbambino.pl\/wp-content\/gallery\/2018_menu_nie_kasowac\/wyb7.JPG\" title=\"\" class=\"shutterset_singlepic50606\" >\n\t<img class=\"ngg-singlepic ngg-center\" src=\"http:\/\/aleksandrow.bimbambino.pl\/wp-content\/gallery\/cache\/50606__290x200_wyb7.JPG\" alt=\"wyb7\" title=\"wyb7\" \/>\n<\/a>\n<\/div>\n<div id=\"zdx\">\n<a href=\"http:\/\/aleksandrow.bimbambino.pl\/wp-content\/gallery\/2018_menu_nie_kasowac\/wyb8.JPG\" title=\"\" class=\"shutterset_singlepic50607\" >\n\t<img class=\"ngg-singlepic ngg-center\" src=\"http:\/\/aleksandrow.bimbambino.pl\/wp-content\/gallery\/cache\/50607__290x200_wyb8.JPG\" alt=\"wyb8\" title=\"wyb8\" \/>\n<\/a>\n<\/div>\n<div id=\"zdx\">\n<a href=\"http:\/\/aleksandrow.bimbambino.pl\/wp-content\/gallery\/2018_menu_nie_kasowac\/wyb9.JPG\" title=\"\" class=\"shutterset_singlepic50608\" >\n\t<img class=\"ngg-singlepic ngg-center\" src=\"http:\/\/aleksandrow.bimbambino.pl\/wp-content\/gallery\/cache\/50608__290x200_wyb9.JPG\" alt=\"wyb9\" title=\"wyb9\" \/>\n<\/a>\n<\/div>\n<p style=\"text-align: center;\"><span style=\"color: #c0c0c0;\">____________________________________________________________________________________________________________________<\/span><\/p>\n<\/div>\n","protected":false},"excerpt":{"rendered":"<p>Plac zabaw ____________________________________________________________________________________________________________________ Budynki naszego przedszkola znajduj\u0105 si\u0119 na terenie zielonym, kt\u00f3rego powierzchnia wynosi ponad 1300m kw. Na terenie tym znajduje si\u0119 plac zabaw. Posiadamy\u00a0 ogr\u00f3dki warzywne piel\u0119gnowane przez dzieci. Z wielk\u0105 pieczo\u0142owito\u015bci\u0105 dbamy o bezpiecze\u0144stwo, estetyk\u0119 i dobr\u0105 aur\u0119 naszego przedszkolnego ogrodu. Regularnie: &#8211; wymieniamy piasek, &#8211; kontrolujemy stan techniczny sprz\u0119t\u00f3w na placach zabaw,<\/p>\n","protected":false},"author":2,"featured_media":0,"parent":0,"menu_order":0,"comment_status":"closed","ping_status":"closed","template":"","meta":[],"_links":{"self":[{"href":"http:\/\/aleksandrow.bimbambino.pl\/index.php?rest_route=\/wp\/v2\/pages\/3562"}],"collection":[{"href":"http:\/\/aleksandrow.bimbambino.pl\/index.php?rest_route=\/wp\/v2\/pages"}],"about":[{"href":"http:\/\/aleksandrow.bimbambino.pl\/index.php?rest_route=\/wp\/v2\/types\/page"}],"author":[{"embeddable":true,"href":"http:\/\/aleksandrow.bimbambino.pl\/index.php?rest_route=\/wp\/v2\/users\/2"}],"replies":[{"embeddable":true,"href":"http:\/\/aleksandrow.bimbambino.pl\/index.php?rest_route=%2Fwp%2Fv2%2Fcomments&post=3562"}],"version-history":[{"count":7,"href":"http:\/\/aleksandrow.bimbambino.pl\/index.php?rest_route=\/wp\/v2\/pages\/3562\/revisions"}],"predecessor-version":[{"id":3612,"href":"http:\/\/aleksandrow.bimbambino.pl\/index.php?rest_route=\/wp\/v2\/pages\/3562\/revisions\/3612"}],"wp:attachment":[{"href":"http:\/\/aleksandrow.bimbambino.pl\/index.php?rest_route=%2Fwp%2Fv2%2Fmedia&parent=3562"}],"curies":[{"name":"wp","href":"https:\/\/api.w.org\/{rel}","templated":true}]}}