{"id":3155,"date":"2017-11-22T12:55:12","date_gmt":"2017-11-22T10:55:12","guid":{"rendered":"http:\/\/aleksandrow.bimbambino.pl\/?page_id=3155"},"modified":"2017-11-22T12:55:32","modified_gmt":"2017-11-22T10:55:32","slug":"szlachetna-paczka-2017","status":"publish","type":"page","link":"http:\/\/aleksandrow.bimbambino.pl\/?page_id=3155","title":{"rendered":"Szlachetna Paczka 2017"},"content":{"rendered":"  <!-- Easing Slider -->\n    <div class=\"lof-container\" style=\"height:225px;padding-right:0px;padding-top:0px;padding-left:0px;padding-bottom:0px;\">\n      <div class=\"lof-slidecontent\" id=\"lofslidecontent45\" style=\"border:3px solid #ccc;width:800px;height:225px;\">\n        <div class=\"preload\" style=\"background:url(http:\/\/aleksandrow.bimbambino.pl\/wp-content\/plugins\/easing-slider\/images\/indicator.gif) no-repeat center center #fff;\">\n\n        <\/div>\n            <div class=\"lof-main-outer\" style=\"background: #fff;width:800px;height:225px;\">\n                <ul class=\"lof-main-wapper\">\n              \t\t<li><img src=\"http:\/\/aleksandrow.bimbambino.pl\/wp-content\/themes\/Linedy2\/images\/slider\/sl1.jpg\" style=\"width:800px;\" alt=\"\" \/><\/li>\t\t<li><img src=\"http:\/\/aleksandrow.bimbambino.pl\/wp-content\/themes\/Linedy2\/images\/slider\/sl2.jpg\" style=\"width:800px;\" alt=\"\" \/><\/li>\t\t<li><img src=\"http:\/\/aleksandrow.bimbambino.pl\/wp-content\/themes\/Linedy2\/images\/slider\/sl3.jpg\" style=\"width:800px;\" alt=\"\" \/><\/li><\/ul><\/div>                <div class=\"lof-navigator-wapper\" style=\"bottom:-35px;left: 0;padding:5px 5px;\">\n                  <div class=\"lof-navigator-outer\">\n                    <ul class=\"lof-navigator\">\n                      <li><span>.<\/span><\/li><li><span>.<\/span><\/li><li><span>.<\/span><\/li>             <\/ul>\n                <\/div>\n              <\/div>\n              \n            <\/div>\n          <\/div><img src=\"http:\/\/aleksandrow.bimbambino.pl\/wp-content\/plugins\/easing-slider\/images\/shadow_arc.png\" style=\"width:800px; padding-left:0px;padding-bottom:0px;padding-top:6px;margin-left:3px;\" alt=\"\" \/><!-- End of Easing Slider -->\n<h2>Szlachetna Paczka 2017<\/h2>\n<p><span style=\"color: #c0c0c0;\">__________________________________________________________________________<\/span><\/p>\n<p style=\"text-align: center;\"><span style=\"color: #ff0000;\">DRODZY RODZICE!!!<\/span><\/p>\n<p style=\"text-align: center;\"><b>\u00a0 N<\/b>asze Przedszkole bierze udzia\u0142 w akcji charytatywnej<\/p>\n<p style=\"text-align: center;\">\n<a href=\"http:\/\/aleksandrow.bimbambino.pl\/wp-content\/gallery\/03\/szlachetna2017.jpg\" title=\"\" class=\"shutterset_singlepic47333\" >\n\t<img class=\"ngg-singlepic ngg-center\" src=\"http:\/\/aleksandrow.bimbambino.pl\/wp-content\/gallery\/cache\/47333__370x270_szlachetna2017.jpg\" alt=\"szlachetna2017\" title=\"szlachetna2017\" \/>\n<\/a>\n<\/p>\n<p><b><span style=\"text-decoration: underline;\">Szlachetna Paczka. <\/span><\/b><\/p>\n<p>Pani Magda (22 l.) samotnie wychowuje c\u00f3rk\u0119 Mart\u0119 (10 miesi\u0119cy). Pani Magda od dzieci\u0144stwa zmaga si\u0119 z chorobami uk\u0142adu kostnego. Przesz\u0142a 16 operacji, dzi\u0119ki kt\u00f3rym jest osob\u0105 poruszaj\u0105c\u0105 si\u0119 o w\u0142asnych si\u0142ach. Ojciec dziecka odszed\u0142 na samym pocz\u0105tku ci\u0105\u017cy nie uznaj\u0105c dziecka. Pomimo, i\u017c lekarze odradzali pozostawienie tej ci\u0105\u017cy, kobieta podj\u0119\u0142a decyzj\u0119, \u017ce chce by\u0107 matk\u0105. Pani Magda otrzymuje pomoc finansow\u0105 w kwocie 1794 z\u0142. Po odliczeniu koszt\u00f3w utrzymania mieszkania oraz zakupu lek\u00f3w, pozostaje <b>319,50 z\u0142. miesi\u0119cznie na jedn\u0105 osob\u0119. Postawa Pani Magdy mog\u0142aby by\u0107 wzorem do na\u015bladowania \u2013 du\u017co w niej empatii i odpowiedzialno\u015bci, u\u015bmiech z jej twarzy nie schodzi, pomimo wielu trudno\u015bci.<\/b><\/p>\n<p align=\"center\">Potrzeby, kt\u00f3re rodzina okre\u015bli\u0142a s\u0105 nast\u0119puj\u0105ce:<\/p>\n<table border=\"1\" cellspacing=\"0\" cellpadding=\"0\">\n<tbody>\n<tr>\n<td valign=\"top\" width=\"706\">\n<p align=\"center\"><b>\u017bYWNO\u015a\u0106 TRWA\u0141A:<\/b><\/p>\n<p align=\"center\"><b>herbata, kawa, ry\u017c, kasza, makaron, m\u0105ka, cukier, olej, d\u017cem, konserwy mi\u0119sne, konserwy rybne, warzywa w puszkach, przeciery pomidorowe i og\u00f3rkowe, ketchup i inne<\/b><\/p>\n<p align=\"center\"><b>\u015aRODKI CZYSTO\u015aCI<\/b><\/p>\n<p align=\"center\"><b>proszek do prania, p\u0142yny czyszcz\u0105ce, p\u0142yn do mycia naczy\u0144, szampon, pasta do z\u0119b\u00f3w, szczoteczka do z\u0119b\u00f3w, myd\u0142o\/\u017cel myj\u0105cy i inne<\/b><\/p>\n<p align=\"center\"><b>\u00a0<\/b><\/p>\n<\/td>\n<td valign=\"top\" width=\"706\">\n<p align=\"center\"><b>PRODUKTY DLA NIEMOWL\u0104T:<\/b><\/p>\n<p align=\"center\"><b>mleko Nan 3, przeciery, soczki od 10 miesi\u0119cy<\/b><\/p>\n<p align=\"center\"><b>\u00a0ARTYKU\u0141Y DZIECI\u0118CE:<\/b><\/p>\n<p align=\"center\"><b>pieluchy Dada 4, chusteczki nawil\u017cone, p\u0142yny do k\u0105pieli dla dziecka, szampony dla dzieci, oliwki<\/b><\/p>\n<p align=\"center\"><b>\u00a0<\/b><\/p>\n<p align=\"center\"><b>SPECJALNE UPOMINKI:<\/b><\/p>\n<p align=\"center\"><b>Pani Magda \u2013 kosmetyki, perfumy, c\u00f3rka &#8211; hu\u015btawka domowa<\/b><\/p>\n<p align=\"center\"><b>\u00a0<\/b><\/p>\n<p align=\"center\"><b>INNE POTRZEBY:<\/b><\/p>\n<p align=\"center\"><b>w\u0119giel<\/b><\/p>\n<\/td>\n<\/tr>\n<\/tbody>\n<\/table>\n<p>&nbsp;<\/p>\n<p><b>\u00a0<\/b><\/p>\n<p>&nbsp;<\/p>\n","protected":false},"excerpt":{"rendered":"<p>Szlachetna Paczka 2017 __________________________________________________________________________ DRODZY RODZICE!!! \u00a0 Nasze Przedszkole bierze udzia\u0142 w akcji charytatywnej Szlachetna Paczka. Pani Magda (22 l.) samotnie wychowuje c\u00f3rk\u0119 Mart\u0119 (10 miesi\u0119cy). Pani Magda od dzieci\u0144stwa zmaga si\u0119 z chorobami uk\u0142adu kostnego. Przesz\u0142a 16 operacji, dzi\u0119ki kt\u00f3rym jest osob\u0105 poruszaj\u0105c\u0105 si\u0119 o w\u0142asnych si\u0142ach. Ojciec dziecka odszed\u0142 na samym pocz\u0105tku ci\u0105\u017cy<\/p>\n","protected":false},"author":2,"featured_media":0,"parent":0,"menu_order":0,"comment_status":"closed","ping_status":"closed","template":"","meta":[],"_links":{"self":[{"href":"http:\/\/aleksandrow.bimbambino.pl\/index.php?rest_route=\/wp\/v2\/pages\/3155"}],"collection":[{"href":"http:\/\/aleksandrow.bimbambino.pl\/index.php?rest_route=\/wp\/v2\/pages"}],"about":[{"href":"http:\/\/aleksandrow.bimbambino.pl\/index.php?rest_route=\/wp\/v2\/types\/page"}],"author":[{"embeddable":true,"href":"http:\/\/aleksandrow.bimbambino.pl\/index.php?rest_route=\/wp\/v2\/users\/2"}],"replies":[{"embeddable":true,"href":"http:\/\/aleksandrow.bimbambino.pl\/index.php?rest_route=%2Fwp%2Fv2%2Fcomments&post=3155"}],"version-history":[{"count":2,"href":"http:\/\/aleksandrow.bimbambino.pl\/index.php?rest_route=\/wp\/v2\/pages\/3155\/revisions"}],"predecessor-version":[{"id":3158,"href":"http:\/\/aleksandrow.bimbambino.pl\/index.php?rest_route=\/wp\/v2\/pages\/3155\/revisions\/3158"}],"wp:attachment":[{"href":"http:\/\/aleksandrow.bimbambino.pl\/index.php?rest_route=%2Fwp%2Fv2%2Fmedia&parent=3155"}],"curies":[{"name":"wp","href":"https:\/\/api.w.org\/{rel}","templated":true}]}}