{"id":2799,"date":"2016-11-28T14:48:44","date_gmt":"2016-11-28T12:48:44","guid":{"rendered":"http:\/\/aleksandrow.bimbambino.pl\/?page_id=2799"},"modified":"2016-12-16T09:41:50","modified_gmt":"2016-12-16T07:41:50","slug":"szlachetna-paczka-2016","status":"publish","type":"page","link":"http:\/\/aleksandrow.bimbambino.pl\/?page_id=2799","title":{"rendered":"Szlachetna Paczka 2016"},"content":{"rendered":"  <!-- Easing Slider -->\n    <div class=\"lof-container\" style=\"height:225px;padding-right:0px;padding-top:0px;padding-left:0px;padding-bottom:0px;\">\n      <div class=\"lof-slidecontent\" id=\"lofslidecontent45\" style=\"border:3px solid #ccc;width:800px;height:225px;\">\n        <div class=\"preload\" style=\"background:url(http:\/\/aleksandrow.bimbambino.pl\/wp-content\/plugins\/easing-slider\/images\/indicator.gif) no-repeat center center #fff;\">\n\n        <\/div>\n            <div class=\"lof-main-outer\" style=\"background: #fff;width:800px;height:225px;\">\n                <ul class=\"lof-main-wapper\">\n              \t\t<li><img src=\"http:\/\/aleksandrow.bimbambino.pl\/wp-content\/themes\/Linedy2\/images\/slider\/sl1.jpg\" style=\"width:800px;\" alt=\"\" \/><\/li>\t\t<li><img src=\"http:\/\/aleksandrow.bimbambino.pl\/wp-content\/themes\/Linedy2\/images\/slider\/sl2.jpg\" style=\"width:800px;\" alt=\"\" \/><\/li>\t\t<li><img src=\"http:\/\/aleksandrow.bimbambino.pl\/wp-content\/themes\/Linedy2\/images\/slider\/sl3.jpg\" style=\"width:800px;\" alt=\"\" \/><\/li><\/ul><\/div>                <div class=\"lof-navigator-wapper\" style=\"bottom:-35px;left: 0;padding:5px 5px;\">\n                  <div class=\"lof-navigator-outer\">\n                    <ul class=\"lof-navigator\">\n                      <li><span>.<\/span><\/li><li><span>.<\/span><\/li><li><span>.<\/span><\/li>             <\/ul>\n                <\/div>\n              <\/div>\n              \n            <\/div>\n          <\/div><img src=\"http:\/\/aleksandrow.bimbambino.pl\/wp-content\/plugins\/easing-slider\/images\/shadow_arc.png\" style=\"width:800px; padding-left:0px;padding-bottom:0px;padding-top:6px;margin-left:3px;\" alt=\"\" \/><!-- End of Easing Slider -->\n<h2>Szlachetna Paczka 2016<\/h2>\n<p><span style=\"color: #c0c0c0;\">__________________________________________________________________________<\/span><\/p>\n<p style=\"text-align: center;\"><span style=\"color: #ff0000;\">DRODZY RODZICE<\/span><\/p>\n<p>12.12.2016r. &#8211; W miniony weekend zako\u0144czy\u0142a si\u0119 akcja charytatywna Szlachetna Paczka, w kt\u00f3rej po raz trzeci brali\u015bmy udzia\u0142. Dzi\u0119ki Pa\u0144stwa hojno\u015bci zebrali\u015bmy 30 paczek \u2013 mniejszych i wi\u0119kszych. Znalaz\u0142y si\u0119 w nich: artyku\u0142y spo\u017cywcze, chemia gospodarcza, ubrania, kosmetyki, zabawki, artyku\u0142y szkolne, ksi\u0105\u017ceczki i inne. Podarowali\u015bmy r\u00f3wnie\u017c pralk\u0119, komputer oraz tapczan dla dziewczynki.<br \/>\nW imieniu rodziny potrzebuj\u0105cej sk\u0142adamy serdeczne podzi\u0119kowania za hojno\u015b\u0107 i dobre serce wszystkim, kt\u00f3rzy si\u0119 zaanga\u017cowali w t\u0119 akcj\u0119: ca\u0142ej spo\u0142eczno\u015bci Przedszkola Bim-Bam-Bino, w\u0142a\u015bcicielom i pracownikom Firmy Karo, w\u0142a\u015bcicielom Marketu Chr\u00f3\u015bciel, , Mi\u015b oraz Dekoria. Razem mo\u017cemy wi\u0119cej!<\/p>\n<p style=\"text-align: center;\">\n\n\n\n\n\n\n<div class=\"ngg-galleryoverview\" id=\"ngg-gallery-1679\">\n<h5>Szlachetna Paczka 2016<\/h5>\n<a href=\"javascript: history.go(-1)\" class=\"arrowleft\">&larr; Cofnij do Galerii<\/a><BR>\n\n\t\n\t<!-- Thumbnails -->\n\t\t\n\t<div id=\"ngg-image-41952\" class=\"ngg-gallery-thumbnail-box\"  >\n\t\t<div class=\"ngg-gallery-thumbnail\" >\n\t\t\t<a href=\"http:\/\/aleksandrow.bimbambino.pl\/wp-content\/gallery\/20161212_szlach\/IMG_20161211.jpg\"  target=\"_blank\" title=\" \" class=\"shutterset_set_1679\" >\n\t\t\t\t\t\t\t\t<img title=\"IMG_20161211\" alt=\"IMG_20161211\"src=\"http:\/\/aleksandrow.bimbambino.pl\/wp-content\/gallery\/20161212_szlach\/thumbs\/thumbs_IMG_20161211.jpg \" width=\"182\" height=\"120\" \/>\n\t\t\t\t\t\t\t<\/a>\n\n\n\t\t<\/div>\n\t<\/div>\n\t\n\t\t\n \t\t\n\t<div id=\"ngg-image-41954\" class=\"ngg-gallery-thumbnail-box\"  >\n\t\t<div class=\"ngg-gallery-thumbnail\" >\n\t\t\t<a href=\"http:\/\/aleksandrow.bimbambino.pl\/wp-content\/gallery\/20161212_szlach\/Szlachetan przedszkole.jpg\"  target=\"_blank\" title=\" \" class=\"shutterset_set_1679\" >\n\t\t\t\t\t\t\t\t<img title=\"Szlachetan przedszkole\" alt=\"Szlachetan przedszkole\"src=\"http:\/\/aleksandrow.bimbambino.pl\/wp-content\/gallery\/20161212_szlach\/thumbs\/thumbs_Szlachetan przedszkole.jpg \" width=\"182\" height=\"120\" \/>\n\t\t\t\t\t\t\t<\/a>\n\n\n\t\t<\/div>\n\t<\/div>\n\t\n\t\t\n \t\t\n\t<div id=\"ngg-image-41956\" class=\"ngg-gallery-thumbnail-box\"  >\n\t\t<div class=\"ngg-gallery-thumbnail\" >\n\t\t\t<a href=\"http:\/\/aleksandrow.bimbambino.pl\/wp-content\/gallery\/20161212_szlach\/Szlachetna Chrosciel.jpg\"  target=\"_blank\" title=\" \" class=\"shutterset_set_1679\" >\n\t\t\t\t\t\t\t\t<img title=\"Szlachetna Chrosciel\" alt=\"Szlachetna Chrosciel\"src=\"http:\/\/aleksandrow.bimbambino.pl\/wp-content\/gallery\/20161212_szlach\/thumbs\/thumbs_Szlachetna Chrosciel.jpg \" width=\"182\" height=\"120\" \/>\n\t\t\t\t\t\t\t<\/a>\n\n\n\t\t<\/div>\n\t<\/div>\n\t\n\t\t\n \t\t\n\t<div id=\"ngg-image-41955\" class=\"ngg-gallery-thumbnail-box\"  >\n\t\t<div class=\"ngg-gallery-thumbnail\" >\n\t\t\t<a href=\"http:\/\/aleksandrow.bimbambino.pl\/wp-content\/gallery\/20161212_szlach\/Szlachetna Karo.jpg\"  target=\"_blank\" title=\" \" class=\"shutterset_set_1679\" >\n\t\t\t\t\t\t\t\t<img title=\"Szlachetna Karo\" alt=\"Szlachetna Karo\"src=\"http:\/\/aleksandrow.bimbambino.pl\/wp-content\/gallery\/20161212_szlach\/thumbs\/thumbs_Szlachetna Karo.jpg \" width=\"182\" height=\"120\" \/>\n\t\t\t\t\t\t\t<\/a>\n\n\n\t\t<\/div>\n\t<\/div>\n\t\n\t\t\n \t\t\n\t<div id=\"ngg-image-41957\" class=\"ngg-gallery-thumbnail-box\"  >\n\t\t<div class=\"ngg-gallery-thumbnail\" >\n\t\t\t<a href=\"http:\/\/aleksandrow.bimbambino.pl\/wp-content\/gallery\/20161212_szlach\/Szlachetna Mis.jpg\"  target=\"_blank\" title=\" \" class=\"shutterset_set_1679\" >\n\t\t\t\t\t\t\t\t<img title=\"Szlachetna Mis\" alt=\"Szlachetna Mis\"src=\"http:\/\/aleksandrow.bimbambino.pl\/wp-content\/gallery\/20161212_szlach\/thumbs\/thumbs_Szlachetna Mis.jpg \" width=\"182\" height=\"120\" \/>\n\t\t\t\t\t\t\t<\/a>\n\n\n\t\t<\/div>\n\t<\/div>\n\t\n\t\t\n \t\t\n\t<div id=\"ngg-image-41953\" class=\"ngg-gallery-thumbnail-box\"  >\n\t\t<div class=\"ngg-gallery-thumbnail\" >\n\t\t\t<a href=\"http:\/\/aleksandrow.bimbambino.pl\/wp-content\/gallery\/20161212_szlach\/SzPDekoria.jpg\"  target=\"_blank\" title=\" \" class=\"shutterset_set_1679\" >\n\t\t\t\t\t\t\t\t<img title=\"SzPDekoria\" alt=\"SzPDekoria\"src=\"http:\/\/aleksandrow.bimbambino.pl\/wp-content\/gallery\/20161212_szlach\/thumbs\/thumbs_SzPDekoria.jpg \" width=\"182\" height=\"120\" \/>\n\t\t\t\t\t\t\t<\/a>\n\n\n\t\t<\/div>\n\t<\/div>\n\t\n\t\t\n \t \t\n\t<!-- Pagination -->\n \t<div class='ngg-clear'><\/div>\n \t\n<\/div>\n\n<\/p>\n<p>Nasze Przedszkole bierze udzia\u0142 w akcji charytatywnej Szlachetna Paczka.<br \/>\n\n<a href=\"http:\/\/aleksandrow.bimbambino.pl\/wp-content\/gallery\/03\/szlach2016.png\" title=\"\" class=\"shutterset_singlepic41378\" >\n\t<img class=\"ngg-singlepic ngg-center\" src=\"http:\/\/aleksandrow.bimbambino.pl\/wp-content\/gallery\/cache\/41378__370x270_szlach2016.png\" alt=\"szlach2016\" title=\"szlach2016\" \/>\n<\/a>\n<br \/>\nPani Anna (28 l.) samotnie wychowuje c\u00f3rk\u0119 Katarzyn\u0119 (6 l.). Pani Anna po rozstaniu z ojcem dziecka ma problemy z podj\u0119ciem pracy. Dodatkowo spraw\u0119 t\u0105 utrudnia z\u0142a relacja z matk\u0105 kobiety, kt\u00f3ra nie chce pom\u00f3c c\u00f3rce w opiece nad wnuczk\u0105. Pani Anna utrzymuje swoj\u0105 rodzin\u0119 z aliment\u00f3w (300 z\u0142), zasi\u0142ku rodzinnego (118 z\u0142) oraz \u015bwiadczenia 500+. Po odliczeniu koszt\u00f3w utrzymania mieszkania oraz zakupu lek\u00f3w, pozostaje 144 z\u0142 miesi\u0119cznie na jedn\u0105 osob\u0119.<br \/>\nPotrzeby, kt\u00f3re rodzina okre\u015bli\u0142a s\u0105 nast\u0119puj\u0105ce:<br \/>\n\u017bYWNO\u015a\u0106 TRWA\u0141A:<br \/>\nherbata, kawa, ry\u017c, kasza, makaron, m\u0105ka, cukier, olej, d\u017cem, konserwy mi\u0119sne, konserwy rybne, warzywa w puszkach<br \/>\nInne: przeciery pomidorowe i og\u00f3rkowe, ketchup i inne<br \/>\n\u015aRODKI CZYSTO\u015aCI<br \/>\nPotrzebne \u015brodki czysto\u015bci: Proszek do prania, P\u0142yny czyszcz\u0105ce, P\u0142yn do mycia naczy\u0144, Szampon, Pasta do z\u0119b\u00f3w, Szczoteczka do z\u0119b\u00f3w, Myd\u0142o\/\u017cel myj\u0105cy i inne<br \/>\nPOMOCE SZKOLNE I ZABAWKI<br \/>\nPuzzle i lalka, zeszyty, bloki, kredki, farbki, plastelina, papier kolorowy, no\u017cyczki, klej, pi\u00f3rnik, przybory do pisania itp.<br \/>\nODZIE\u017b I OBUWIE<br \/>\nDamska kurtka zimowa \u2013 rozmiar 158<br \/>\nDziewcz\u0119ca kurtka zimowa \u2013 rozmiar 134<br \/>\ndamskie kozaki zimowe \u2013 rozmiar 37<br \/>\ndziewcz\u0119ce kozaki zimowe \u2013 rozmiar 29\/30<br \/>\nWYPOSA\u017bENIE MIESZKANIA:<br \/>\nBrakuj\u0105ce sprz\u0119ty gospodarstwa domowego: pralka automatyczna\u2013 pani Anna pierze r\u0119cznie; tapczan dla c\u00f3rki, meble do pokoju.<br \/>\nInne: ko\u0142dra, koc, r\u0119czniki, po\u015bciel, poduszka<\/p>\n<p style=\"text-align: center;\">SPECJALNE UPOMINKI:<br \/>\nPani Anna \u2013 falownica do w\u0142os\u00f3w, c\u00f3rka: lalka<\/p>\n<p style=\"text-align: center;\"><span style=\"color: #ff0000;\">ZBI\u00d3RKA TRWA TYLKO DO 9 GRUDNIA 2016!<\/span><\/p>\n","protected":false},"excerpt":{"rendered":"<p>Szlachetna Paczka 2016 __________________________________________________________________________ DRODZY RODZICE 12.12.2016r. &#8211; W miniony weekend zako\u0144czy\u0142a si\u0119 akcja charytatywna Szlachetna Paczka, w kt\u00f3rej po raz trzeci brali\u015bmy udzia\u0142. Dzi\u0119ki Pa\u0144stwa hojno\u015bci zebrali\u015bmy 30 paczek \u2013 mniejszych i wi\u0119kszych. Znalaz\u0142y si\u0119 w nich: artyku\u0142y spo\u017cywcze, chemia gospodarcza, ubrania, kosmetyki, zabawki, artyku\u0142y szkolne, ksi\u0105\u017ceczki i inne. Podarowali\u015bmy r\u00f3wnie\u017c pralk\u0119, komputer oraz<\/p>\n","protected":false},"author":2,"featured_media":0,"parent":0,"menu_order":0,"comment_status":"closed","ping_status":"closed","template":"","meta":[],"_links":{"self":[{"href":"http:\/\/aleksandrow.bimbambino.pl\/index.php?rest_route=\/wp\/v2\/pages\/2799"}],"collection":[{"href":"http:\/\/aleksandrow.bimbambino.pl\/index.php?rest_route=\/wp\/v2\/pages"}],"about":[{"href":"http:\/\/aleksandrow.bimbambino.pl\/index.php?rest_route=\/wp\/v2\/types\/page"}],"author":[{"embeddable":true,"href":"http:\/\/aleksandrow.bimbambino.pl\/index.php?rest_route=\/wp\/v2\/users\/2"}],"replies":[{"embeddable":true,"href":"http:\/\/aleksandrow.bimbambino.pl\/index.php?rest_route=%2Fwp%2Fv2%2Fcomments&post=2799"}],"version-history":[{"count":4,"href":"http:\/\/aleksandrow.bimbambino.pl\/index.php?rest_route=\/wp\/v2\/pages\/2799\/revisions"}],"predecessor-version":[{"id":2827,"href":"http:\/\/aleksandrow.bimbambino.pl\/index.php?rest_route=\/wp\/v2\/pages\/2799\/revisions\/2827"}],"wp:attachment":[{"href":"http:\/\/aleksandrow.bimbambino.pl\/index.php?rest_route=%2Fwp%2Fv2%2Fmedia&parent=2799"}],"curies":[{"name":"wp","href":"https:\/\/api.w.org\/{rel}","templated":true}]}}