{"id":2427,"date":"2016-01-25T13:43:03","date_gmt":"2016-01-25T11:43:03","guid":{"rendered":"http:\/\/aleksandrow.bimbambino.pl\/?page_id=2427"},"modified":"2018-02-22T14:01:50","modified_gmt":"2018-02-22T12:01:50","slug":"skladniki-i-alergeny","status":"publish","type":"page","link":"http:\/\/aleksandrow.bimbambino.pl\/?page_id=2427","title":{"rendered":"Sk\u0142adniki i alergeny"},"content":{"rendered":"  <!-- Easing Slider -->\n    <div class=\"lof-container\" style=\"height:225px;padding-right:0px;padding-top:0px;padding-left:0px;padding-bottom:0px;\">\n      <div class=\"lof-slidecontent\" id=\"lofslidecontent45\" style=\"border:3px solid #ccc;width:800px;height:225px;\">\n        <div class=\"preload\" style=\"background:url(http:\/\/aleksandrow.bimbambino.pl\/wp-content\/plugins\/easing-slider\/images\/indicator.gif) no-repeat center center #fff;\">\n\n        <\/div>\n            <div class=\"lof-main-outer\" style=\"background: #fff;width:800px;height:225px;\">\n                <ul class=\"lof-main-wapper\">\n              \t\t<li><img src=\"http:\/\/aleksandrow.bimbambino.pl\/wp-content\/themes\/Linedy2\/images\/slider\/sl1.jpg\" style=\"width:800px;\" alt=\"\" \/><\/li>\t\t<li><img src=\"http:\/\/aleksandrow.bimbambino.pl\/wp-content\/themes\/Linedy2\/images\/slider\/sl2.jpg\" style=\"width:800px;\" alt=\"\" \/><\/li>\t\t<li><img src=\"http:\/\/aleksandrow.bimbambino.pl\/wp-content\/themes\/Linedy2\/images\/slider\/sl3.jpg\" style=\"width:800px;\" alt=\"\" \/><\/li><\/ul><\/div>                <div class=\"lof-navigator-wapper\" style=\"bottom:-35px;left: 0;padding:5px 5px;\">\n                  <div class=\"lof-navigator-outer\">\n                    <ul class=\"lof-navigator\">\n                      <li><span>.<\/span><\/li><li><span>.<\/span><\/li><li><span>.<\/span><\/li>             <\/ul>\n                <\/div>\n              <\/div>\n              \n            <\/div>\n          <\/div><img src=\"http:\/\/aleksandrow.bimbambino.pl\/wp-content\/plugins\/easing-slider\/images\/shadow_arc.png\" style=\"width:800px; padding-left:0px;padding-bottom:0px;padding-top:6px;margin-left:3px;\" alt=\"\" \/><!-- End of Easing Slider -->\n<h2>Sk\u0142adniki i alergeny<\/h2>\n<p style=\"text-align: justify;\"><span style=\"color: #c0c0c0;\">_______________________________________________________________________________________________________________________<\/span><\/p>\n<p>Drodzy Rodzice.<br \/>\nRozporz\u0105dzeniem Parlamentu Europejskiego i Rady Europy jeste\u015bmy zobowi\u0105zani podawa\u0107 do informacji rodzic\u00f3w i opiekun\u00f3w alergeny znajduj\u0105ce si\u0119 w potrawach. Do tej pory informacje te zamieszali\u015bmy w jad\u0142ospisie, co jednak powodowa\u0142o jego ma\u0142\u0105 czytelno\u015b\u0107. Od tej chwili ca\u0142y sk\u0142ad potraw z wyszczeg\u00f3lnieniem alergen\u00f3w b\u0119dziemy zamieszcza\u0107 w skoroszycie znajduj\u0105cym si\u0119 na tablicy informacyjnej przedszkola oraz na stronie internetowej przedszkola w zak\u0142adce Wy\u017cywienie. Spis ten b\u0119dzie systematycznie uzupe\u0142niany nowymi potrawami.<\/p>\n<p><a href=\"http:\/\/aleksandrow.bimbambino.pl\/wp-content\/uploads\/skladniki_i_alergeny.pdf\">Sk\u0142adniki i alergeny<\/a><\/p>\n","protected":false},"excerpt":{"rendered":"<p>Sk\u0142adniki i alergeny _______________________________________________________________________________________________________________________ Drodzy Rodzice. Rozporz\u0105dzeniem Parlamentu Europejskiego i Rady Europy jeste\u015bmy zobowi\u0105zani podawa\u0107 do informacji rodzic\u00f3w i opiekun\u00f3w alergeny znajduj\u0105ce si\u0119 w potrawach. Do tej pory informacje te zamieszali\u015bmy w jad\u0142ospisie, co jednak powodowa\u0142o jego ma\u0142\u0105 czytelno\u015b\u0107. Od tej chwili ca\u0142y sk\u0142ad potraw z wyszczeg\u00f3lnieniem alergen\u00f3w b\u0119dziemy zamieszcza\u0107 w skoroszycie znajduj\u0105cym si\u0119 na<\/p>\n","protected":false},"author":2,"featured_media":0,"parent":0,"menu_order":0,"comment_status":"closed","ping_status":"closed","template":"","meta":[],"_links":{"self":[{"href":"http:\/\/aleksandrow.bimbambino.pl\/index.php?rest_route=\/wp\/v2\/pages\/2427"}],"collection":[{"href":"http:\/\/aleksandrow.bimbambino.pl\/index.php?rest_route=\/wp\/v2\/pages"}],"about":[{"href":"http:\/\/aleksandrow.bimbambino.pl\/index.php?rest_route=\/wp\/v2\/types\/page"}],"author":[{"embeddable":true,"href":"http:\/\/aleksandrow.bimbambino.pl\/index.php?rest_route=\/wp\/v2\/users\/2"}],"replies":[{"embeddable":true,"href":"http:\/\/aleksandrow.bimbambino.pl\/index.php?rest_route=%2Fwp%2Fv2%2Fcomments&post=2427"}],"version-history":[{"count":2,"href":"http:\/\/aleksandrow.bimbambino.pl\/index.php?rest_route=\/wp\/v2\/pages\/2427\/revisions"}],"predecessor-version":[{"id":3320,"href":"http:\/\/aleksandrow.bimbambino.pl\/index.php?rest_route=\/wp\/v2\/pages\/2427\/revisions\/3320"}],"wp:attachment":[{"href":"http:\/\/aleksandrow.bimbambino.pl\/index.php?rest_route=%2Fwp%2Fv2%2Fmedia&parent=2427"}],"curies":[{"name":"wp","href":"https:\/\/api.w.org\/{rel}","templated":true}]}}