{"id":1911,"date":"2015-03-10T12:47:12","date_gmt":"2015-03-10T10:47:12","guid":{"rendered":"http:\/\/aleksandrow.bimbambino.pl\/?page_id=1911"},"modified":"2015-03-10T12:47:12","modified_gmt":"2015-03-10T10:47:12","slug":"inne","status":"publish","type":"page","link":"http:\/\/aleksandrow.bimbambino.pl\/?page_id=1911","title":{"rendered":"Inne"},"content":{"rendered":"\n<div class=\"ngg-albumoverview\">\t\n\t<!-- List of galleries -->\n\t\n\t<div class=\"ngg-album\">\n\t\t\n\t\t\t<div class=\"ngg-albumcontent\">\n\t\t\t\t<div class=\"ngg-thumbnail\">\n\n\n\t\t\t\t\t<a href=\"http:\/\/aleksandrow.bimbambino.pl\/?page_id=1911&amp;album=25&amp;gallery=3314\"><img class=\"Thumb\" alt=\"Wyniki powiatowego konkursu plastycznego \"Moja ulubiona ksi\u0105\u017cka - projekt ok\u0142adki\" src=\"http:\/\/aleksandrow.bimbambino.pl\/wp-content\/gallery\/202311_kon\/thumbs\/thumbs_\"\/><\/a>\n\t\t\t\t\n<\/div>\n\n\n\t\t\t\t<div class=\"ngg-description\"> <div class=\"ngg-albumtitle\"><a href=\"http:\/\/aleksandrow.bimbambino.pl\/?page_id=1911&amp;album=25&amp;gallery=3314\">Wyniki powiatowego konkursu plastycznego \"Moja ulubiona ksi\u0105\u017cka - projekt ok\u0142adki<\/a><\/div>\n\n\n\t\t\t\t\n\t\t\t\t\n\t\t\t<\/div>\n\t\t<\/div>\n\t<\/div>\n\n \t\n\t<div class=\"ngg-album\">\n\t\t\n\t\t\t<div class=\"ngg-albumcontent\">\n\t\t\t\t<div class=\"ngg-thumbnail\">\n\n\n\t\t\t\t\t<a href=\"http:\/\/aleksandrow.bimbambino.pl\/?page_id=1911&amp;album=25&amp;gallery=3244\"><img class=\"Thumb\" alt=\"20230303\" src=\"http:\/\/aleksandrow.bimbambino.pl\/wp-content\/gallery\/20230303\/thumbs\/thumbs_01032023.jpg\"\/><\/a>\n\t\t\t\t\n<\/div>\n\n\n\t\t\t\t<div class=\"ngg-description\"> <div class=\"ngg-albumtitle\"><a href=\"http:\/\/aleksandrow.bimbambino.pl\/?page_id=1911&amp;album=25&amp;gallery=3244\"><\/a><\/div>\n\n\n\t\t\t\t\n\t\t\t\t\n\t\t\t<\/div>\n\t\t<\/div>\n\t<\/div>\n\n \t\n\t<div class=\"ngg-album\">\n\t\t\n\t\t\t<div class=\"ngg-albumcontent\">\n\t\t\t\t<div class=\"ngg-thumbnail\">\n\n\n\t\t\t\t\t<a href=\"http:\/\/aleksandrow.bimbambino.pl\/?page_id=1911&amp;album=25&amp;gallery=3009\"><img class=\"Thumb\" alt=\"Konkurs \"Przyroda wok\u00f3\u0142 nas\"\" src=\"http:\/\/aleksandrow.bimbambino.pl\/wp-content\/gallery\/20210414_konk\/thumbs\/thumbs_6.jpg\"\/><\/a>\n\t\t\t\t\n<\/div>\n\n\n\t\t\t\t<div class=\"ngg-description\"> <div class=\"ngg-albumtitle\"><a href=\"http:\/\/aleksandrow.bimbambino.pl\/?page_id=1911&amp;album=25&amp;gallery=3009\">Konkurs \"Przyroda wok\u00f3\u0142 nas\"<\/a><\/div>\n\n\n\t\t\t\t\n\t\t\t\t\n\t\t\t<\/div>\n\t\t<\/div>\n\t<\/div>\n\n \t\n\t<div class=\"ngg-album\">\n\t\t\n\t\t\t<div class=\"ngg-albumcontent\">\n\t\t\t\t<div class=\"ngg-thumbnail\">\n\n\n\t\t\t\t\t<a href=\"http:\/\/aleksandrow.bimbambino.pl\/?page_id=1911&amp;album=25&amp;gallery=3008\"><img class=\"Thumb\" alt=\"2021_poj\" src=\"http:\/\/aleksandrow.bimbambino.pl\/wp-content\/gallery\/2021_poj\/thumbs\/thumbs_zak2021.jpg\"\/><\/a>\n\t\t\t\t\n<\/div>\n\n\n\t\t\t\t<div class=\"ngg-description\"> <div class=\"ngg-albumtitle\"><a href=\"http:\/\/aleksandrow.bimbambino.pl\/?page_id=1911&amp;album=25&amp;gallery=3008\"><\/a><\/div>\n\n\n\t\t\t\t\n\t\t\t\t\n\t\t\t<\/div>\n\t\t<\/div>\n\t<\/div>\n\n \t\n\t<div class=\"ngg-album\">\n\t\t\n\t\t\t<div class=\"ngg-albumcontent\">\n\t\t\t\t<div class=\"ngg-thumbnail\">\n\n\n\t\t\t\t\t<a href=\"http:\/\/aleksandrow.bimbambino.pl\/?page_id=1911&amp;album=25&amp;gallery=3007\"><img class=\"Thumb\" alt=\"202105_domowe\" src=\"http:\/\/aleksandrow.bimbambino.pl\/wp-content\/gallery\/202105_domowe\/thumbs\/thumbs_a.16.04.9.jpg\"\/><\/a>\n\t\t\t\t\n<\/div>\n\n\n\t\t\t\t<div class=\"ngg-description\"> <div class=\"ngg-albumtitle\"><a href=\"http:\/\/aleksandrow.bimbambino.pl\/?page_id=1911&amp;album=25&amp;gallery=3007\"><\/a><\/div>\n\n\n\t\t\t\t\n\t\t\t\t\n\t\t\t<\/div>\n\t\t<\/div>\n\t<\/div>\n\n \t\n\t<div class=\"ngg-album\">\n\t\t\n\t\t\t<div class=\"ngg-albumcontent\">\n\t\t\t\t<div class=\"ngg-thumbnail\">\n\n\n\t\t\t\t\t<a href=\"http:\/\/aleksandrow.bimbambino.pl\/?page_id=1911&amp;album=25&amp;gallery=2867\"><img class=\"Thumb\" alt=\"eprzedszkole\" src=\"http:\/\/aleksandrow.bimbambino.pl\/wp-content\/gallery\/eprzedszkole\/thumbs\/thumbs_a0906_3.jpg\"\/><\/a>\n\t\t\t\t\n<\/div>\n\n\n\t\t\t\t<div class=\"ngg-description\"> <div class=\"ngg-albumtitle\"><a href=\"http:\/\/aleksandrow.bimbambino.pl\/?page_id=1911&amp;album=25&amp;gallery=2867\"><\/a><\/div>\n\n\n\t\t\t\t\n\t\t\t\t\n\t\t\t<\/div>\n\t\t<\/div>\n\t<\/div>\n\n \t\n\t<div class=\"ngg-album\">\n\t\t\n\t\t\t<div class=\"ngg-albumcontent\">\n\t\t\t\t<div class=\"ngg-thumbnail\">\n\n\n\t\t\t\t\t<a href=\"http:\/\/aleksandrow.bimbambino.pl\/?page_id=1911&amp;album=25&amp;gallery=2580\"><img class=\"Thumb\" alt=\"201904_suk2\" src=\"http:\/\/aleksandrow.bimbambino.pl\/wp-content\/gallery\/201904_suk2\/thumbs\/thumbs_DSC_1684.JPG\"\/><\/a>\n\t\t\t\t\n<\/div>\n\n\n\t\t\t\t<div class=\"ngg-description\"> <div class=\"ngg-albumtitle\"><a href=\"http:\/\/aleksandrow.bimbambino.pl\/?page_id=1911&amp;album=25&amp;gallery=2580\"><\/a><\/div>\n\n\n\t\t\t\t\n\t\t\t\t\n\t\t\t<\/div>\n\t\t<\/div>\n\t<\/div>\n\n \t\n\t<div class=\"ngg-album\">\n\t\t\n\t\t\t<div class=\"ngg-albumcontent\">\n\t\t\t\t<div class=\"ngg-thumbnail\">\n\n\n\t\t\t\t\t<a href=\"http:\/\/aleksandrow.bimbambino.pl\/?page_id=1911&amp;album=25&amp;gallery=2579\"><img class=\"Thumb\" alt=\"201904_suk\" src=\"http:\/\/aleksandrow.bimbambino.pl\/wp-content\/gallery\/201904_suk\/thumbs\/thumbs_DSC_1264.JPG\"\/><\/a>\n\t\t\t\t\n<\/div>\n\n\n\t\t\t\t<div class=\"ngg-description\"> <div class=\"ngg-albumtitle\"><a href=\"http:\/\/aleksandrow.bimbambino.pl\/?page_id=1911&amp;album=25&amp;gallery=2579\"><\/a><\/div>\n\n\n\t\t\t\t\n\t\t\t\t\n\t\t\t<\/div>\n\t\t<\/div>\n\t<\/div>\n\n \t\n\t<div class=\"ngg-album\">\n\t\t\n\t\t\t<div class=\"ngg-albumcontent\">\n\t\t\t\t<div class=\"ngg-thumbnail\">\n\n\n\t\t\t\t\t<a href=\"http:\/\/aleksandrow.bimbambino.pl\/?page_id=1911&amp;album=25&amp;gallery=2523\"><img class=\"Thumb\" alt=\"201901_GAL\" src=\"http:\/\/aleksandrow.bimbambino.pl\/wp-content\/gallery\/201901_gal\/thumbs\/thumbs_201901_folk.jpg\"\/><\/a>\n\t\t\t\t\n<\/div>\n\n\n\t\t\t\t<div class=\"ngg-description\"> <div class=\"ngg-albumtitle\"><a href=\"http:\/\/aleksandrow.bimbambino.pl\/?page_id=1911&amp;album=25&amp;gallery=2523\"><\/a><\/div>\n\n\n\t\t\t\t\n\t\t\t\t\n\t\t\t<\/div>\n\t\t<\/div>\n\t<\/div>\n\n \t\n\t<div class=\"ngg-album\">\n\t\t\n\t\t\t<div class=\"ngg-albumcontent\">\n\t\t\t\t<div class=\"ngg-thumbnail\">\n\n\n\t\t\t\t\t<a href=\"http:\/\/aleksandrow.bimbambino.pl\/?page_id=1911&amp;album=25&amp;gallery=2504\"><img class=\"Thumb\" alt=\"20190109_konk_szop\" src=\"http:\/\/aleksandrow.bimbambino.pl\/wp-content\/gallery\/20190109_konk_szop\/thumbs\/thumbs_DSC_0731.JPG\"\/><\/a>\n\t\t\t\t\n<\/div>\n\n\n\t\t\t\t<div class=\"ngg-description\"> <div class=\"ngg-albumtitle\"><a href=\"http:\/\/aleksandrow.bimbambino.pl\/?page_id=1911&amp;album=25&amp;gallery=2504\"><\/a><\/div>\n\n\n\t\t\t\t\n\t\t\t\t\n\t\t\t<\/div>\n\t\t<\/div>\n\t<\/div>\n\n \t\n\t<div class=\"ngg-album\">\n\t\t\n\t\t\t<div class=\"ngg-albumcontent\">\n\t\t\t\t<div class=\"ngg-thumbnail\">\n\n\n\t\t\t\t\t<a href=\"http:\/\/aleksandrow.bimbambino.pl\/?page_id=1911&amp;album=25&amp;gallery=2400\"><img class=\"Thumb\" alt=\"2018_menu_nie_kasowac\" src=\"http:\/\/aleksandrow.bimbambino.pl\/wp-content\/gallery\/2018_menu_nie_kasowac\/thumbs\/thumbs_na9.JPG\"\/><\/a>\n\t\t\t\t\n<\/div>\n\n\n\t\t\t\t<div class=\"ngg-description\"> <div class=\"ngg-albumtitle\"><a href=\"http:\/\/aleksandrow.bimbambino.pl\/?page_id=1911&amp;album=25&amp;gallery=2400\"><\/a><\/div>\n\n\n\t\t\t\t\n\t\t\t\t\n\t\t\t<\/div>\n\t\t<\/div>\n\t<\/div>\n\n \t\n\t<div class=\"ngg-album\">\n\t\t\n\t\t\t<div class=\"ngg-albumcontent\">\n\t\t\t\t<div class=\"ngg-thumbnail\">\n\n\n\t\t\t\t\t<a href=\"http:\/\/aleksandrow.bimbambino.pl\/?page_id=1911&amp;album=25&amp;gallery=2176\"><img class=\"Thumb\" alt=\"ikony\" src=\"\"\/><\/a>\n\t\t\t\t\n<\/div>\n\n\n\t\t\t\t<div class=\"ngg-description\"> <div class=\"ngg-albumtitle\"><a href=\"http:\/\/aleksandrow.bimbambino.pl\/?page_id=1911&amp;album=25&amp;gallery=2176\"><\/a><\/div>\n\n\n\t\t\t\t\n\t\t\t\t\n\t\t\t<\/div>\n\t\t<\/div>\n\t<\/div>\n\n \t\n\t<div class=\"ngg-album\">\n\t\t\n\t\t\t<div class=\"ngg-albumcontent\">\n\t\t\t\t<div class=\"ngg-thumbnail\">\n\n\n\t\t\t\t\t<a href=\"http:\/\/aleksandrow.bimbambino.pl\/?page_id=1911&amp;album=25&amp;gallery=2134\"><img class=\"Thumb\" alt=\"20180130_suk\" src=\"http:\/\/aleksandrow.bimbambino.pl\/wp-content\/gallery\/20180130_suk\/thumbs\/thumbs_DSC_0470.JPG\"\/><\/a>\n\t\t\t\t\n<\/div>\n\n\n\t\t\t\t<div class=\"ngg-description\"> <div class=\"ngg-albumtitle\"><a href=\"http:\/\/aleksandrow.bimbambino.pl\/?page_id=1911&amp;album=25&amp;gallery=2134\"><\/a><\/div>\n\n\n\t\t\t\t\n\t\t\t\t\n\t\t\t<\/div>\n\t\t<\/div>\n\t<\/div>\n\n \t\n\t<div class=\"ngg-album\">\n\t\t\n\t\t\t<div class=\"ngg-albumcontent\">\n\t\t\t\t<div class=\"ngg-thumbnail\">\n\n\n\t\t\t\t\t<a href=\"http:\/\/aleksandrow.bimbambino.pl\/?page_id=1911&amp;album=25&amp;gallery=1679\"><img class=\"Thumb\" alt=\"Szlachetna Paczka 2016\" src=\"http:\/\/aleksandrow.bimbambino.pl\/wp-content\/gallery\/20161212_szlach\/thumbs\/thumbs_Szlachetna Karo.jpg\"\/><\/a>\n\t\t\t\t\n<\/div>\n\n\n\t\t\t\t<div class=\"ngg-description\"> <div class=\"ngg-albumtitle\"><a href=\"http:\/\/aleksandrow.bimbambino.pl\/?page_id=1911&amp;album=25&amp;gallery=1679\">Szlachetna Paczka 2016<\/a><\/div>\n\n\n\t\t\t\t\n\t\t\t\t\n\t\t\t<\/div>\n\t\t<\/div>\n\t<\/div>\n\n \t\n\t<div class=\"ngg-album\">\n\t\t\n\t\t\t<div class=\"ngg-albumcontent\">\n\t\t\t\t<div class=\"ngg-thumbnail\">\n\n\n\t\t\t\t\t<a href=\"http:\/\/aleksandrow.bimbambino.pl\/?page_id=1911&amp;album=25&amp;gallery=1072\"><img class=\"Thumb\" alt=\" \" src=\"http:\/\/aleksandrow.bimbambino.pl\/wp-content\/gallery\/20150422_suk_recytat\/thumbs\/thumbs_DSCN2475.JPG\"\/><\/a>\n\t\t\t\t\n<\/div>\n\n\n\t\t\t\t<div class=\"ngg-description\"> <div class=\"ngg-albumtitle\"><a href=\"http:\/\/aleksandrow.bimbambino.pl\/?page_id=1911&amp;album=25&amp;gallery=1072\">2015-04-22 - Sukces w Konkursie Recytatorskim<\/a><\/div>\n\n\n\t\t\t\t\n\t\t\t\t\n\t\t\t<\/div>\n\t\t<\/div>\n\t<\/div>\n\n \t\n\t<div class=\"ngg-album\">\n\t\t\n\t\t\t<div class=\"ngg-albumcontent\">\n\t\t\t\t<div class=\"ngg-thumbnail\">\n\n\n\t\t\t\t\t<a href=\"http:\/\/aleksandrow.bimbambino.pl\/?page_id=1911&amp;album=25&amp;gallery=1071\"><img class=\"Thumb\" alt=\" \" src=\"http:\/\/aleksandrow.bimbambino.pl\/wp-content\/gallery\/20150413_suk_ciech\/thumbs\/thumbs_IMG_0223.JPG\"\/><\/a>\n\t\t\t\t\n<\/div>\n\n\n\t\t\t\t<div class=\"ngg-description\"> <div class=\"ngg-albumtitle\"><a href=\"http:\/\/aleksandrow.bimbambino.pl\/?page_id=1911&amp;album=25&amp;gallery=1071\">2015-04-13 - Sukces w konkursie \"Pami\u0119tajmy o tradycji\"<\/a><\/div>\n\n\n\t\t\t\t\n\t\t\t\t\n\t\t\t<\/div>\n\t\t<\/div>\n\t<\/div>\n\n \t\n\t<div class=\"ngg-album\">\n\t\t\n\t\t\t<div class=\"ngg-albumcontent\">\n\t\t\t\t<div class=\"ngg-thumbnail\">\n\n\n\t\t\t\t\t<a href=\"http:\/\/aleksandrow.bimbambino.pl\/?page_id=1911&amp;album=25&amp;gallery=1030\"><img class=\"Thumb\" alt=\"2015-03-10 - Plakaty\" src=\"http:\/\/aleksandrow.bimbambino.pl\/wp-content\/gallery\/20150310_plakaty\/thumbs\/thumbs_BBB plakat DZIECI_7.jpg\"\/><\/a>\n\t\t\t\t\n<\/div>\n\n\n\t\t\t\t<div class=\"ngg-description\"> <div class=\"ngg-albumtitle\"><a href=\"http:\/\/aleksandrow.bimbambino.pl\/?page_id=1911&amp;album=25&amp;gallery=1030\">2015-03-10 - Plakaty<\/a><\/div>\n\n\n\t\t\t\t\n\t\t\t\t\n\t\t\t<\/div>\n\t\t<\/div>\n\t<\/div>\n\n \t\n\t<div class=\"ngg-album\">\n\t\t\n\t\t\t<div class=\"ngg-albumcontent\">\n\t\t\t\t<div class=\"ngg-thumbnail\">\n\n\n\t\t\t\t\t<a href=\"http:\/\/aleksandrow.bimbambino.pl\/?page_id=1911&amp;album=25&amp;gallery=996\"><img class=\"Thumb\" alt=\"20150106_konkurs\" src=\"http:\/\/aleksandrow.bimbambino.pl\/wp-content\/gallery\/20150106_konkurs\/thumbs\/thumbs_Zawijasy z tortilli - Agata Szczesna.jpg\"\/><\/a>\n\t\t\t\t\n<\/div>\n\n\n\t\t\t\t<div class=\"ngg-description\"> <div class=\"ngg-albumtitle\"><a href=\"http:\/\/aleksandrow.bimbambino.pl\/?page_id=1911&amp;album=25&amp;gallery=996\"><\/a><\/div>\n\n\n\t\t\t\t\n\t\t\t\t\n\t\t\t<\/div>\n\t\t<\/div>\n\t<\/div>\n\n \t\n\t<div class=\"ngg-album\">\n\t\t\n\t\t\t<div class=\"ngg-albumcontent\">\n\t\t\t\t<div class=\"ngg-thumbnail\">\n\n\n\t\t\t\t\t<a href=\"http:\/\/aleksandrow.bimbambino.pl\/?page_id=1911&amp;album=25&amp;gallery=343\"><img class=\"Thumb\" alt=\"20130429_csw\" src=\"http:\/\/aleksandrow.bimbambino.pl\/wp-content\/gallery\/20130429_csw\/thumbs\/thumbs_zz_wystawa w CSW (3).jpg\"\/><\/a>\n\t\t\t\t\n<\/div>\n\n\n\t\t\t\t<div class=\"ngg-description\"> <div class=\"ngg-albumtitle\"><a href=\"http:\/\/aleksandrow.bimbambino.pl\/?page_id=1911&amp;album=25&amp;gallery=343\"><\/a><\/div>\n\n\n\t\t\t\t\n\t\t\t\t\n\t\t\t<\/div>\n\t\t<\/div>\n\t<\/div>\n\n \t\n\t<div class=\"ngg-album\">\n\t\t\n\t\t\t<div class=\"ngg-albumcontent\">\n\t\t\t\t<div class=\"ngg-thumbnail\">\n\n\n\t\t\t\t\t<a href=\"http:\/\/aleksandrow.bimbambino.pl\/?page_id=1911&amp;album=25&amp;gallery=324\"><img class=\"Thumb\" alt=\"20130423_plac_zabaw\" src=\"http:\/\/aleksandrow.bimbambino.pl\/wp-content\/gallery\/20130423_plac_zabaw\/thumbs\/thumbs_IMG_8774.JPG\"\/><\/a>\n\t\t\t\t\n<\/div>\n\n\n\t\t\t\t<div class=\"ngg-description\"> <div class=\"ngg-albumtitle\"><a href=\"http:\/\/aleksandrow.bimbambino.pl\/?page_id=1911&amp;album=25&amp;gallery=324\"><\/a><\/div>\n\n\n\t\t\t\t\n\t\t\t\t\n\t\t\t<\/div>\n\t\t<\/div>\n\t<\/div>\n\n \t\n\t<div class=\"ngg-album\">\n\t\t\n\t\t\t<div class=\"ngg-albumcontent\">\n\t\t\t\t<div class=\"ngg-thumbnail\">\n\n\n\t\t\t\t\t<a href=\"http:\/\/aleksandrow.bimbambino.pl\/?page_id=1911&amp;album=25&amp;gallery=4\"><img class=\"Thumb\" alt=\"03\" src=\"http:\/\/aleksandrow.bimbambino.pl\/wp-content\/gallery\/03\/thumbs\/thumbs_naturalny antybiotyk.jpg\"\/><\/a>\n\t\t\t\t\n<\/div>\n\n\n\t\t\t\t<div class=\"ngg-description\"> <div class=\"ngg-albumtitle\"><a href=\"http:\/\/aleksandrow.bimbambino.pl\/?page_id=1911&amp;album=25&amp;gallery=4\"><\/a><\/div>\n\n\n\t\t\t\t\n\t\t\t\t\n\t\t\t<\/div>\n\t\t<\/div>\n\t<\/div>\n\n \t \t\n\t<!-- Pagination -->\n \t<div class=\"ngg-clear\"><\/div> \t\n<\/div>\n\n\n","protected":false},"excerpt":{"rendered":"","protected":false},"author":2,"featured_media":0,"parent":0,"menu_order":0,"comment_status":"closed","ping_status":"closed","template":"","meta":[],"_links":{"self":[{"href":"http:\/\/aleksandrow.bimbambino.pl\/index.php?rest_route=\/wp\/v2\/pages\/1911"}],"collection":[{"href":"http:\/\/aleksandrow.bimbambino.pl\/index.php?rest_route=\/wp\/v2\/pages"}],"about":[{"href":"http:\/\/aleksandrow.bimbambino.pl\/index.php?rest_route=\/wp\/v2\/types\/page"}],"author":[{"embeddable":true,"href":"http:\/\/aleksandrow.bimbambino.pl\/index.php?rest_route=\/wp\/v2\/users\/2"}],"replies":[{"embeddable":true,"href":"http:\/\/aleksandrow.bimbambino.pl\/index.php?rest_route=%2Fwp%2Fv2%2Fcomments&post=1911"}],"version-history":[{"count":1,"href":"http:\/\/aleksandrow.bimbambino.pl\/index.php?rest_route=\/wp\/v2\/pages\/1911\/revisions"}],"predecessor-version":[{"id":1912,"href":"http:\/\/aleksandrow.bimbambino.pl\/index.php?rest_route=\/wp\/v2\/pages\/1911\/revisions\/1912"}],"wp:attachment":[{"href":"http:\/\/aleksandrow.bimbambino.pl\/index.php?rest_route=%2Fwp%2Fv2%2Fmedia&parent=1911"}],"curies":[{"name":"wp","href":"https:\/\/api.w.org\/{rel}","templated":true}]}}