{"id":1689,"date":"2014-12-05T15:37:44","date_gmt":"2014-12-05T13:37:44","guid":{"rendered":"http:\/\/aleksandrow.bimbambino.pl\/?page_id=1689"},"modified":"2014-12-15T14:35:27","modified_gmt":"2014-12-15T12:35:27","slug":"szlachetna-paczka-2014","status":"publish","type":"page","link":"http:\/\/aleksandrow.bimbambino.pl\/?page_id=1689","title":{"rendered":"Szlachetna Paczka 2014"},"content":{"rendered":"  <!-- Easing Slider -->\n    <div class=\"lof-container\" style=\"height:225px;padding-right:0px;padding-top:0px;padding-left:0px;padding-bottom:0px;\">\n      <div class=\"lof-slidecontent\" id=\"lofslidecontent45\" style=\"border:3px solid #ccc;width:800px;height:225px;\">\n        <div class=\"preload\" style=\"background:url(http:\/\/aleksandrow.bimbambino.pl\/wp-content\/plugins\/easing-slider\/images\/indicator.gif) no-repeat center center #fff;\">\n\n        <\/div>\n            <div class=\"lof-main-outer\" style=\"background: #fff;width:800px;height:225px;\">\n                <ul class=\"lof-main-wapper\">\n              \t\t<li><img src=\"http:\/\/aleksandrow.bimbambino.pl\/wp-content\/themes\/Linedy2\/images\/slider\/sl1.jpg\" style=\"width:800px;\" alt=\"\" \/><\/li>\t\t<li><img src=\"http:\/\/aleksandrow.bimbambino.pl\/wp-content\/themes\/Linedy2\/images\/slider\/sl2.jpg\" style=\"width:800px;\" alt=\"\" \/><\/li>\t\t<li><img src=\"http:\/\/aleksandrow.bimbambino.pl\/wp-content\/themes\/Linedy2\/images\/slider\/sl3.jpg\" style=\"width:800px;\" alt=\"\" \/><\/li><\/ul><\/div>                <div class=\"lof-navigator-wapper\" style=\"bottom:-35px;left: 0;padding:5px 5px;\">\n                  <div class=\"lof-navigator-outer\">\n                    <ul class=\"lof-navigator\">\n                      <li><span>.<\/span><\/li><li><span>.<\/span><\/li><li><span>.<\/span><\/li>             <\/ul>\n                <\/div>\n              <\/div>\n              \n            <\/div>\n          <\/div><img src=\"http:\/\/aleksandrow.bimbambino.pl\/wp-content\/plugins\/easing-slider\/images\/shadow_arc.png\" style=\"width:800px; padding-left:0px;padding-bottom:0px;padding-top:6px;margin-left:3px;\" alt=\"\" \/><!-- End of Easing Slider -->\n<h2>Szlachetna Paczka 2014<\/h2>\n<p><span style=\"color: #c0c0c0;\">_______________________________________________________________<\/span><\/p>\n<p align=\"center\"><span style=\"color: #ff0000;\">DRODZY RODZICE<\/span><\/p>\n<p align=\"center\">Akcja charytatywna \u201eSzlachetna Paczka\u201d zosta\u0142a zako\u0144czona.<\/p>\n<p align=\"center\">Uzbierali\u015bmy 4 kartony dar\u00f3w \u2013 jedzenia, \u015brodk\u00f3w czysto\u015bci, kosmetyk\u00f3w, zabawek, ubra\u0144. W niedziel\u0119 14. grudnia przeka\u017c\u0119 je koordynatorce \u201eSzlachetnej Paczki\u201d. Dodatkowo rodzina naszego przedszkolaka podaruje du\u017c\u0105 lod\u00f3wk\u0119. W spraw\u0119 zaanga\u017cowa\u0142y si\u0119 r\u00f3wnie\u017c osoby spoza naszej spo\u0142eczno\u015bci.<\/p>\n<p align=\"center\">Pragn\u0119 z\u0142o\u017cy\u0107 ogromne podzi\u0119kowania wszystkim darczy\u0144com. Wykazali si\u0119 Pa\u0144stwo wielkim sercem i solidarno\u015bci\u0105. Pokazali\u015bcie naszym dzieciom, \u017ce ka\u017cdy mo\u017ce zosta\u0107 \u015awi\u0119tym Miko\u0142ajem i \u017ce nie trzeba du\u017co, aby pom\u00f3c.<\/p>\n<p align=\"right\">Dyrektor<\/p>\n<p align=\"right\">Paulina Warachim<strong>\u00a0 <\/strong><\/p>\n<p><strong>\u00a0<\/strong><br \/>\n\n<a href=\"http:\/\/aleksandrow.bimbambino.pl\/wp-content\/gallery\/03\/szlachetna2014_2.JPG\" title=\"\" class=\"shutterset_singlepic20096\" >\n\t<img class=\"ngg-singlepic ngg-center\" src=\"http:\/\/aleksandrow.bimbambino.pl\/wp-content\/gallery\/cache\/20096__425x350_szlachetna2014_2.JPG\" alt=\"szlachetna2014_2\" title=\"szlachetna2014_2\" \/>\n<\/a>\n<\/p>\n<p><span style=\"color: #c0c0c0;\">_______________________________________________________________<\/span><\/p>\n<p style=\"text-align: center;\"><strong>DRODZY RODZICE<\/strong><\/p>\n<p>Nasze Przedszkole bierze udzia\u0142 w akcji charytatywnej<\/p>\n<p><strong><span style=\"text-decoration: underline;\">Szlachetna Paczka. <\/span><\/strong><\/p>\n<p>Rodzina, kt\u00f3ra potrzebuje pomocy jest rodzin\u0105 wielodzietn\u0105 &#8211; dzieci s\u0105 w wieku 20, 17 (dziecko z upo\u015bledzeniem umys\u0142owym) i 4 lat. Matka samotnie je wychowuje, jest osob\u0105 pracuj\u0105c\u0105, zarabiaj\u0105c\u0105 najni\u017csz\u0105 stawk\u0119 krajow\u0105. Pomoc z instytucji pa\u0144stwowych i pensja nie wystarcza na bie\u017c\u0105ce wydatki, rodzina ma d\u0142ugi. Potrzebuj\u0105cy posiadaj\u0105 bardzo trudne warunki mieszkaniowe, dom jest w stanie surowym, brakuje im podstawowych mebli i sprz\u0119t\u00f3w.<\/p>\n<p align=\"center\">Potrzeby, kt\u00f3re rodzina okre\u015bli\u0142a s\u0105 nast\u0119puj\u0105ce:<\/p>\n<table border=\"1\" cellspacing=\"0\" cellpadding=\"0\">\n<tbody>\n<tr>\n<td valign=\"top\" width=\"706\">\n<p align=\"center\"><strong>\u017bYWNO\u015a\u0106 TRWA\u0141A:<\/strong><\/p>\n<p align=\"center\"><strong>Podstawowe produkty \u017cywno\u015bciowe: herbata, kawa, ry\u017c, kasza, makaron, m\u0105ka, cukier, olej, d\u017cem, konserwy mi\u0119sne, konserwy rybne, warzywa w puszkach<\/strong><\/p>\n<p align=\"center\"><strong>Inne:\u00a0przeciery pomidorowe i og\u00f3rkowe, ketchup, nutella<\/strong><\/p>\n<p align=\"center\"><strong>\u015aRODKI CZYSTO\u015aCI<\/strong><\/p>\n<p align=\"center\"><strong>Potrzebne \u015brodki czysto\u015bci:\u00a0Proszek do prania, P\u0142yny czyszcz\u0105ce, P\u0142yn do mycia naczy\u0144, Szampon, Pasta do z\u0119b\u00f3w, Szczoteczka do z\u0119b\u00f3w, Myd\u0142o\/\u017cel myj\u0105cy<\/strong><\/p>\n<p align=\"center\"><strong>POMOCE SZKOLNE I ZABAWKI<\/strong><\/p>\n<p align=\"center\"><strong>Puzzle i lalka, zeszyty, bloki, kredki, farbki, plastelina, papier kolorowy, no\u017cyczki, klej, pi\u00f3rnik, plecak, przybory do pisania<\/strong><strong><\/strong><\/p>\n<\/td>\n<td valign=\"top\" width=\"706\">\n<p align=\"center\"><strong>ODZIE\u017b I OBUWIE<\/strong><\/p>\n<p align=\"center\"><strong>M\u0119ska kurtka zimowa \u2013 rozmiar M<\/strong><strong><\/strong><\/p>\n<p align=\"center\"><strong>koszulka rozmiar L<\/strong><\/p>\n<p align=\"center\"><strong>damskie kozaki zimowe \u2013 rozmiar 39<\/strong><\/p>\n<p align=\"center\"><strong>m\u0119skie trapery zimowe \u2013 rozmiar 44<\/strong><\/p>\n<p align=\"center\"><strong>dziewcz\u0119ce kozaki zimowe \u2013 rozmiar 28<\/strong><\/p>\n<p align=\"center\"><strong>WYPOSA\u017bENIE MIESZKANIA:<\/strong><\/p>\n<p align=\"center\"><strong>Brakuj\u0105ce sprz\u0119ty gospodarstwa domowego:\u00a0lod\u00f3wka &#8211; obecna jest bardzo stara i nie spe\u0142nia swojej funkcji; mikser &#8211; rodzina nie ma miksera, a przyda\u0142by si\u0119 do przyrz\u0105dzania da\u0144 dla dzieci; mikrofal\u00f3wka &#8211; niezb\u0119dna aby bezpiecznie dzieciaki mog\u0142y przygrza\u0107 sobie posi\u0142ek<\/strong><\/p>\n<p align=\"center\"><strong>\u00a0<\/strong><\/p>\n<\/td>\n<\/tr>\n<\/tbody>\n<\/table>\n","protected":false},"excerpt":{"rendered":"<p>Szlachetna Paczka 2014 _______________________________________________________________ DRODZY RODZICE Akcja charytatywna \u201eSzlachetna Paczka\u201d zosta\u0142a zako\u0144czona. Uzbierali\u015bmy 4 kartony dar\u00f3w \u2013 jedzenia, \u015brodk\u00f3w czysto\u015bci, kosmetyk\u00f3w, zabawek, ubra\u0144. W niedziel\u0119 14. grudnia przeka\u017c\u0119 je koordynatorce \u201eSzlachetnej Paczki\u201d. Dodatkowo rodzina naszego przedszkolaka podaruje du\u017c\u0105 lod\u00f3wk\u0119. W spraw\u0119 zaanga\u017cowa\u0142y si\u0119 r\u00f3wnie\u017c osoby spoza naszej spo\u0142eczno\u015bci. Pragn\u0119 z\u0142o\u017cy\u0107 ogromne podzi\u0119kowania wszystkim darczy\u0144com. Wykazali<\/p>\n","protected":false},"author":2,"featured_media":0,"parent":0,"menu_order":0,"comment_status":"closed","ping_status":"closed","template":"","meta":[],"_links":{"self":[{"href":"http:\/\/aleksandrow.bimbambino.pl\/index.php?rest_route=\/wp\/v2\/pages\/1689"}],"collection":[{"href":"http:\/\/aleksandrow.bimbambino.pl\/index.php?rest_route=\/wp\/v2\/pages"}],"about":[{"href":"http:\/\/aleksandrow.bimbambino.pl\/index.php?rest_route=\/wp\/v2\/types\/page"}],"author":[{"embeddable":true,"href":"http:\/\/aleksandrow.bimbambino.pl\/index.php?rest_route=\/wp\/v2\/users\/2"}],"replies":[{"embeddable":true,"href":"http:\/\/aleksandrow.bimbambino.pl\/index.php?rest_route=%2Fwp%2Fv2%2Fcomments&post=1689"}],"version-history":[{"count":5,"href":"http:\/\/aleksandrow.bimbambino.pl\/index.php?rest_route=\/wp\/v2\/pages\/1689\/revisions"}],"predecessor-version":[{"id":1694,"href":"http:\/\/aleksandrow.bimbambino.pl\/index.php?rest_route=\/wp\/v2\/pages\/1689\/revisions\/1694"}],"wp:attachment":[{"href":"http:\/\/aleksandrow.bimbambino.pl\/index.php?rest_route=%2Fwp%2Fv2%2Fmedia&parent=1689"}],"curies":[{"name":"wp","href":"https:\/\/api.w.org\/{rel}","templated":true}]}}