{"id":1664,"date":"2014-11-28T12:50:35","date_gmt":"2014-11-28T10:50:35","guid":{"rendered":"http:\/\/aleksandrow.bimbambino.pl\/?page_id=1664"},"modified":"2014-11-28T12:50:35","modified_gmt":"2014-11-28T10:50:35","slug":"rok-w-programie-zdrowy-przedszkolak","status":"publish","type":"page","link":"http:\/\/aleksandrow.bimbambino.pl\/?page_id=1664","title":{"rendered":"Rok w programie Zdrowy Przedszkolak"},"content":{"rendered":"  <!-- Easing Slider -->\n    <div class=\"lof-container\" style=\"height:225px;padding-right:0px;padding-top:0px;padding-left:0px;padding-bottom:0px;\">\n      <div class=\"lof-slidecontent\" id=\"lofslidecontent45\" style=\"border:3px solid #ccc;width:800px;height:225px;\">\n        <div class=\"preload\" style=\"background:url(http:\/\/aleksandrow.bimbambino.pl\/wp-content\/plugins\/easing-slider\/images\/indicator.gif) no-repeat center center #fff;\">\n\n        <\/div>\n            <div class=\"lof-main-outer\" style=\"background: #fff;width:800px;height:225px;\">\n                <ul class=\"lof-main-wapper\">\n              \t\t<li><img src=\"http:\/\/aleksandrow.bimbambino.pl\/wp-content\/themes\/Linedy2\/images\/slider\/sl1.jpg\" style=\"width:800px;\" alt=\"\" \/><\/li>\t\t<li><img src=\"http:\/\/aleksandrow.bimbambino.pl\/wp-content\/themes\/Linedy2\/images\/slider\/sl2.jpg\" style=\"width:800px;\" alt=\"\" \/><\/li>\t\t<li><img src=\"http:\/\/aleksandrow.bimbambino.pl\/wp-content\/themes\/Linedy2\/images\/slider\/sl3.jpg\" style=\"width:800px;\" alt=\"\" \/><\/li><\/ul><\/div>                <div class=\"lof-navigator-wapper\" style=\"bottom:-35px;left: 0;padding:5px 5px;\">\n                  <div class=\"lof-navigator-outer\">\n                    <ul class=\"lof-navigator\">\n                      <li><span>.<\/span><\/li><li><span>.<\/span><\/li><li><span>.<\/span><\/li>             <\/ul>\n                <\/div>\n              <\/div>\n              \n            <\/div>\n          <\/div><img src=\"http:\/\/aleksandrow.bimbambino.pl\/wp-content\/plugins\/easing-slider\/images\/shadow_arc.png\" style=\"width:800px; padding-left:0px;padding-bottom:0px;padding-top:6px;margin-left:3px;\" alt=\"\" \/><!-- End of Easing Slider -->\n<h2>Rok w programie Zdrowy Przedszkolak<\/h2>\n<p><span style=\"color: #c0c0c0;\">_____________________________________________________________________<\/span><\/p>\n<p>Min\u0105\u0142 rok od podj\u0119cia decyzji o zmianach w \u017cywieniu dzieci w naszym przedszkolu. By\u0142 to rok pe\u0142en wyzwa\u0144 i nauki. Nie rzadko byli\u015bmy zaskoczeni reakcj\u0105 dzieci na nowo\u015bci. Polubi\u0142y one wi\u0119kszo\u015b\u0107 zmian a te, kt\u00f3re nie znalaz\u0142y u nich uznania, nie zosta\u0142y wprowadzone. Uwa\u017camy ten rok za sukces zar\u00f3wno pod wzgl\u0119dem stworzenia mo\u017cliwo\u015bci poznawania nowych smak\u00f3w przez dzieci, wyeliminowania \u017cywno\u015bci wysokoprzetworzonej, ograniczenia s\u0142odyczy jak i kreatywno\u015bci naszych pa\u0144 kucharek.<\/p>\n<p>Do zmian podeszli\u015bmy bardzo powa\u017cnie, konsultuj\u0105c nasze jad\u0142ospisy z moderatork\u0105 Zdrowego Przedszkolaka oraz szkol\u0105c osoby odpowiedzialne za \u017cywienie w przedszkolu. Zach\u0119camy r\u00f3wnie\u017c rodzic\u00f3w do zaanga\u017cowania w zmiany nawyk\u00f3w \u017cywieniowych dzieci poprzez warsztaty w kuchni, rozpowszechnianie informacji na temat naturalnej diety i szkodliwo\u015bci niekt\u00f3rych produkt\u00f3w, degustacje. Zagadnienie \u017cywienia w\u0142\u0105czyli\u015bmy tak\u017ce w roczn\u0105 koncepcj\u0119 pracy przedszkola na rok 2014\/2015. Wi\u0105\u017ce si\u0119 to z edukacj\u0105 \u017cywieniow\u0105 dzieci i rodzic\u00f3w oraz z zabaw\u0105 z warzywami, owocami i kaszami.<\/p>\n<p>W nowym roku szkolnym zmienili\u015bmy rozk\u0142ad posi\u0142k\u00f3w \u2013 rozdzielili\u015bmy obiad w czasie, czyli zup\u0119 dzieci dostaj\u0105 o godz. 11:00 a drugie danie o 13:15. Jest to zmiana, kt\u00f3ra zmniejszy\u0142a czas przerwy mi\u0119dzy posi\u0142kami, co jest szczeg\u00f3lnie wa\u017cne w okresie jesienno-zimowym. Spowodowa\u0142a ona tak\u017ce wi\u0119kszy apetyt na drugie danie, kt\u00f3re dzieci po prostu wi\u0119cej i ch\u0119tniej zjadaj\u0105.<\/p>\n<p>Dzieci, kt\u00f3re zostaj\u0105 najd\u0142u\u017cej w przedszkolu dostaj\u0105 zdrowe przek\u0105ski w postaci owoc\u00f3w, warzyw do pochrupania, wafli ry\u017cowych z powid\u0142ami w\u0142asnego wyrobu, jogurt\u00f3w naturalnych z suszonymi owocami, batonik\u00f3w musli, koktajli.<\/p>\n<p>Po rocznym do\u015bwiadczeniu w komponowaniu nowych jad\u0142ospis\u00f3w zdecydowali\u015bmy o nast\u0119puj\u0105cym rozk\u0142adzie rodzaj\u00f3w posi\u0142k\u00f3w w ci\u0105gu tygodnia:<\/p>\n<ul>\n<li>W okresie jesienno-zimowym dzieci dostaj\u0105 trzy razy w tygodniu ciep\u0142e \u015bniadania w postaci owsianki na mleku lub na wodzie oraz jaglanki z suszonymi owocami. Dzieci, kt\u00f3re akurat tego dnia nie maja ochoty na p\u0142atki, zawsze maj\u0105 do wyboru kanapeczk\u0119 z powid\u0142ami b\u0105d\u017a twarogiem<\/li>\n<li>Poniedzia\u0142ek i \u015broda to dni wegetaria\u0144skie \u2013na obiad kr\u00f3luj\u0105 warzywa, kasze i str\u0105czki. W te dni przygotowujemy tez ulubione przez dzieci dania m\u0105czne, lecz \u017ceby poprawi\u0107 od\u017cywczo\u015b\u0107 takiego obiadu przygotowujemy zup\u0119 z \u201ewk\u0142adk\u0105\u201d mi\u0119sn\u0105 b\u0105d\u017a zag\u0119szczamy je kaszami lub str\u0105czkami<\/li>\n<li>Wtorek i czwartek to dni mi\u0119sne<\/li>\n<li>Pi\u0105tek to dzie\u0144 rybny<\/li>\n<\/ul>\n<p>Ca\u0142y czas oczywi\u015bcie pami\u0119tamy o za\u0142o\u017ceniach naturalnej diety.<\/p>\n<p>Wszystkim naszym ma\u0142ym Przedszkolakom wyj\u0105tkowo przypad\u0142o do gustu bajkowe menu, kt\u00f3re przygotowali\u015bmy\u00a0 z okazji Dnia Przedszkolaka. Zdecydowali\u015bmy zatem, \u017ce jad\u0142ospis nasz zostanie na sta\u0142e wzbogacony potrawami zwi\u0105zanymi z postaciami z bajek, a tak\u017ce narodowymi potrawami kraj\u00f3w europejskich.<\/p>\n<p>Poza tym kontynuujemy zabawy z tematycznymi tygodniami w jad\u0142ospisie, czyli np. tydzie\u0144 kolorowych ziemniak\u00f3w, sos\u00f3w, sur\u00f3wek, past, mase\u0142ek, zup i wiele podobnych.<\/p>\n<p>Maj\u0105c na uwadze zdrowie i gusta kulinarne naszych dzieci, zach\u0119camy Pa\u0144stwa do anga\u017cowania si\u0119\u00a0 w nasz\u0105 kampani\u0119! Czekamy na propozycje i sugestie.<\/p>\n","protected":false},"excerpt":{"rendered":"<p>Rok w programie Zdrowy Przedszkolak _____________________________________________________________________ Min\u0105\u0142 rok od podj\u0119cia decyzji o zmianach w \u017cywieniu dzieci w naszym przedszkolu. By\u0142 to rok pe\u0142en wyzwa\u0144 i nauki. Nie rzadko byli\u015bmy zaskoczeni reakcj\u0105 dzieci na nowo\u015bci. Polubi\u0142y one wi\u0119kszo\u015b\u0107 zmian a te, kt\u00f3re nie znalaz\u0142y u nich uznania, nie zosta\u0142y wprowadzone. Uwa\u017camy ten rok za sukces zar\u00f3wno<\/p>\n","protected":false},"author":2,"featured_media":0,"parent":0,"menu_order":0,"comment_status":"closed","ping_status":"closed","template":"","meta":[],"_links":{"self":[{"href":"http:\/\/aleksandrow.bimbambino.pl\/index.php?rest_route=\/wp\/v2\/pages\/1664"}],"collection":[{"href":"http:\/\/aleksandrow.bimbambino.pl\/index.php?rest_route=\/wp\/v2\/pages"}],"about":[{"href":"http:\/\/aleksandrow.bimbambino.pl\/index.php?rest_route=\/wp\/v2\/types\/page"}],"author":[{"embeddable":true,"href":"http:\/\/aleksandrow.bimbambino.pl\/index.php?rest_route=\/wp\/v2\/users\/2"}],"replies":[{"embeddable":true,"href":"http:\/\/aleksandrow.bimbambino.pl\/index.php?rest_route=%2Fwp%2Fv2%2Fcomments&post=1664"}],"version-history":[{"count":2,"href":"http:\/\/aleksandrow.bimbambino.pl\/index.php?rest_route=\/wp\/v2\/pages\/1664\/revisions"}],"predecessor-version":[{"id":1669,"href":"http:\/\/aleksandrow.bimbambino.pl\/index.php?rest_route=\/wp\/v2\/pages\/1664\/revisions\/1669"}],"wp:attachment":[{"href":"http:\/\/aleksandrow.bimbambino.pl\/index.php?rest_route=%2Fwp%2Fv2%2Fmedia&parent=1664"}],"curies":[{"name":"wp","href":"https:\/\/api.w.org\/{rel}","templated":true}]}}