{"id":1276,"date":"2014-02-18T16:11:08","date_gmt":"2014-02-18T14:11:08","guid":{"rendered":"http:\/\/aleksandrow.bimbambino.pl\/?page_id=1276"},"modified":"2023-02-27T14:16:34","modified_gmt":"2023-02-27T12:16:34","slug":"ogloszenia-stale","status":"publish","type":"page","link":"http:\/\/aleksandrow.bimbambino.pl\/?page_id=1276","title":{"rendered":"Og\u0142oszenia sta\u0142e"},"content":{"rendered":"<h2>Og\u0142oszenia sta\u0142e<\/h2>\n<p><span style=\"color: #c0c0c0;\">___________________________________________________________________________________<\/span><\/p>\n<p>Pa\u0144stwowy Powiatowy Inspektor Sanitarny przypomina, \u017ce\u00a0zaka\u017cenie wszawic\u0105 nast\u0119puje bezpo\u015brednio przez kontakt z w\u0142osami osoby chorej lub po\u015brednio poprzez u\u017cywanie wsp\u00f3lnych przyrz\u0105d\u00f3w do piel\u0119gnacji w\u0142os\u00f3w, ozd\u00f3b do w\u0142os\u00f3w, nakry\u0107 g\u0142owy,r\u0119cznik\u00f3w\u00a0i bielizny po\u015bcielowej. Prosimy rodzic\u00f3w o systematyczn\u0105 kontrol\u0119 czysto\u015bci g\u0142\u00f3w dzieci jak i domownik\u00f3w. W przypadku zauwa\u017cenia problemu prosimy o kontakt i dokonanie niezb\u0119dnych zabieg\u00f3w\u00a0 r\u00f3wnie\u017c w\u015br\u00f3d domownik\u00f3w dziecka.<\/p>\n<p><span style=\"color: #c0c0c0;\">___________________________________________________________________________________<\/span><br \/>\nDrodzy Rodzice!<\/p>\n<p>Informujemy, i\u017c od 24.01.2014r. dzieci przyprowadzone:<\/p>\n<p>&#8211; do godziny 8.00 zostawiacie Pa\u0144stwo w sali ,,Biedronek&#8221;<\/p>\n<p>&#8211; po godzinie 8.00 zostawiacie Pa\u0144stwo w sali tej grup, do kt\u00f3rej ucz\u0119szcza dziecko.<\/p>\n<p>Odbieracie za\u015b Pa\u0144stwo dzieci<\/p>\n<p>&#8211; do godziny 15.00 z sali tej grupy, do kt\u00f3rej ucz\u0119szcza dziecko<\/p>\n<p>&#8211; po godzinie 15.00 z sali ,,Biedronek&#8221; lub ,,Rybek&#8221;<\/p>\n<p>&#8211; po godzinie 15.30 z sali Rybek<br \/>\n<span style=\"color: #c0c0c0;\">___________________________________________________________________________________<\/span><\/p>\n","protected":false},"excerpt":{"rendered":"<p>Og\u0142oszenia sta\u0142e ___________________________________________________________________________________ Pa\u0144stwowy Powiatowy Inspektor Sanitarny przypomina, \u017ce\u00a0zaka\u017cenie wszawic\u0105 nast\u0119puje bezpo\u015brednio przez kontakt z w\u0142osami osoby chorej lub po\u015brednio poprzez u\u017cywanie wsp\u00f3lnych przyrz\u0105d\u00f3w do piel\u0119gnacji w\u0142os\u00f3w, ozd\u00f3b do w\u0142os\u00f3w, nakry\u0107 g\u0142owy,r\u0119cznik\u00f3w\u00a0i bielizny po\u015bcielowej. Prosimy rodzic\u00f3w o systematyczn\u0105 kontrol\u0119 czysto\u015bci g\u0142\u00f3w dzieci jak i domownik\u00f3w. W przypadku zauwa\u017cenia problemu prosimy o kontakt i dokonanie niezb\u0119dnych<\/p>\n","protected":false},"author":2,"featured_media":0,"parent":0,"menu_order":0,"comment_status":"closed","ping_status":"closed","template":"","meta":[],"_links":{"self":[{"href":"http:\/\/aleksandrow.bimbambino.pl\/index.php?rest_route=\/wp\/v2\/pages\/1276"}],"collection":[{"href":"http:\/\/aleksandrow.bimbambino.pl\/index.php?rest_route=\/wp\/v2\/pages"}],"about":[{"href":"http:\/\/aleksandrow.bimbambino.pl\/index.php?rest_route=\/wp\/v2\/types\/page"}],"author":[{"embeddable":true,"href":"http:\/\/aleksandrow.bimbambino.pl\/index.php?rest_route=\/wp\/v2\/users\/2"}],"replies":[{"embeddable":true,"href":"http:\/\/aleksandrow.bimbambino.pl\/index.php?rest_route=%2Fwp%2Fv2%2Fcomments&post=1276"}],"version-history":[{"count":4,"href":"http:\/\/aleksandrow.bimbambino.pl\/index.php?rest_route=\/wp\/v2\/pages\/1276\/revisions"}],"predecessor-version":[{"id":6126,"href":"http:\/\/aleksandrow.bimbambino.pl\/index.php?rest_route=\/wp\/v2\/pages\/1276\/revisions\/6126"}],"wp:attachment":[{"href":"http:\/\/aleksandrow.bimbambino.pl\/index.php?rest_route=%2Fwp%2Fv2%2Fmedia&parent=1276"}],"curies":[{"name":"wp","href":"https:\/\/api.w.org\/{rel}","templated":true}]}}