{"id":1097,"date":"2013-10-25T11:58:02","date_gmt":"2013-10-25T09:58:02","guid":{"rendered":"http:\/\/aleksandrow.bimbambino.pl\/?page_id=1097"},"modified":"2013-10-25T11:58:02","modified_gmt":"2013-10-25T09:58:02","slug":"zdrowy-przedszkolak","status":"publish","type":"page","link":"http:\/\/aleksandrow.bimbambino.pl\/?page_id=1097","title":{"rendered":"Zdrowy Przedszkolak"},"content":{"rendered":"  <!-- Easing Slider -->\n    <div class=\"lof-container\" style=\"height:225px;padding-right:0px;padding-top:0px;padding-left:0px;padding-bottom:0px;\">\n      <div class=\"lof-slidecontent\" id=\"lofslidecontent45\" style=\"border:3px solid #ccc;width:800px;height:225px;\">\n        <div class=\"preload\" style=\"background:url(http:\/\/aleksandrow.bimbambino.pl\/wp-content\/plugins\/easing-slider\/images\/indicator.gif) no-repeat center center #fff;\">\n\n        <\/div>\n            <div class=\"lof-main-outer\" style=\"background: #fff;width:800px;height:225px;\">\n                <ul class=\"lof-main-wapper\">\n              \t\t<li><img src=\"http:\/\/aleksandrow.bimbambino.pl\/wp-content\/themes\/Linedy2\/images\/slider\/sl1.jpg\" style=\"width:800px;\" alt=\"\" \/><\/li>\t\t<li><img src=\"http:\/\/aleksandrow.bimbambino.pl\/wp-content\/themes\/Linedy2\/images\/slider\/sl2.jpg\" style=\"width:800px;\" alt=\"\" \/><\/li>\t\t<li><img src=\"http:\/\/aleksandrow.bimbambino.pl\/wp-content\/themes\/Linedy2\/images\/slider\/sl3.jpg\" style=\"width:800px;\" alt=\"\" \/><\/li><\/ul><\/div>                <div class=\"lof-navigator-wapper\" style=\"bottom:-35px;left: 0;padding:5px 5px;\">\n                  <div class=\"lof-navigator-outer\">\n                    <ul class=\"lof-navigator\">\n                      <li><span>.<\/span><\/li><li><span>.<\/span><\/li><li><span>.<\/span><\/li>             <\/ul>\n                <\/div>\n              <\/div>\n              \n            <\/div>\n          <\/div><img src=\"http:\/\/aleksandrow.bimbambino.pl\/wp-content\/plugins\/easing-slider\/images\/shadow_arc.png\" style=\"width:800px; padding-left:0px;padding-bottom:0px;padding-top:6px;margin-left:3px;\" alt=\"\" \/><!-- End of Easing Slider -->\n<h2>Zdrowy Przedszkolak<\/h2>\n<p><span style=\"color: #c0c0c0;\">_________________________________________________________________________<\/span><\/p>\n<p style=\"text-align: center;\">Nasze Przedszkole uczestniczy w Kampanii na rzecz naturalnej diety w przedszkolu ZdrowyPrzedszkolak.org<\/p>\n<p style=\"text-align: center;\">Celem projektu jest poprawa jako\u015bci od\u017cywiania dzieci przedszkolnych i poszerzenie \u015bwiadomo\u015bci w zakresie naturalnego od\u017cywiania<\/p>\n\n<a href=\"http:\/\/aleksandrow.bimbambino.pl\/wp-content\/gallery\/03\/Zdrowy Przedszkolak.jpg\" title=\"\" class=\"shutterset_singlepic10226\" >\n\t<img class=\"ngg-singlepic ngg-center\" src=\"http:\/\/aleksandrow.bimbambino.pl\/wp-content\/gallery\/cache\/10226__425x350_Zdrowy Przedszkolak.jpg\" alt=\"Zdrowy Przedszkolak\" title=\"Zdrowy Przedszkolak\" \/>\n<\/a>\n\n<p>Strona www organizatora <a title=\"http:\/\/www.zdrowyprzedszkolak.org\" href=\"http:\/\/www.zdrowyprzedszkolak.org\" target=\"_blank\">www.zdrowyprzedszkolak.org<\/a><\/p>\n","protected":false},"excerpt":{"rendered":"<p>Zdrowy Przedszkolak _________________________________________________________________________ Nasze Przedszkole uczestniczy w Kampanii na rzecz naturalnej diety w przedszkolu ZdrowyPrzedszkolak.org Celem projektu jest poprawa jako\u015bci od\u017cywiania dzieci przedszkolnych i poszerzenie \u015bwiadomo\u015bci w zakresie naturalnego od\u017cywiania Strona www organizatora www.zdrowyprzedszkolak.org<\/p>\n","protected":false},"author":2,"featured_media":0,"parent":0,"menu_order":0,"comment_status":"closed","ping_status":"closed","template":"","meta":[],"_links":{"self":[{"href":"http:\/\/aleksandrow.bimbambino.pl\/index.php?rest_route=\/wp\/v2\/pages\/1097"}],"collection":[{"href":"http:\/\/aleksandrow.bimbambino.pl\/index.php?rest_route=\/wp\/v2\/pages"}],"about":[{"href":"http:\/\/aleksandrow.bimbambino.pl\/index.php?rest_route=\/wp\/v2\/types\/page"}],"author":[{"embeddable":true,"href":"http:\/\/aleksandrow.bimbambino.pl\/index.php?rest_route=\/wp\/v2\/users\/2"}],"replies":[{"embeddable":true,"href":"http:\/\/aleksandrow.bimbambino.pl\/index.php?rest_route=%2Fwp%2Fv2%2Fcomments&post=1097"}],"version-history":[{"count":1,"href":"http:\/\/aleksandrow.bimbambino.pl\/index.php?rest_route=\/wp\/v2\/pages\/1097\/revisions"}],"predecessor-version":[{"id":1098,"href":"http:\/\/aleksandrow.bimbambino.pl\/index.php?rest_route=\/wp\/v2\/pages\/1097\/revisions\/1098"}],"wp:attachment":[{"href":"http:\/\/aleksandrow.bimbambino.pl\/index.php?rest_route=%2Fwp%2Fv2%2Fmedia&parent=1097"}],"curies":[{"name":"wp","href":"https:\/\/api.w.org\/{rel}","templated":true}]}}